{"id":3633,"date":"2024-12-20T08:35:24","date_gmt":"2024-12-20T08:35:24","guid":{"rendered":"https:\/\/hotelgiotto.com\/orto-botanico-di-padova-un-viaggio-nella-storia-e-nella-natura\/"},"modified":"2025-01-22T08:23:18","modified_gmt":"2025-01-22T08:23:18","slug":"botanischer-garten-von-padua-reise-durch-geschichte-und-natur","status":"publish","type":"page","link":"https:\/\/hotelgiotto.com\/de\/botanischer-garten-von-padua-reise-durch-geschichte-und-natur\/","title":{"rendered":"Botanischer Garten von Padua: Reise durch Geschichte und Natur"},"content":{"rendered":"\n<p>Der Botanische Garten von Padua ist ein au\u00dfergew\u00f6hnlicher Ort, an dem sich Natur, Wissenschaft und Geschichte zu einem einzigartigen Erlebnis verbinden. Gegr\u00fcndet im Jahr <strong>1545<\/strong>, ist er der \u00e4lteste universit\u00e4re botanische Garten der Welt, der sich noch an seinem urspr\u00fcnglichen Standort befindet, und geh\u00f6rt seit 1997 zum <strong>UNESCO-Weltkulturerbe<\/strong>. Im Herzen von Padua gelegen, ist er ein Muss f\u00fcr alle, die die Sch\u00f6nheit und Vielfalt der Biodiversit\u00e4t in einem historischen und kulturell bedeutenden Kontext entdecken m\u00f6chten.<\/p>\n\n\n\n<h3 class=\"wp-block-heading\"><strong>Ein Freiluftmuseum<\/strong><\/h3>\n\n\n\n<p>Ein Besuch im Botanischen Garten von Padua ist wie ein Eintauchen in ein echtes Freiluftmuseum. Der Garten beherbergt eine <strong>au\u00dfergew\u00f6hnliche Sammlung von Pflanzen aus der ganzen Welt<\/strong>, die in Themenbereiche und moderne Gew\u00e4chsh\u00e4user unterteilt sind. Besonders hervorzuheben ist das <strong>tropische Gew\u00e4chshaus<\/strong>, in dem exotische und seltene Arten bewundert werden k\u00f6nnen. Neben den Pflanzen gibt es historische Bauwerke wie den zentralen Brunnen und malerische Wege, die den Spaziergang zu einem unvergesslichen Erlebnis machen.<\/p>\n\n\n\n<h3 class=\"wp-block-heading\"><strong>Forschung und Erhaltung<\/strong><\/h3>\n\n\n\n<p>Der Botanische Garten ist nicht nur ein Ort nat\u00fcrlicher Sch\u00f6nheit, sondern auch ein wichtiges <strong>Zentrum f\u00fcr Forschung und Bildung<\/strong>. Dank der Zusammenarbeit mit der <a href=\"https:\/\/www.unipd.it\/\" target=\"_blank\" rel=\"noopener\">Universit\u00e4t Padua<\/a> spielt er eine entscheidende Rolle bei der Erforschung von Pflanzen und dem Erhalt bedrohter Arten. Er ist daher ein ideales Ziel nicht nur f\u00fcr Naturliebhaber, sondern auch f\u00fcr Familien, Studierende und neugierige Touristen.<\/p>\n\n\n\n<h3 class=\"wp-block-heading\"><strong>\u00dcbernachten Sie im Hotel Giotto in Padua<\/strong><\/h3>\n\n\n\n<p>Wenn Sie im <strong>Hotel Giotto in Padua<\/strong> \u00fcbernachten, ist der Botanische Garten bequem zu Fu\u00df erreichbar. Seine N\u00e4he macht unser Hotel zum<a href=\"https:\/\/hotelgiotto.com\/de\/wie-sie-uns-erreichen\/\"> perfekten Ausgangspunkt,<\/a> um dieses Wunder zu besichtigen. Nach einem Tag inmitten der Natur k\u00f6nnen Sie sich in unseren komfortablen Zimmern entspannen und unsere herzliche Gastfreundschaft genie\u00dfen.<\/p>\n\n\n\n<p>Verpassen Sie nicht die Gelegenheit, dieses einzigartige Juwel der Welt zu entdecken: Der Botanische Garten von Padua erwartet Sie mit unvergesslichen Erlebnissen und Entdeckungen.<\/p>\n\n\n\n<p><strong>Bildquelle<\/strong>: <a href=\"https:\/\/ortobotanico1545.it\/\" target=\"_blank\" rel=\"noopener\">https:\/\/ortobotanico1545.it\/<\/a><\/p>\n","protected":false},"excerpt":{"rendered":"<p>Der Botanische Garten von Padua ist ein au\u00dfergew\u00f6hnlicher Ort, an dem sich Natur, Wissenschaft und Geschichte zu einem einzigartigen Erlebnis verbinden. Gegr\u00fcndet im Jahr 1545, ist er der \u00e4lteste universit\u00e4re botanische Garten der Welt, der sich noch an seinem urspr\u00fcnglichen Standort befindet, und geh\u00f6rt seit 1997 zum UNESCO-Weltkulturerbe. Im Herzen von Padua gelegen, ist er [&hellip;]<\/p>\n","protected":false},"author":1,"featured_media":3556,"parent":0,"menu_order":0,"comment_status":"closed","ping_status":"closed","template":"","meta":{"_acf_changed":false,"footnotes":""},"class_list":["post-3633","page","type-page","status-publish","has-post-thumbnail","hentry"],"acf":[],"_links":{"self":[{"href":"https:\/\/hotelgiotto.com\/de\/wp-json\/wp\/v2\/pages\/3633","targetHints":{"allow":["GET"]}}],"collection":[{"href":"https:\/\/hotelgiotto.com\/de\/wp-json\/wp\/v2\/pages"}],"about":[{"href":"https:\/\/hotelgiotto.com\/de\/wp-json\/wp\/v2\/types\/page"}],"author":[{"embeddable":true,"href":"https:\/\/hotelgiotto.com\/de\/wp-json\/wp\/v2\/users\/1"}],"replies":[{"embeddable":true,"href":"https:\/\/hotelgiotto.com\/de\/wp-json\/wp\/v2\/comments?post=3633"}],"version-history":[{"count":5,"href":"https:\/\/hotelgiotto.com\/de\/wp-json\/wp\/v2\/pages\/3633\/revisions"}],"predecessor-version":[{"id":3788,"href":"https:\/\/hotelgiotto.com\/de\/wp-json\/wp\/v2\/pages\/3633\/revisions\/3788"}],"wp:featuredmedia":[{"embeddable":true,"href":"https:\/\/hotelgiotto.com\/de\/wp-json\/wp\/v2\/media\/3556"}],"wp:attachment":[{"href":"https:\/\/hotelgiotto.com\/de\/wp-json\/wp\/v2\/media?parent=3633"}],"curies":[{"name":"wp","href":"https:\/\/api.w.org\/{rel}","templated":true}]}}