{"id":3647,"date":"2024-12-19T13:46:53","date_gmt":"2024-12-19T13:46:53","guid":{"rendered":"https:\/\/hotelgiotto.com\/il-tuo-hotel-vicino-alla-basilica-di-santantonio-padova\/"},"modified":"2025-03-05T13:48:12","modified_gmt":"2025-03-05T13:48:12","slug":"hotel-bei-der-basilika-heiliger-antonius-in-padua","status":"publish","type":"page","link":"https:\/\/hotelgiotto.com\/de\/hotel-bei-der-basilika-heiliger-antonius-in-padua\/","title":{"rendered":"Hotel bei der Basilika Heiliger Antonius in Padua"},"content":{"rendered":"\n<p>Wenn Sie ein <strong>Hotel bei der Basilika Heiliger Antonius in Padua <\/strong>suchen, ist das <strong>Hotel Giotto<\/strong> die perfekte Wahl f\u00fcr Ihren Aufenthalt. Nur 10 Gehminuten von der weltber\u00fchmten Basilika entfernt, bietet unser Hotel eine ideale Lage, die Komfort und N\u00e4he zu den Hauptattraktionen der Stadt vereint.<\/p>\n\n\n\n<h3 class=\"wp-block-heading\"><strong>Entdecken Sie die Basilika Heiliger Antonius<\/strong><\/h3>\n\n\n\n<p><strong><a href=\"https:\/\/hotelgiotto.com\/de\/basilika-des-heiligen-antonius\/\">Die Basilika Heiliger Antonius<\/a><\/strong>, bekannt als \u201eIl Santo\u201c, ist eines der meistbesuchten religi\u00f6sen, historischen und k\u00fcnstlerischen Wahrzeichen Italiens. Erbaut im 13. Jahrhundert, beherbergt sie die Reliquien des Heiligen Antonius, eines Franziskanerm\u00f6nchs, der weltweit f\u00fcr seine Wunder verehrt wird.<\/p>\n\n\n\n<p>Die Architektur der Basilika ist eine harmonische Mischung aus romanischen, gotischen und byzantinischen Elementen. Zu den H\u00f6hepunkten z\u00e4hlen:<\/p>\n\n\n\n<ul class=\"wp-block-list\">\n<li><strong>Die Schatzkapelle<\/strong>, in der die Reliquien des Heiligen aufbewahrt werden.<\/li>\n\n\n\n<li><strong>Die Fresken der Jakobskapelle<\/strong>, beeindruckende Meisterwerke der mittelalterlichen Kunst.<\/li>\n\n\n\n<li><strong>Der Generalskreuzgang<\/strong>, ein ruhiger Ort, der zur Besinnung einl\u00e4dt.<\/li>\n<\/ul>\n\n\n\n<p>Vom Hotel Giotto aus erreichen Sie die Basilika Heiliger Antonius bequem zu Fu\u00df und k\u00f6nnen die spirituelle Atmosph\u00e4re genie\u00dfen.<\/p>\n\n\n\n<h3 class=\"wp-block-heading\"><strong>Hotel Giotto: Zentrale Lage und Komfort<\/strong><\/h3>\n\n\n\n<p>Das <strong>Hotel Giotto<\/strong> ist ideal f\u00fcr Reisende, die ein <strong>Hotel bei der Basilika Heiliger Antonius in Padua suchen<\/strong>. Dank der zentralen Lage unseres Hotels sind weitere Sehensw\u00fcrdigkeiten wie der Prato della Valle und der Palazzo della Ragione leicht zu erreichen.<\/p>\n\n\n\n<p>Unsere G\u00e4ste sch\u00e4tzen besonders:<\/p>\n\n\n\n<ul class=\"wp-block-list\">\n<li><strong>Komfortable Zimmer<\/strong> mit Klimaanlage, kostenlosem WLAN und Minibar.<\/li>\n\n\n\n<li>Einen <strong>privaten Parkplatz<\/strong> (kostenpflichtig) f\u00fcr Reisende mit dem Auto.<\/li>\n\n\n\n<li><strong>Ein freundliches Team<\/strong>, das stets bem\u00fcht ist, Ihren Aufenthalt so angenehm wie m\u00f6glich zu gestalten.<\/li>\n<\/ul>\n\n\n\n<h3 class=\"wp-block-heading\"><strong>Warum ein Hotel bei der Basilika Heiliger Antonius w\u00e4hlen?<\/strong><\/h3>\n\n\n\n<p>Ein <strong>Hotel bei der <a href=\"https:\/\/hotelgiotto.com\/de\/basilika-des-heiligen-antonius\/\">Basilika Heiliger Antonius<\/a><\/strong> zu w\u00e4hlen, bedeutet, eine der Hauptattraktionen Paduas direkt vor der T\u00fcr zu haben. Im <strong>Hotel Giotto<\/strong> genie\u00dfen Sie nicht nur die N\u00e4he zu den Sehensw\u00fcrdigkeiten, sondern auch erstklassigen Komfort und herzliche Gastfreundschaft.<\/p>\n\n\n\n<h3 class=\"wp-block-heading\"><strong>Entdecken Sie Padua vom Hotel Giotto aus<\/strong><\/h3>\n\n\n\n<p>Neben der Basilika Heiliger Antonius k\u00f6nnen Sie vom Hotel Giotto aus auch weitere H\u00f6hepunkte der Stadt erkunden, darunter:<\/p>\n\n\n\n<ul class=\"wp-block-list\">\n<li><strong><a href=\"https:\/\/hotelgiotto.com\/de\/platz-prato-della-valle-einer-der-groessten-platze-europas\/\">Prato della Valle<\/a><\/strong>, einen der gr\u00f6\u00dften Pl\u00e4tze Europas.<\/li>\n\n\n\n<li><strong><a href=\"https:\/\/hotelgiotto.com\/de\/palazzo-della-ragione-ein-historischer-schatz-von-padua\/\">Palazzo della Ragione<\/a><\/strong>, ein historisches Wahrzeichen Paduas.<\/li>\n\n\n\n<li><strong><a href=\"https:\/\/hotelgiotto.com\/de\/botanischer-garten-von-padua-reise-durch-geschichte-und-natur\/\">Der Botanische Garten<\/a><\/strong>, der \u00e4lteste universit\u00e4re Garten der Welt.<\/li>\n<\/ul>\n\n\n\n<p>Dank der <a href=\"https:\/\/hotelgiotto.com\/de\/wie-sie-uns-erreichen\/\">strategischen Lage<\/a> unseres Hotels ist Padua f\u00fcr Sie in seiner ganzen Sch\u00f6nheit erlebbar.<\/p>\n\n\n\n<p><\/p>\n","protected":false},"excerpt":{"rendered":"<p>Wenn Sie ein Hotel bei der Basilika Heiliger Antonius in Padua suchen, ist das Hotel Giotto die perfekte Wahl f\u00fcr Ihren Aufenthalt. Nur 10 Gehminuten von der weltber\u00fchmten Basilika entfernt, bietet unser Hotel eine ideale Lage, die Komfort und N\u00e4he zu den Hauptattraktionen der Stadt vereint. Entdecken Sie die Basilika Heiliger Antonius Die Basilika Heiliger [&hellip;]<\/p>\n","protected":false},"author":1,"featured_media":3549,"parent":0,"menu_order":0,"comment_status":"closed","ping_status":"closed","template":"","meta":{"_acf_changed":false,"footnotes":""},"class_list":["post-3647","page","type-page","status-publish","has-post-thumbnail","hentry"],"acf":[],"_links":{"self":[{"href":"https:\/\/hotelgiotto.com\/de\/wp-json\/wp\/v2\/pages\/3647","targetHints":{"allow":["GET"]}}],"collection":[{"href":"https:\/\/hotelgiotto.com\/de\/wp-json\/wp\/v2\/pages"}],"about":[{"href":"https:\/\/hotelgiotto.com\/de\/wp-json\/wp\/v2\/types\/page"}],"author":[{"embeddable":true,"href":"https:\/\/hotelgiotto.com\/de\/wp-json\/wp\/v2\/users\/1"}],"replies":[{"embeddable":true,"href":"https:\/\/hotelgiotto.com\/de\/wp-json\/wp\/v2\/comments?post=3647"}],"version-history":[{"count":6,"href":"https:\/\/hotelgiotto.com\/de\/wp-json\/wp\/v2\/pages\/3647\/revisions"}],"predecessor-version":[{"id":4317,"href":"https:\/\/hotelgiotto.com\/de\/wp-json\/wp\/v2\/pages\/3647\/revisions\/4317"}],"wp:featuredmedia":[{"embeddable":true,"href":"https:\/\/hotelgiotto.com\/de\/wp-json\/wp\/v2\/media\/3549"}],"wp:attachment":[{"href":"https:\/\/hotelgiotto.com\/de\/wp-json\/wp\/v2\/media?parent=3647"}],"curies":[{"name":"wp","href":"https:\/\/api.w.org\/{rel}","templated":true}]}}