{"id":3659,"date":"2024-12-19T13:36:51","date_gmt":"2024-12-19T13:36:51","guid":{"rendered":"https:\/\/hotelgiotto.com\/palazzo-della-ragione-uno-dei-tesori-storici-di-padova\/"},"modified":"2025-03-05T14:05:59","modified_gmt":"2025-03-05T14:05:59","slug":"palazzo-della-ragione-ein-historischer-schatz-von-padua","status":"publish","type":"page","link":"https:\/\/hotelgiotto.com\/de\/palazzo-della-ragione-ein-historischer-schatz-von-padua\/","title":{"rendered":"Palazzo della Ragione: Ein Historischer Schatz von Padua"},"content":{"rendered":"\n<p>Der <strong>Palazzo della Ragione<\/strong> ist eines der bekanntesten Wahrzeichen von Padua, ein architektonisches Meisterwerk, das die Geschichte der Stadt erz\u00e4hlt. Im Herzen des historischen Zentrums gelegen, ist dieses imposante mittelalterliche Geb\u00e4ude vom Hotel Giotto aus leicht erreichbar. Das Hotel bietet eine <a href=\"https:\/\/hotelgiotto.com\/de\/wie-sie-uns-erreichen\/\">ideale Lage<\/a>, um Padua und seine Wunder zu entdecken.<\/p>\n\n\n\n<h3 class=\"wp-block-heading\"><strong>Die Geschichte des Palazzo della Ragione<\/strong><\/h3>\n\n\n\n<p>Der <strong>Palazzo della Ragione<\/strong>, erbaut im Jahr 1218, war jahrhundertelang das Zentrum des politischen und kommerziellen Lebens in Padua. Bekannt als \u201eSalone\u201c f\u00fcr seinen majest\u00e4tischen oberen Saal, ist er ber\u00fchmt f\u00fcr seine h\u00f6lzerne Deckenkonstruktion in Form eines Schiffsrumpfs sowie f\u00fcr die mittelalterlichen Fresken, die seine W\u00e4nde schm\u00fccken. Diese Fresken zeigen astrologische Symbole, Mythen und Alltagsszenen.<\/p>\n\n\n\n<p>Das <strong>Hotel Giotto<\/strong> liegt nur wenige Gehminuten vom <strong>Palazzo della Ragione<\/strong> entfernt und erm\u00f6glicht Ihnen, dieses historische Juwel ohne zus\u00e4tzlichen Transportaufwand zu erkunden.<\/p>\n\n\n\n<h3 class=\"wp-block-heading\"><strong>Was gibt es im Palazzo della Ragione zu sehen?<\/strong><\/h3>\n\n\n\n<p>Der <strong>Palazzo della Ragione<\/strong> ist eine wahre Schatzkammer k\u00fcnstlerischer und kultureller Wunder. Zu den Highlights geh\u00f6ren:<\/p>\n\n\n\n<ul class=\"wp-block-list\">\n<li><strong>Der Salone-Saal<\/strong>, einer der gr\u00f6\u00dften in Europa, geschm\u00fcckt mit einzigartigen mittelalterlichen Fresken.<\/li>\n\n\n\n<li><strong>Das Holzpferd<\/strong>, eine Nachbildung der ber\u00fchmten Reiterstatue von Donatello.<\/li>\n\n\n\n<li><strong>Die Loggien und angrenzenden Pl\u00e4tze<\/strong>, die den Palast mit den belebten Piazza delle Erbe und Piazza dei Frutti verbinden, ideal f\u00fcr einen Bummel durch M\u00e4rkte und Gesch\u00e4fte.<\/li>\n<\/ul>\n\n\n\n<p>Vom <strong>Hotel Giotto<\/strong> aus k\u00f6nnen Sie den <strong>Palazzo della Ragione<\/strong>, seine Pl\u00e4tze und andere Sehensw\u00fcrdigkeiten Paduas bequem erreichen.<\/p>\n\n\n\n<h3 class=\"wp-block-heading\"><strong>\u00dcbernachten Sie im Hotel Giotto, um Padua zu erkunden<\/strong><\/h3>\n\n\n\n<p>Das <strong>Hotel Giotto <\/strong>ist die ideale Basis, um den <strong>Palazzo della Ragione<\/strong> und die anderen Sch\u00e4tze der Stadt zu entdecken. Dank der zentralen Lage unseres Hauses k\u00f6nnen Sie Ihren Aufenthalt in Padua optimal genie\u00dfen. Wir bieten:<\/p>\n\n\n\n<ul class=\"wp-block-list\">\n<li>Moderne und komfortable Zimmer.<\/li>\n\n\n\n<li>Kostenloses WLAN.<\/li>\n\n\n\n<li>Einen <a href=\"https:\/\/hotelgiotto.com\/de\/ihr-hotel-im-zentrum-von-padua-mit-parkplatz\/\">privaten Parkplatz<\/a> (gegen Geb\u00fchr) f\u00fcr h\u00f6chsten Komfort.<\/li>\n<\/ul>\n\n\n\n<p>Nach einem Tag voller Entdeckungen im Palazzo della Ragione k\u00f6nnen Sie sich in unseren gem\u00fctlichen Zimmern entspannen und eine ruhige, famili\u00e4re Atmosph\u00e4re genie\u00dfen.<\/p>\n\n\n\n<h3 class=\"wp-block-heading\"><strong>Veranstaltungen und Ausstellungen im Palazzo della Ragione<\/strong><\/h3>\n\n\n\n<p>Der<strong> Palazzo della Ragione<\/strong> ist auch ein bedeutendes kulturelles Zentrum, das das ganze Jahr \u00fcber tempor\u00e4re Ausstellungen, Veranstaltungen und Aktivit\u00e4ten ausrichtet. Wenn Sie im <strong>Hotel Giotto<\/strong> \u00fcbernachten, sind Sie nur wenige Schritte von diesen Highlights entfernt und k\u00f6nnen an exklusiven Events teilnehmen.<\/p>\n","protected":false},"excerpt":{"rendered":"<p>Der Palazzo della Ragione ist eines der bekanntesten Wahrzeichen von Padua, ein architektonisches Meisterwerk, das die Geschichte der Stadt erz\u00e4hlt. Im Herzen des historischen Zentrums gelegen, ist dieses imposante mittelalterliche Geb\u00e4ude vom Hotel Giotto aus leicht erreichbar. Das Hotel bietet eine ideale Lage, um Padua und seine Wunder zu entdecken. Die Geschichte des Palazzo della [&hellip;]<\/p>\n","protected":false},"author":1,"featured_media":3537,"parent":0,"menu_order":0,"comment_status":"closed","ping_status":"closed","template":"","meta":{"_acf_changed":false,"footnotes":""},"class_list":["post-3659","page","type-page","status-publish","has-post-thumbnail","hentry"],"acf":[],"_links":{"self":[{"href":"https:\/\/hotelgiotto.com\/de\/wp-json\/wp\/v2\/pages\/3659","targetHints":{"allow":["GET"]}}],"collection":[{"href":"https:\/\/hotelgiotto.com\/de\/wp-json\/wp\/v2\/pages"}],"about":[{"href":"https:\/\/hotelgiotto.com\/de\/wp-json\/wp\/v2\/types\/page"}],"author":[{"embeddable":true,"href":"https:\/\/hotelgiotto.com\/de\/wp-json\/wp\/v2\/users\/1"}],"replies":[{"embeddable":true,"href":"https:\/\/hotelgiotto.com\/de\/wp-json\/wp\/v2\/comments?post=3659"}],"version-history":[{"count":3,"href":"https:\/\/hotelgiotto.com\/de\/wp-json\/wp\/v2\/pages\/3659\/revisions"}],"predecessor-version":[{"id":3802,"href":"https:\/\/hotelgiotto.com\/de\/wp-json\/wp\/v2\/pages\/3659\/revisions\/3802"}],"wp:featuredmedia":[{"embeddable":true,"href":"https:\/\/hotelgiotto.com\/de\/wp-json\/wp\/v2\/media\/3537"}],"wp:attachment":[{"href":"https:\/\/hotelgiotto.com\/de\/wp-json\/wp\/v2\/media?parent=3659"}],"curies":[{"name":"wp","href":"https:\/\/api.w.org\/{rel}","templated":true}]}}