{"id":3669,"date":"2024-12-19T13:21:53","date_gmt":"2024-12-19T13:21:53","guid":{"rendered":"https:\/\/hotelgiotto.com\/basilica-di-santantonio\/"},"modified":"2025-03-05T13:34:44","modified_gmt":"2025-03-05T13:34:44","slug":"basilika-des-heiligen-antonius","status":"publish","type":"page","link":"https:\/\/hotelgiotto.com\/de\/basilika-des-heiligen-antonius\/","title":{"rendered":"Basilika des Heiligen Antonius: Ein Ikonisches Wahrzeichen im Herzen von Padua"},"content":{"rendered":"\n<p>Die <strong>Basilika des Heiligen Antonius<\/strong>, auch bekannt als \u201eIl Santo\u201c, ist eines der bedeutendsten Reiseziele f\u00fcr Pilger und Touristen, die Padua besuchen. Dieses au\u00dfergew\u00f6hnliche Meisterwerk der Kunst und des Glaubens liegt nur wenige Minuten vom Hotel Giotto entfernt, was unser Haus zum idealen Ausgangspunkt macht, um diese und andere Sehensw\u00fcrdigkeiten der Stadt zu entdecken.<\/p>\n\n\n\n<h3 class=\"wp-block-heading\">Die Geschichte der Basilika des Heiligen Antonius<\/h3>\n\n\n\n<p>Die im 13. Jahrhundert erbaute Basilika wurde errichtet, um die Reliquien des heiligen Antonius, eines ber\u00fchmten Franziskanerm\u00f6nchs und Wundert\u00e4ters, zu beherbergen. Ihre Architektur vereint romanische, gotische und byzantinische Elemente und gilt als echtes Juwel f\u00fcr Kunst- und Geschichtsliebhaber.<\/p>\n\n\n\n<p>J\u00e4hrlich besuchen Millionen von Menschen diese Basilika, um den Heiligen zu verehren und Kunstwerke wie die Fresken von Altichiero da Zevio sowie die Skulpturen von Donatello zu bewundern. Besonders bekannt ist die Reiterstatue von Gattamelata, die sich vor der Basilika befindet.<\/p>\n\n\n\n<h3 class=\"wp-block-heading\">Highlights dieses religi\u00f6sen Denkmals<\/h3>\n\n\n\n<p>Ein Besuch dieser historischen Kirche bietet eine einzigartige Mischung aus Spiritualit\u00e4t und Kunst. Zu den Hauptattraktionen geh\u00f6ren:<\/p>\n\n\n\n<ul class=\"wp-block-list\">\n<li><strong>Die Schatzkapelle<\/strong>, in der die Reliquien des Heiligen aufbewahrt werden.<\/li>\n\n\n\n<li><strong>Die Fresken in der Kapelle des Heiligen Jakobus<\/strong>, ein Meisterwerk der mittelalterlichen Kunst.<\/li>\n\n\n\n<li><strong>Das Grab des Heiligen Antonius<\/strong>, ein Ort der Andacht und des Gebets.<\/li>\n<\/ul>\n\n\n\n<p>Vom <strong>Hotel Giotto <\/strong>aus erreichen Sie die Basilika bequem und k\u00f6nnen sich ausreichend Zeit nehmen, um ihre Sch\u00e4tze zu entdecken.<\/p>\n\n\n\n<h3 class=\"wp-block-heading\">Hotel Giotto: Ihr perfekter Ausgangspunkt f\u00fcr Padua<\/h3>\n\n\n\n<p>Das <strong>Hotel Giotto<\/strong> liegt nur 10 Gehminuten von der Basilika entfernt und bietet eine <a href=\"https:\/\/hotelgiotto.com\/de\/wie-sie-uns-erreichen\/\">strategisch g\u00fcnstige Lage<\/a> f\u00fcr alle, die Spiritualit\u00e4t, Kultur und Entspannung verbinden m\u00f6chten. Nach einem Tag voller Erkundungen der Basilika und der Altstadt von Padua k\u00f6nnen Sie sich in unseren modernen und komfortablen Zimmern entspannen.<\/p>\n\n\n\n<p>Unser Angebot f\u00fcr G\u00e4ste:<\/p>\n\n\n\n<ul class=\"wp-block-list\">\n<li>Klimatisierte Zimmer mit kostenfreiem WLAN.<\/li>\n\n\n\n<li>Ein privater Parkplatz (gegen Geb\u00fchr), ideal f\u00fcr Reisende mit dem Auto.<\/li>\n\n\n\n<li>Eine zentrale Lage, um alle Sehensw\u00fcrdigkeiten von Padua zu entdecken.<\/li>\n<\/ul>\n\n\n\n<h3 class=\"wp-block-heading\">Veranstaltungen und Feiern im Laufe des Jahres<\/h3>\n\n\n\n<p>Die <strong>Basilika des Heiligen Antonius<\/strong> ist das ganze Jahr \u00fcber Schauplatz zahlreicher Veranstaltungen wie liturgischer Feiern, Konzerte und Prozessionen. Ein besonderer H\u00f6hepunkt ist der 13. Juni, der Festtag des Heiligen Antonius. Mit einem Aufenthalt im <strong>Hotel Giotto<\/strong> k\u00f6nnen Sie diese besonderen Erlebnisse ganz bequem genie\u00dfen, dank der N\u00e4he zur Basilika.<\/p>\n","protected":false},"excerpt":{"rendered":"<p>Die Basilika des Heiligen Antonius, auch bekannt als \u201eIl Santo\u201c, ist eines der bedeutendsten Reiseziele f\u00fcr Pilger und Touristen, die Padua besuchen. Dieses au\u00dfergew\u00f6hnliche Meisterwerk der Kunst und des Glaubens liegt nur wenige Minuten vom Hotel Giotto entfernt, was unser Haus zum idealen Ausgangspunkt macht, um diese und andere Sehensw\u00fcrdigkeiten der Stadt zu entdecken. Die [&hellip;]<\/p>\n","protected":false},"author":1,"featured_media":3527,"parent":0,"menu_order":0,"comment_status":"closed","ping_status":"closed","template":"","meta":{"_acf_changed":false,"footnotes":""},"class_list":["post-3669","page","type-page","status-publish","has-post-thumbnail","hentry"],"acf":[],"_links":{"self":[{"href":"https:\/\/hotelgiotto.com\/de\/wp-json\/wp\/v2\/pages\/3669","targetHints":{"allow":["GET"]}}],"collection":[{"href":"https:\/\/hotelgiotto.com\/de\/wp-json\/wp\/v2\/pages"}],"about":[{"href":"https:\/\/hotelgiotto.com\/de\/wp-json\/wp\/v2\/types\/page"}],"author":[{"embeddable":true,"href":"https:\/\/hotelgiotto.com\/de\/wp-json\/wp\/v2\/users\/1"}],"replies":[{"embeddable":true,"href":"https:\/\/hotelgiotto.com\/de\/wp-json\/wp\/v2\/comments?post=3669"}],"version-history":[{"count":4,"href":"https:\/\/hotelgiotto.com\/de\/wp-json\/wp\/v2\/pages\/3669\/revisions"}],"predecessor-version":[{"id":3806,"href":"https:\/\/hotelgiotto.com\/de\/wp-json\/wp\/v2\/pages\/3669\/revisions\/3806"}],"wp:featuredmedia":[{"embeddable":true,"href":"https:\/\/hotelgiotto.com\/de\/wp-json\/wp\/v2\/media\/3527"}],"wp:attachment":[{"href":"https:\/\/hotelgiotto.com\/de\/wp-json\/wp\/v2\/media?parent=3669"}],"curies":[{"name":"wp","href":"https:\/\/api.w.org\/{rel}","templated":true}]}}