{"id":3680,"date":"2024-12-19T13:04:41","date_gmt":"2024-12-19T13:04:41","guid":{"rendered":"https:\/\/hotelgiotto.com\/piazza-prato-della-valle-una-delle-piazze-piu-grandi-deuropa\/"},"modified":"2025-01-21T13:21:45","modified_gmt":"2025-01-21T13:21:45","slug":"platz-prato-della-valle-einer-der-groessten-platze-europas","status":"publish","type":"page","link":"https:\/\/hotelgiotto.com\/de\/platz-prato-della-valle-einer-der-groessten-platze-europas\/","title":{"rendered":"Platz Prato della Valle: Einer der gr\u00f6\u00dften Pl\u00e4tze Europas"},"content":{"rendered":"\n<p>Der<strong> Platz Prato della Valle<\/strong> ist eines der markantesten Wahrzeichen Paduas und gilt als einer der gr\u00f6\u00dften Pl\u00e4tze Europas. Ihre beeindruckende Architektur, die reiche Geschichte und ihre einzigartige Atmosph\u00e4re machen sie zu einem absoluten Muss f\u00fcr alle, die Padua besuchen. Dank ihrer Lage nur 300 Meter vom <strong>Hotel Giotto<\/strong> entfernt, ist sie bequem f\u00fcr unsere G\u00e4ste erreichbar und ein idealer Ausgangspunkt, um die Stadt und ihre Sch\u00e4tze zu entdecken.<\/p>\n\n\n\n<h3 class=\"wp-block-heading\"><strong>Die Geschichte des Platzes Prato della Valle<\/strong><\/h3>\n\n\n\n<p>Im 18. Jahrhundert wurde die Piazza von Andrea Memmo, einem venezianischen Architekten und Politiker, in einen eleganten \u00f6ffentlichen Raum verwandelt. Urspr\u00fcnglich war die Gegend sumpfig, doch Memmo schuf einen kreisf\u00f6rmigen Platz, in dessen Zentrum sich die <strong>Isola Memmia<\/strong> befindet. Diese gr\u00fcne Insel wird von einem Kanal umgeben, der mit 78 Statuen verziert ist. Die Statuen stellen bedeutende Pers\u00f6nlichkeiten aus der Geschichte Paduas dar, darunter Gelehrte, K\u00fcnstler und Adlige. Jede dieser Figuren erz\u00e4hlt einen Teil der Geschichte dieser au\u00dfergew\u00f6hnlichen Stadt.<\/p>\n\n\n\n<h3 class=\"wp-block-heading\"><strong>Sehensw\u00fcrdigkeiten des Platzes Prato della Valle<\/strong><\/h3>\n\n\n\n<p>Der Platz Prato della Valle bietet eine einzigartige Kombination aus Kunst, Geschichte und Entspannung. Zu den wichtigsten Highlights geh\u00f6ren:<\/p>\n\n\n\n<ul class=\"wp-block-list\">\n<li><strong>Die 78 Statuen<\/strong>, die Jahrhunderte von Kunst und Kultur repr\u00e4sentieren.<\/li>\n\n\n\n<li><strong>Die Isola Memmia<\/strong>, ein malerischer Ort zum Entspannen oder f\u00fcr einen Spaziergang.<\/li>\n\n\n\n<li><strong>Die Basilika Santa Giustina<\/strong>, eine pr\u00e4chtige Kirche, die ein herausragendes Beispiel sakraler Architektur darstellt.<\/li>\n<\/ul>\n\n\n\n<p>Dank der strategischen Lage des <strong>Hotel Giotto<\/strong> sind diese Attraktionen leicht zu erreichen. Ob Sie die beeindruckenden Statuen bewundern oder die Ruhe der Isola Memmia genie\u00dfen m\u00f6chten, hier findet jeder etwas Passendes.<\/p>\n\n\n\n<h3 class=\"wp-block-heading\"><strong>Veranstaltungen und Aktivit\u00e4ten<\/strong><\/h3>\n\n\n\n<p>Der<strong> Platz Prato della Valle<\/strong> ist das ganze Jahr \u00fcber Schauplatz von Veranstaltungen wie M\u00e4rkten, Festivals und Ausstellungen. Besonders beliebt ist der Wochenmarkt, der jeden Samstag stattfindet und eine Vielzahl lokaler Produkte bietet. Festivals und kulturelle Events verleihen dem Platz eine lebendige und einladende Atmosph\u00e4reunverzichtbaren Ziel bei Ihrem Besuch in Padua.<\/p>\n","protected":false},"excerpt":{"rendered":"<p>Der Platz Prato della Valle ist eines der markantesten Wahrzeichen Paduas und gilt als einer der gr\u00f6\u00dften Pl\u00e4tze Europas. Ihre beeindruckende Architektur, die reiche Geschichte und ihre einzigartige Atmosph\u00e4re machen sie zu einem absoluten Muss f\u00fcr alle, die Padua besuchen. Dank ihrer Lage nur 300 Meter vom Hotel Giotto entfernt, ist sie bequem f\u00fcr unsere [&hellip;]<\/p>\n","protected":false},"author":1,"featured_media":3515,"parent":0,"menu_order":0,"comment_status":"closed","ping_status":"closed","template":"","meta":{"_acf_changed":false,"footnotes":""},"class_list":["post-3680","page","type-page","status-publish","has-post-thumbnail","hentry"],"acf":[],"_links":{"self":[{"href":"https:\/\/hotelgiotto.com\/de\/wp-json\/wp\/v2\/pages\/3680","targetHints":{"allow":["GET"]}}],"collection":[{"href":"https:\/\/hotelgiotto.com\/de\/wp-json\/wp\/v2\/pages"}],"about":[{"href":"https:\/\/hotelgiotto.com\/de\/wp-json\/wp\/v2\/types\/page"}],"author":[{"embeddable":true,"href":"https:\/\/hotelgiotto.com\/de\/wp-json\/wp\/v2\/users\/1"}],"replies":[{"embeddable":true,"href":"https:\/\/hotelgiotto.com\/de\/wp-json\/wp\/v2\/comments?post=3680"}],"version-history":[{"count":3,"href":"https:\/\/hotelgiotto.com\/de\/wp-json\/wp\/v2\/pages\/3680\/revisions"}],"predecessor-version":[{"id":3772,"href":"https:\/\/hotelgiotto.com\/de\/wp-json\/wp\/v2\/pages\/3680\/revisions\/3772"}],"wp:featuredmedia":[{"embeddable":true,"href":"https:\/\/hotelgiotto.com\/de\/wp-json\/wp\/v2\/media\/3515"}],"wp:attachment":[{"href":"https:\/\/hotelgiotto.com\/de\/wp-json\/wp\/v2\/media?parent=3680"}],"curies":[{"name":"wp","href":"https:\/\/api.w.org\/{rel}","templated":true}]}}