{"id":3692,"date":"2024-12-19T12:39:05","date_gmt":"2024-12-19T12:39:05","guid":{"rendered":"https:\/\/hotelgiotto.com\/il-tuo-hotel-in-centro-a-padova-con-parcheggio\/"},"modified":"2025-03-05T13:45:33","modified_gmt":"2025-03-05T13:45:33","slug":"ihr-hotel-im-zentrum-von-padua-mit-parkplatz","status":"publish","type":"page","link":"https:\/\/hotelgiotto.com\/de\/ihr-hotel-im-zentrum-von-padua-mit-parkplatz\/","title":{"rendered":"Ihr Hotel im Zentrum von Padua mit Parkplatz"},"content":{"rendered":"\n<p>Wenn Sie ein <strong>Hotel im Zentrum von Padua mit Parkplatz<\/strong> suchen, ist das Hotel Giotto die perfekte Wahl f\u00fcr einen komfortablen und stressfreien Aufenthalt. Ideal gelegen, nur wenige Schritte vom <strong><a href=\"https:\/\/hotelgiotto.com\/de\/platz-prato-della-valle-einer-der-groessten-platze-europas\/#\">Prato della Valle<\/a><\/strong> und der ber\u00fchmten <strong><a href=\"https:\/\/hotelgiotto.com\/de\/basilika-des-heiligen-antonius\/\">Basilika des Heiligen Antonius<\/a> <\/strong>entfernt, bietet unser Hotel die Vorteile eines privaten Parkplatzes und die M\u00f6glichkeit, die Stadt bequem zu Fu\u00df zu erkunden.<\/p>\n\n\n\n<h3 class=\"wp-block-heading\"><strong>Privater Parkplatz und moderne Annehmlichkeiten<\/strong><\/h3>\n\n\n\n<p>Einer der gr\u00f6\u00dften Vorteile des Hotel Giotto ist der <a href=\"https:\/\/hotelgiotto.com\/de\/dienste\/\">private, kostenpflichtige Parkplatz<\/a>, der sich direkt neben dem Hotel befindet. Dies macht unser Hotel ideal f\u00fcr Reisende, die mit dem Auto anreisen und im Herzen der Stadt bleiben m\u00f6chten, ohne sich Gedanken \u00fcber die Parkplatzsuche machen zu m\u00fcssen. F\u00fcr umweltbewusste G\u00e4ste bieten wir auch Ladestationen f\u00fcr Elektrofahrzeuge an, um den Aufenthalt noch angenehmer zu gestalten.<\/p>\n\n\n\n<h3 class=\"wp-block-heading\"><strong>Komfortable Zimmer f\u00fcr jeden Bedarf<\/strong><\/h3>\n\n\n\n<p><a href=\"https:\/\/hotelgiotto.com\/de\/zimmer-und-preise\/\">Unsere Zimmer<\/a> sind darauf ausgelegt, maximalen Komfort zu bieten, egal ob Sie gesch\u00e4ftlich oder privat in Padua unterwegs sind. Jede unserer Unterk\u00fcnfte verf\u00fcgt \u00fcber:<\/p>\n\n\n\n<ul class=\"wp-block-list\">\n<li>Klimaanlage f\u00fcr einen angenehmen Aufenthalt<\/li>\n\n\n\n<li>Kostenloses WLAN, um immer verbunden zu bleiben<\/li>\n\n\n\n<li>Minibar f\u00fcr Erfrischungen<\/li>\n\n\n\n<li>Satelliten-TV f\u00fcr Ihre Unterhaltung<\/li>\n<\/ul>\n\n\n\n<p>Mit diesen modernen Annehmlichkeiten garantiert unser<strong> Hotel im Zentrum von Padua mit Parkplatz<\/strong> einen erholsamen Aufenthalt f\u00fcr jeden Gast.<\/p>\n\n\n\n<h3 class=\"wp-block-heading\"><strong>Erkunden Sie Padua zu Fu\u00df<\/strong><\/h3>\n\n\n\n<p>Dank der zentralen Lage des Hotel Giotto k\u00f6nnen Sie die wichtigsten Sehensw\u00fcrdigkeiten Paduas bequem zu Fu\u00df erreichen:<\/p>\n\n\n\n<ul class=\"wp-block-list\">\n<li><strong><a href=\"https:\/\/hotelgiotto.com\/de\/platz-prato-della-valle-einer-der-groessten-platze-europas\/#\">Prato della Valle<\/a><\/strong>, einer der gr\u00f6\u00dften und sch\u00f6nsten Pl\u00e4tze Europas<\/li>\n\n\n\n<li><strong><a href=\"https:\/\/hotelgiotto.com\/de\/basilika-des-heiligen-antonius\/\">Die Basilika des Heiligen Antonius<\/a><\/strong>, ein spirituelles und k\u00fcnstlerisches Highlight<\/li>\n\n\n\n<li><strong>Das historische Zentrum<\/strong>, mit dem <strong><a href=\"https:\/\/hotelgiotto.com\/de\/palazzo-della-ragione-ein-historischer-schatz-von-padua\/\">Palazzo della Ragione<\/a><\/strong> und dem <strong><a href=\"https:\/\/hotelgiotto.com\/de\/botanischer-garten-von-padua-reise-durch-geschichte-und-natur\/\">Botanischen Garten<\/a><\/strong>, dem \u00e4ltesten Universit\u00e4tsgarten der Welt<\/li>\n<\/ul>\n\n\n\n<p>Unser Hotel erm\u00f6glicht Ihnen, die Stadt ohne Stress zu entdecken und ihre Geschichte und Kultur in vollen Z\u00fcgen zu genie\u00dfen.<\/p>\n\n\n\n<h3 class=\"wp-block-heading\"><strong>Warum das Hotel Giotto w\u00e4hlen?<\/strong><\/h3>\n\n\n\n<p>Das Hotel Giotto bietet Ihnen einen sorglosen Aufenthalt mit der Kombination aus privatem Parkplatz und zentraler Lage. Perfekt f\u00fcr Reisende, die moderne Annehmlichkeiten und die N\u00e4he zu den wichtigsten Attraktionen Paduas sch\u00e4tzen, ist unser Hotel der ideale Ausgangspunkt, um die Stadt zu entdecken.<\/p>\n","protected":false},"excerpt":{"rendered":"<p>Wenn Sie ein Hotel im Zentrum von Padua mit Parkplatz suchen, ist das Hotel Giotto die perfekte Wahl f\u00fcr einen komfortablen und stressfreien Aufenthalt. Ideal gelegen, nur wenige Schritte vom Prato della Valle und der ber\u00fchmten Basilika des Heiligen Antonius entfernt, bietet unser Hotel die Vorteile eines privaten Parkplatzes und die M\u00f6glichkeit, die Stadt bequem [&hellip;]<\/p>\n","protected":false},"author":1,"featured_media":3507,"parent":0,"menu_order":0,"comment_status":"closed","ping_status":"closed","template":"","meta":{"_acf_changed":false,"footnotes":""},"class_list":["post-3692","page","type-page","status-publish","has-post-thumbnail","hentry"],"acf":[],"_links":{"self":[{"href":"https:\/\/hotelgiotto.com\/de\/wp-json\/wp\/v2\/pages\/3692","targetHints":{"allow":["GET"]}}],"collection":[{"href":"https:\/\/hotelgiotto.com\/de\/wp-json\/wp\/v2\/pages"}],"about":[{"href":"https:\/\/hotelgiotto.com\/de\/wp-json\/wp\/v2\/types\/page"}],"author":[{"embeddable":true,"href":"https:\/\/hotelgiotto.com\/de\/wp-json\/wp\/v2\/users\/1"}],"replies":[{"embeddable":true,"href":"https:\/\/hotelgiotto.com\/de\/wp-json\/wp\/v2\/comments?post=3692"}],"version-history":[{"count":2,"href":"https:\/\/hotelgiotto.com\/de\/wp-json\/wp\/v2\/pages\/3692\/revisions"}],"predecessor-version":[{"id":3812,"href":"https:\/\/hotelgiotto.com\/de\/wp-json\/wp\/v2\/pages\/3692\/revisions\/3812"}],"wp:featuredmedia":[{"embeddable":true,"href":"https:\/\/hotelgiotto.com\/de\/wp-json\/wp\/v2\/media\/3507"}],"wp:attachment":[{"href":"https:\/\/hotelgiotto.com\/de\/wp-json\/wp\/v2\/media?parent=3692"}],"curies":[{"name":"wp","href":"https:\/\/api.w.org\/{rel}","templated":true}]}}