{"id":3702,"date":"2024-12-19T09:21:00","date_gmt":"2024-12-19T09:21:00","guid":{"rendered":"https:\/\/hotelgiotto.com\/il-tuo-hotel-in-centro-a-padova\/"},"modified":"2025-01-22T10:31:42","modified_gmt":"2025-01-22T10:31:42","slug":"ihr-hotel-im-zentrum-von-padua","status":"publish","type":"page","link":"https:\/\/hotelgiotto.com\/de\/ihr-hotel-im-zentrum-von-padua\/","title":{"rendered":"Ihr Hotel im Zentrum von Padua"},"content":{"rendered":"\n<p>Wenn Sie ein <strong>Hotel im Zentrum von Padua<\/strong> suchen, ist das Hotel Giotto die perfekte Wahl. Mitten im Herzen der Stadt gelegen, nur wenige Schritte von der <strong><a href=\"https:\/\/hotelgiotto.com\/de\/platz-prato-della-valle-einer-der-groessten-platze-europas\/\">Piazza Prato della Valle<\/a><\/strong> und der ber\u00fchmten <strong><a href=\"https:\/\/hotelgiotto.com\/de\/basilika-des-heiligen-antonius\/\">Basilika des Heiligen Antonius<\/a><\/strong> entfernt, bietet unser Hotel eine einzigartige Erfahrung. Dank seiner zentralen Lage sind alle wichtigen Sehensw\u00fcrdigkeiten bequem zu Fu\u00df erreichbar.<\/p>\n\n\n\n<h3 class=\"wp-block-heading\"><strong>Komfort und Strategische Lage in Padua<\/strong><\/h3>\n\n\n\n<p>Das Hotel Giotto geh\u00f6rt zu den besten <strong>Hotels im Zentrum von Padua<\/strong>, da es den Charme historischer Architektur mit modernen Annehmlichkeiten verbindet. <a href=\"https:\/\/hotelgiotto.com\/de\/zimmer-und-preise\/\">Unsere Zimmer<\/a> sind so gestaltet, dass sie einen erholsamen Aufenthalt gew\u00e4hrleisten. Sie sind mit Klimaanlage, kostenlosem WLAN, einer Minibar und Satellitenfernsehen ausgestattet. Unsere zentrale Lage ist ideal f\u00fcr Touristen und Gesch\u00e4ftsreisende gleicherma\u00dfen. Die N\u00e4he zum Krankenhaus und zum Messezentrum von Padua macht unser Hotel besonders praktisch f\u00fcr Berufst\u00e4tige. Kunstliebhaber sch\u00e4tzen die kurze Entfernung (nur 10 Gehminuten) zum <a href=\"https:\/\/www.zabarella.it\/en\/\" target=\"_blank\" rel=\"noopener\">Palazzo Zabarella<\/a>, in dem das ganze Jahr \u00fcber renommierte Ausstellungen stattfinden.<\/p>\n\n\n\n<h3 class=\"wp-block-heading\"><strong>Ma\u00dfgeschneiderte Services<\/strong><\/h3>\n\n\n\n<p>F\u00fcr G\u00e4ste, die mit dem Auto anreisen, bietet das Hotel Giotto einen privaten, kostenpflichtigen Parkplatz in unmittelbarer N\u00e4he. Dieser Service umfasst auch Ladestationen f\u00fcr Elektrofahrzeuge, eine Seltenheit f\u00fcr ein Hotel im Zentrum von Padua. Wir empfehlen, bei der Buchung Ihres Zimmers auch einen Parkplatz zu reservieren, um Ihren Aufenthalt so angenehm wie m\u00f6glich zu gestalten.<\/p>\n\n\n\n<h3 class=\"wp-block-heading\"><strong>Entdecken Sie Padua zu Fu\u00df<\/strong><\/h3>\n\n\n\n<p>Dank seiner zentralen Lage erm\u00f6glicht das Hotel Giotto eine stressfreie Erkundung von Padua. Von unserem Hotel aus erreichen Sie m\u00fchelos:<\/p>\n\n\n\n<ul class=\"wp-block-list\">\n<li><strong><a href=\"https:\/\/hotelgiotto.com\/de\/platz-prato-della-valle-einer-der-groessten-platze-europas\/\">Prato della Valle<\/a><\/strong>, einen der gr\u00f6\u00dften und beeindruckendsten Pl\u00e4tze Europas.<\/li>\n\n\n\n<li><strong><a href=\"https:\/\/hotelgiotto.com\/de\/basilika-des-heiligen-antonius\/\">Die Basilika des Heiligen Antonius<\/a><\/strong>, ein spirituelles und k\u00fcnstlerisches Highlight.<\/li>\n\n\n\n<li><strong>Das historische Zentrum<\/strong>, mit dem <strong><a href=\"https:\/\/hotelgiotto.com\/de\/palazzo-della-ragione-ein-historischer-schatz-von-padua\/\">Palazzo della Ragione<\/a><\/strong> und dem <strong><a href=\"https:\/\/hotelgiotto.com\/de\/botanischer-garten-von-padua-reise-durch-geschichte-und-natur\/\">Botanischen Garten<\/a><\/strong>, dem \u00e4ltesten Universit\u00e4tsgarten der Welt.<\/li>\n<\/ul>\n\n\n\n<h3 class=\"wp-block-heading\"><strong>Warum das Hotel Giotto w\u00e4hlen?<\/strong><\/h3>\n\n\n\n<p>Die Wahl des Hotel Giotto bedeutet, von den Vorteilen eines <strong>Hotels im Zentrum von Padua<\/strong> zu profitieren. Mit moderner Ausstattung, einer unschlagbaren Lage und herzlicher Gastfreundschaft garantieren wir einen unvergesslichen Aufenthalt. Ob f\u00fcr Touristen oder Gesch\u00e4ftsreisende, unser Hotel ist die perfekte Basis, um alles zu entdecken, was Padua zu bieten hat..<\/p>\n","protected":false},"excerpt":{"rendered":"<p>Wenn Sie ein Hotel im Zentrum von Padua suchen, ist das Hotel Giotto die perfekte Wahl. Mitten im Herzen der Stadt gelegen, nur wenige Schritte von der Piazza Prato della Valle und der ber\u00fchmten Basilika des Heiligen Antonius entfernt, bietet unser Hotel eine einzigartige Erfahrung. Dank seiner zentralen Lage sind alle wichtigen Sehensw\u00fcrdigkeiten bequem zu [&hellip;]<\/p>\n","protected":false},"author":1,"featured_media":3490,"parent":0,"menu_order":0,"comment_status":"closed","ping_status":"closed","template":"","meta":{"_acf_changed":false,"footnotes":""},"class_list":["post-3702","page","type-page","status-publish","has-post-thumbnail","hentry"],"acf":[],"_links":{"self":[{"href":"https:\/\/hotelgiotto.com\/de\/wp-json\/wp\/v2\/pages\/3702","targetHints":{"allow":["GET"]}}],"collection":[{"href":"https:\/\/hotelgiotto.com\/de\/wp-json\/wp\/v2\/pages"}],"about":[{"href":"https:\/\/hotelgiotto.com\/de\/wp-json\/wp\/v2\/types\/page"}],"author":[{"embeddable":true,"href":"https:\/\/hotelgiotto.com\/de\/wp-json\/wp\/v2\/users\/1"}],"replies":[{"embeddable":true,"href":"https:\/\/hotelgiotto.com\/de\/wp-json\/wp\/v2\/comments?post=3702"}],"version-history":[{"count":2,"href":"https:\/\/hotelgiotto.com\/de\/wp-json\/wp\/v2\/pages\/3702\/revisions"}],"predecessor-version":[{"id":3819,"href":"https:\/\/hotelgiotto.com\/de\/wp-json\/wp\/v2\/pages\/3702\/revisions\/3819"}],"wp:featuredmedia":[{"embeddable":true,"href":"https:\/\/hotelgiotto.com\/de\/wp-json\/wp\/v2\/media\/3490"}],"wp:attachment":[{"href":"https:\/\/hotelgiotto.com\/de\/wp-json\/wp\/v2\/media?parent=3702"}],"curies":[{"name":"wp","href":"https:\/\/api.w.org\/{rel}","templated":true}]}}