{"id":3711,"date":"2023-10-23T08:42:53","date_gmt":"2023-10-23T08:42:53","guid":{"rendered":"https:\/\/hotelgiotto.com\/vicino-allospedale-di-padova\/"},"modified":"2025-03-05T14:16:28","modified_gmt":"2025-03-05T14:16:28","slug":"hotel-in-der-nahe-des-krankenhauses-von-padua","status":"publish","type":"page","link":"https:\/\/hotelgiotto.com\/de\/hotel-in-der-nahe-des-krankenhauses-von-padua\/","title":{"rendered":"Nahe dem Krankenhaus von Padua"},"content":{"rendered":"\n<p>Unser <strong>Hotel in der N\u00e4he des Krankenhauses von Padua<\/strong> liegt strategisch g\u00fcnstig, nur wenige Schritte vom Krankenhaus entfernt. Es ist die ideale Wahl f\u00fcr alle, die die Stadt f\u00fcr medizinische Untersuchungen besuchen oder ihre Angeh\u00f6rigen begleiten m\u00f6chten.<\/p>\n\n\n\n<p>Im Hotel Giotto genie\u00dfen Sie die Ruhe einer Unterkunft in direkter N\u00e4he zum Krankenhaus und vermeiden den Stress sowie Zeitverlust durch den Stadtverkehr. Wir bieten eine Auswahl an gem\u00fctlichen und gut ausgestatteten Zimmern mit modernem Komfort, um Ihren Aufenthalt so angenehm wie m\u00f6glich zu gestalten.<\/p>\n\n\n\n<h3 class=\"wp-block-heading\">Warum unser Hotel in der N\u00e4he des Krankenhauses von Padua w\u00e4hlen?<\/h3>\n\n\n\n<p><strong><a href=\"https:\/\/hotelgiotto.com\/de\/wie-sie-uns-erreichen\/\">Perfekte Lage<\/a>:<\/strong><br>Unser <strong>Hotel in der N\u00e4he des Krankenhauses von Padua<\/strong> bietet schnellen und bequemen Zugang zu den medizinischen Einrichtungen, w\u00e4hrend Sie in einer ruhigen und entspannten Umgebung wohnen k\u00f6nnen.<\/p>\n\n\n\n<p><strong>Moderner Komfort:<\/strong><br>Unsere Zimmer sind mit kostenlosem WLAN, Klimaanlage und Flachbildfernsehern ausgestattet. Sie wurden so gestaltet, dass sie den Bed\u00fcrfnissen unserer G\u00e4ste entsprechen, ob Sie f\u00fcr medizinische Termine oder zur Unterst\u00fctzung von Angeh\u00f6rigen reisen.<\/p>\n\n\n\n<p><strong>Exzellenter Service:<\/strong><br>Unser professionelles und engagiertes Team steht Ihnen w\u00e4hrend Ihres Aufenthalts zur Verf\u00fcgung und sorgt f\u00fcr eine freundliche und individuelle Betreuung, um Ihren Aufenthalt so angenehm wie m\u00f6glich zu gestalten.<\/p>\n\n\n\n<h3 class=\"wp-block-heading\">Bequeme und stressfreie Unterkunft<\/h3>\n\n\n\n<p>Ein Aufenthalt im Hotel Giotto erm\u00f6glicht es Ihnen, das <a href=\"https:\/\/www.aopd.veneto.it\/\" target=\"_blank\" rel=\"noopener\">Krankenhaus von Padua<\/a> bequem zu Fu\u00df oder mit \u00f6ffentlichen Verkehrsmitteln zu erreichen. Unsere strategische Lage erspart Ihnen den Stress und die M\u00fchen des Stadtverkehrs.<\/p>\n\n\n\n<h3 class=\"wp-block-heading\">Komfort und Annehmlichkeiten<\/h3>\n\n\n\n<p>Unsere Zimmer bieten eine gem\u00fctliche Atmosph\u00e4re und verf\u00fcgen \u00fcber:<\/p>\n\n\n\n<ul class=\"wp-block-list\">\n<li><strong>Kostenloses WLAN<\/strong><\/li>\n\n\n\n<li><strong>Klimaanlage<\/strong><\/li>\n\n\n\n<li><strong>Ein reichhaltiges und abwechslungsreiches Fr\u00fchst\u00fcck<\/strong><\/li>\n<\/ul>\n\n\n\n<p>Zus\u00e4tzlich zur N\u00e4he zum Krankenhaus liegt unser Hotel in einem lebhaften Viertel mit Restaurants, Bars und Gesch\u00e4ften. Zudem befindet sich das historische Zentrum von Padua in unmittelbarer N\u00e4he, ideal, um die Sehensw\u00fcrdigkeiten der Stadt w\u00e4hrend Ihres Aufenthalts zu entdecken.<\/p>\n","protected":false},"excerpt":{"rendered":"<p>Unser Hotel in der N\u00e4he des Krankenhauses von Padua liegt strategisch g\u00fcnstig, nur wenige Schritte vom Krankenhaus entfernt. Es ist die ideale Wahl f\u00fcr alle, die die Stadt f\u00fcr medizinische Untersuchungen besuchen oder ihre Angeh\u00f6rigen begleiten m\u00f6chten. Im Hotel Giotto genie\u00dfen Sie die Ruhe einer Unterkunft in direkter N\u00e4he zum Krankenhaus und vermeiden den Stress [&hellip;]<\/p>\n","protected":false},"author":1,"featured_media":3475,"parent":0,"menu_order":0,"comment_status":"closed","ping_status":"closed","template":"","meta":{"_acf_changed":false,"footnotes":""},"class_list":["post-3711","page","type-page","status-publish","has-post-thumbnail","hentry"],"acf":[],"_links":{"self":[{"href":"https:\/\/hotelgiotto.com\/de\/wp-json\/wp\/v2\/pages\/3711","targetHints":{"allow":["GET"]}}],"collection":[{"href":"https:\/\/hotelgiotto.com\/de\/wp-json\/wp\/v2\/pages"}],"about":[{"href":"https:\/\/hotelgiotto.com\/de\/wp-json\/wp\/v2\/types\/page"}],"author":[{"embeddable":true,"href":"https:\/\/hotelgiotto.com\/de\/wp-json\/wp\/v2\/users\/1"}],"replies":[{"embeddable":true,"href":"https:\/\/hotelgiotto.com\/de\/wp-json\/wp\/v2\/comments?post=3711"}],"version-history":[{"count":4,"href":"https:\/\/hotelgiotto.com\/de\/wp-json\/wp\/v2\/pages\/3711\/revisions"}],"predecessor-version":[{"id":3826,"href":"https:\/\/hotelgiotto.com\/de\/wp-json\/wp\/v2\/pages\/3711\/revisions\/3826"}],"wp:featuredmedia":[{"embeddable":true,"href":"https:\/\/hotelgiotto.com\/de\/wp-json\/wp\/v2\/media\/3475"}],"wp:attachment":[{"href":"https:\/\/hotelgiotto.com\/de\/wp-json\/wp\/v2\/media?parent=3711"}],"curies":[{"name":"wp","href":"https:\/\/api.w.org\/{rel}","templated":true}]}}