{"id":3952,"date":"2025-02-26T09:47:56","date_gmt":"2025-02-26T09:47:56","guid":{"rendered":"https:\/\/hotelgiotto.com\/?page_id=3952"},"modified":"2025-03-05T13:49:47","modified_gmt":"2025-03-05T13:49:47","slug":"die-scrovegni-kapelle","status":"publish","type":"page","link":"https:\/\/hotelgiotto.com\/de\/die-scrovegni-kapelle\/","title":{"rendered":"Die Scrovegni-Kapelle: Giottos Meisterwerk in Padua"},"content":{"rendered":"\n<p>Die <strong><a href=\"https:\/\/www.cappelladegliscrovegni.it\/index.php\/en\/\" data-type=\"link\" data-id=\"https:\/\/www.cappelladegliscrovegni.it\/index.php\/en\/\" target=\"_blank\" rel=\"noopener\">Scrovegni-Kapelle<\/a><\/strong> ist eines der gr\u00f6\u00dften Kunstsch\u00e4tze Italiens, ein <strong>Juwel der Malerei des 14. Jahrhunderts<\/strong>, das sich im Herzen von <strong>Padua<\/strong> befindet. Sie wurde von <strong>Enrico Scrovegni<\/strong> in Auftrag gegeben und zwischen 1303 und 1305 von <strong>Giotto<\/strong> bemalt. Besonders ber\u00fchmt ist sie f\u00fcr ihren <strong>Zyklus \u00fcber das Leben Marias und Christi<\/strong>, eines der bedeutendsten Werke der mittelalterlichen Kunst.<\/p>\n\n\n\n<h3 class=\"wp-block-heading\"><strong>Ein Meisterwerk der Mittelalterlichen Kunst<\/strong><\/h3>\n\n\n\n<p>Die W\u00e4nde der Kapelle sind vollst\u00e4ndig mit Fresken bedeckt, die biblische Geschichten mit einer f\u00fcr die damalige Zeit revolution\u00e4ren Realistik und Ausdruckskraft erz\u00e4hlen. Zu den bekanntesten Szenen geh\u00f6ren <strong>Der Judaskuss<\/strong>, <strong>Die Klage um den toten Christus<\/strong> und das beeindruckende <strong>J\u00fcngste Gericht<\/strong>, das von der monumentalen Christusfigur dominiert wird.<\/p>\n\n\n\n<h3 class=\"wp-block-heading\"><strong>Ein Unvergessliches Erlebnis<\/strong><\/h3>\n\n\n\n<p>Ein Besuch der <strong>Scrovegni-Kapelle<\/strong> bedeutet, in Giottos Genie einzutauchen und seine meisterhafte Verwendung von Perspektive und Farbe zu bestaunen. Um die Fresken zu sch\u00fctzen, ist der Zugang streng reguliert und erfolgt \u00fcber ein kontrolliertes Klimasystem. Eine <strong>vorherige Reservierung wird dringend empfohlen<\/strong>.<\/p>\n\n\n\n<h3 class=\"wp-block-heading\"><strong>\u00dcbernachten Sie im Hotel Giotto in Padua<\/strong><\/h3>\n\n\n\n<p>Das <strong><a href=\"https:\/\/hotelgiotto.com\/de\/\" data-type=\"link\" data-id=\"https:\/\/hotelgiotto.com\/de\/\">Hotel Giotto in Padua<\/a><\/strong> liegt nur wenige Minuten von der <strong>Scrovegni-Kapelle<\/strong> entfernt und ist die perfekte Wahl f\u00fcr alle, die das k\u00fcnstlerische Erbe der Stadt in vollem Komfort erleben m\u00f6chten. Nach einem Tag voller Kunst und Geschichte k\u00f6nnen Sie sich in unseren gem\u00fctlichen Zimmern entspannen und eine unvergessliche Zeit genie\u00dfen.<\/p>\n\n\n\n<p><strong>Entdecken Sie die Magie der Scrovegni-Kapelle und lassen Sie sich von der zeitlosen Sch\u00f6nheit von Giottos Fresken verzaubern.<\/strong><\/p>\n","protected":false},"excerpt":{"rendered":"<p>Die Scrovegni-Kapelle ist eines der gr\u00f6\u00dften Kunstsch\u00e4tze Italiens, ein Juwel der Malerei des 14. Jahrhunderts, das sich im Herzen von Padua befindet. Sie wurde von Enrico Scrovegni in Auftrag gegeben und zwischen 1303 und 1305 von Giotto bemalt. Besonders ber\u00fchmt ist sie f\u00fcr ihren Zyklus \u00fcber das Leben Marias und Christi, eines der bedeutendsten Werke [&hellip;]<\/p>\n","protected":false},"author":1,"featured_media":3948,"parent":0,"menu_order":0,"comment_status":"closed","ping_status":"closed","template":"","meta":{"_acf_changed":false,"footnotes":""},"class_list":["post-3952","page","type-page","status-publish","has-post-thumbnail","hentry"],"acf":[],"_links":{"self":[{"href":"https:\/\/hotelgiotto.com\/de\/wp-json\/wp\/v2\/pages\/3952","targetHints":{"allow":["GET"]}}],"collection":[{"href":"https:\/\/hotelgiotto.com\/de\/wp-json\/wp\/v2\/pages"}],"about":[{"href":"https:\/\/hotelgiotto.com\/de\/wp-json\/wp\/v2\/types\/page"}],"author":[{"embeddable":true,"href":"https:\/\/hotelgiotto.com\/de\/wp-json\/wp\/v2\/users\/1"}],"replies":[{"embeddable":true,"href":"https:\/\/hotelgiotto.com\/de\/wp-json\/wp\/v2\/comments?post=3952"}],"version-history":[{"count":5,"href":"https:\/\/hotelgiotto.com\/de\/wp-json\/wp\/v2\/pages\/3952\/revisions"}],"predecessor-version":[{"id":3971,"href":"https:\/\/hotelgiotto.com\/de\/wp-json\/wp\/v2\/pages\/3952\/revisions\/3971"}],"wp:featuredmedia":[{"embeddable":true,"href":"https:\/\/hotelgiotto.com\/de\/wp-json\/wp\/v2\/media\/3948"}],"wp:attachment":[{"href":"https:\/\/hotelgiotto.com\/de\/wp-json\/wp\/v2\/media?parent=3952"}],"curies":[{"name":"wp","href":"https:\/\/api.w.org\/{rel}","templated":true}]}}