{"id":4033,"date":"2025-02-26T12:37:46","date_gmt":"2025-02-26T12:37:46","guid":{"rendered":"https:\/\/hotelgiotto.com\/?page_id=4033"},"modified":"2025-03-05T14:02:08","modified_gmt":"2025-03-05T14:02:08","slug":"stadtische-museen-der-eremitani","status":"publish","type":"page","link":"https:\/\/hotelgiotto.com\/de\/stadtische-museen-der-eremitani\/","title":{"rendered":"St\u00e4dtische Museen der Eremitani: Eine Reise durch Kunst und Geschichte Paduas"},"content":{"rendered":"\n<p>Die <strong>St\u00e4dtischen <a href=\"https:\/\/padovacultura.padovanet.it\/en\/musei\/city-museums\" data-type=\"link\" data-id=\"https:\/\/padovacultura.padovanet.it\/en\/musei\/city-museums\" target=\"_blank\" rel=\"noopener\">Museen der Eremitani<\/a><\/strong> sind eines der wichtigsten kulturellen Zentren <strong>Paduas<\/strong> und bewahren <strong>Jahrhunderte an Geschichte, Kunst und Arch\u00e4ologie<\/strong>. Direkt neben der <strong>Scrovegni-Kapelle<\/strong> und dem ehemaligen <strong>Eremitani-Kloster<\/strong> gelegen, bieten die Museen eine faszinierende Reise durch das k\u00fcnstlerische und arch\u00e4ologische Erbe der Stadt.<\/p>\n\n\n\n<h3 class=\"wp-block-heading\"><strong>Ein Schatz von Unsch\u00e4tzbarem Wert<\/strong><\/h3>\n\n\n\n<p>Die St\u00e4dtischen Museen der Eremitani umfassen:<\/p>\n\n\n\n<ul class=\"wp-block-list\">\n<li><strong>Das Arch\u00e4ologische Museum<\/strong>, das vor- und r\u00f6mische Artefakte beherbergt, darunter Mosaike, Skulpturen und Objekte, die die alte Geschichte Paduas erz\u00e4hlen.<\/li>\n\n\n\n<li><strong>Das Museum f\u00fcr Mittelalterliche und Moderne Kunst<\/strong>, mit einer beeindruckenden Sammlung von Gem\u00e4lden aus dem <strong>14. bis 19. Jahrhundert<\/strong>, darunter Werke von <strong>Giorgione, Tizian, Tintoretto, Veronese und Giotto<\/strong>.<\/li>\n\n\n\n<li><strong>Die Numismatische Sammlung<\/strong>, mit M\u00fcnzen und Medaillen, die die wirtschaftliche Entwicklung der Region \u00fcber Jahrhunderte hinweg dokumentieren.<\/li>\n<\/ul>\n\n\n\n<h3 class=\"wp-block-heading\"><strong>Ein Zentrum f\u00fcr Kultur und Sch\u00f6nheit<\/strong><\/h3>\n\n\n\n<p>Neben seiner au\u00dfergew\u00f6hnlichen Dauerausstellung veranstalten die St\u00e4dtischen Museen der Eremitani regelm\u00e4\u00dfig <strong>Sonderausstellungen und kulturelle Veranstaltungen<\/strong>, die das k\u00fcnstlerische Angebot der Stadt weiter bereichern. Ein perfekter Ort f\u00fcr alle, die Paduas Geschichte durch Kunst und Arch\u00e4ologie entdecken m\u00f6chten.<\/p>\n\n\n\n<h3 class=\"wp-block-heading\"><strong>Besuchen Sie die Museen und \u00dcbernachten Sie im Hotel Giotto<\/strong><\/h3>\n\n\n\n<p>Nur wenige Minuten von den <strong>St\u00e4dtischen Museen der Eremitani<\/strong> entfernt, ist das <strong><a href=\"https:\/\/hotelgiotto.com\/de\/\" data-type=\"link\" data-id=\"https:\/\/hotelgiotto.com\/de\/\">Hotel Giotto<\/a> in Padua<\/strong> die perfekte Wahl f\u00fcr alle, die sich in das kulturelle Erbe der Stadt vertiefen m\u00f6chten. Nach einem Tag voller Kunst und Geschichte k\u00f6nnen Sie sich in unseren komfortablen Zimmern entspannen und einen unvergesslichen Aufenthalt genie\u00dfen.<\/p>\n\n\n\n<p><strong>Entdecken Sie die St\u00e4dtischen Museen der Eremitani und lassen Sie sich von Paduas historischen und k\u00fcnstlerischen Sch\u00e4tzen verzaubern!<\/strong><\/p>\n","protected":false},"excerpt":{"rendered":"<p>Die St\u00e4dtischen Museen der Eremitani sind eines der wichtigsten kulturellen Zentren Paduas und bewahren Jahrhunderte an Geschichte, Kunst und Arch\u00e4ologie. Direkt neben der Scrovegni-Kapelle und dem ehemaligen Eremitani-Kloster gelegen, bieten die Museen eine faszinierende Reise durch das k\u00fcnstlerische und arch\u00e4ologische Erbe der Stadt. Ein Schatz von Unsch\u00e4tzbarem Wert Die St\u00e4dtischen Museen der Eremitani umfassen: Ein [&hellip;]<\/p>\n","protected":false},"author":1,"featured_media":4029,"parent":0,"menu_order":0,"comment_status":"closed","ping_status":"closed","template":"","meta":{"_acf_changed":false,"footnotes":""},"class_list":["post-4033","page","type-page","status-publish","has-post-thumbnail","hentry"],"acf":[],"_links":{"self":[{"href":"https:\/\/hotelgiotto.com\/de\/wp-json\/wp\/v2\/pages\/4033","targetHints":{"allow":["GET"]}}],"collection":[{"href":"https:\/\/hotelgiotto.com\/de\/wp-json\/wp\/v2\/pages"}],"about":[{"href":"https:\/\/hotelgiotto.com\/de\/wp-json\/wp\/v2\/types\/page"}],"author":[{"embeddable":true,"href":"https:\/\/hotelgiotto.com\/de\/wp-json\/wp\/v2\/users\/1"}],"replies":[{"embeddable":true,"href":"https:\/\/hotelgiotto.com\/de\/wp-json\/wp\/v2\/comments?post=4033"}],"version-history":[{"count":3,"href":"https:\/\/hotelgiotto.com\/de\/wp-json\/wp\/v2\/pages\/4033\/revisions"}],"predecessor-version":[{"id":4048,"href":"https:\/\/hotelgiotto.com\/de\/wp-json\/wp\/v2\/pages\/4033\/revisions\/4048"}],"wp:featuredmedia":[{"embeddable":true,"href":"https:\/\/hotelgiotto.com\/de\/wp-json\/wp\/v2\/media\/4029"}],"wp:attachment":[{"href":"https:\/\/hotelgiotto.com\/de\/wp-json\/wp\/v2\/media?parent=4033"}],"curies":[{"name":"wp","href":"https:\/\/api.w.org\/{rel}","templated":true}]}}