{"id":4085,"date":"2025-02-26T13:30:14","date_gmt":"2025-02-26T13:30:14","guid":{"rendered":"https:\/\/hotelgiotto.com\/?page_id=4085"},"modified":"2025-03-05T13:50:46","modified_gmt":"2025-03-05T13:50:46","slug":"die-specola-von-padua","status":"publish","type":"page","link":"https:\/\/hotelgiotto.com\/de\/die-specola-von-padua\/","title":{"rendered":"Die Specola von Padua: Eine Reise durch Astronomie und Geschichte"},"content":{"rendered":"\n<p>Die <strong><a href=\"https:\/\/www.beniculturali.inaf.it\/eng\/museums\/padova\/\" data-type=\"link\" data-id=\"https:\/\/www.beniculturali.inaf.it\/eng\/museums\/padova\/\" target=\"_blank\" rel=\"noopener\">Specola von Padua<\/a><\/strong> ist eines der faszinierendsten Wahrzeichen der Stadt und ein Muss f\u00fcr Liebhaber der <strong>Astronomie und Wissenschaft<\/strong>. Sie befindet sich im imposanten <strong>Specola-Turm<\/strong>, einem mittelalterlichen Bauwerk am Ufer des <strong>Bacchiglione<\/strong>, und war seit dem 18. Jahrhundert Sitz der <strong>Astronomischen Sternwarte von Padua<\/strong>. Heute beherbergt sie ein Museum, das Jahrhunderte astronomischer Beobachtungen und wissenschaftlicher Entdeckungen pr\u00e4sentiert.<\/p>\n\n\n\n<h3 class=\"wp-block-heading\"><strong>Ein Historisches Zentrum der Astronomischen Forschung<\/strong><\/h3>\n\n\n\n<p>Gegr\u00fcndet im Jahr <strong>1767<\/strong>, war die Specola von Padua \u00fcber zwei Jahrhunderte lang ein bedeutendes Observatorium. Bedeutende Wissenschaftler arbeiteten hier, darunter <strong>Giuseppe Toaldo<\/strong>, der sich mit meteorologischen und atmosph\u00e4rischen Ph\u00e4nomenen befasste, sowie <strong>Giovanni Battista Donati<\/strong>, bekannt f\u00fcr seine Kometenbeobachtungen.<\/p>\n\n\n\n<p>Im Museum k\u00f6nnen Besucher Folgendes entdecken:<\/p>\n\n\n\n<ul class=\"wp-block-list\">\n<li><strong>Historische astronomische Instrumente<\/strong>, darunter alte Teleskope und Messger\u00e4te.<\/li>\n\n\n\n<li><strong>Die Meridiansaal<\/strong>, mit einer beeindruckenden Sonnenuhr, die den Sonnenlauf verfolgt.<\/li>\n\n\n\n<li><strong>Den Observatoriumsturm<\/strong>, von dem aus Astronomen fr\u00fcher den Himmel nach neuen Entdeckungen absuchten.<\/li>\n<\/ul>\n\n\n\n<h3 class=\"wp-block-heading\"><strong>Ein Einzigartiges Erlebnis f\u00fcr Wissenschaftsbegeisterte<\/strong><\/h3>\n\n\n\n<p>Ein Besuch in der <strong>Specola von Padua<\/strong> ist eine Zeitreise durch die Geschichte der Astronomie und zeigt, wie sich die Himmelsbeobachtung \u00fcber die Jahrhunderte entwickelt hat. Das Museum bietet auch <strong>F\u00fchrungen und Bildungsprogramme<\/strong>, die es zu einem idealen Ziel f\u00fcr Familien, Studierende und Wissenschaftsinteressierte machen.<\/p>\n\n\n\n<h3 class=\"wp-block-heading\"><strong>\u00dcbernachten Sie im Hotel Giotto und Erkunden Sie die Specola<\/strong><\/h3>\n\n\n\n<p>Nur wenige Minuten von der <strong>Specola von Padua<\/strong> entfernt, ist das <strong><a href=\"https:\/\/hotelgiotto.com\/de\/\" data-type=\"link\" data-id=\"https:\/\/hotelgiotto.com\/de\/\">Hotel Giotto<\/a><\/strong> die perfekte Wahl f\u00fcr alle, die die Stadt und ihre wissenschaftlichen und kulturellen Sch\u00e4tze erkunden m\u00f6chten. Nach einem Tag voller astronomischer Entdeckungen k\u00f6nnen Sie sich in unseren gem\u00fctlichen Zimmern entspannen und den Charme Paduas genie\u00dfen.<\/p>\n\n\n\n<p><strong>Besuchen Sie die Specola von Padua und lassen Sie sich von der Geschichte der Astronomie begeistern!<\/strong><\/p>\n","protected":false},"excerpt":{"rendered":"<p>Die Specola von Padua ist eines der faszinierendsten Wahrzeichen der Stadt und ein Muss f\u00fcr Liebhaber der Astronomie und Wissenschaft. Sie befindet sich im imposanten Specola-Turm, einem mittelalterlichen Bauwerk am Ufer des Bacchiglione, und war seit dem 18. Jahrhundert Sitz der Astronomischen Sternwarte von Padua. Heute beherbergt sie ein Museum, das Jahrhunderte astronomischer Beobachtungen und [&hellip;]<\/p>\n","protected":false},"author":1,"featured_media":4081,"parent":0,"menu_order":0,"comment_status":"closed","ping_status":"closed","template":"","meta":{"_acf_changed":false,"footnotes":""},"class_list":["post-4085","page","type-page","status-publish","has-post-thumbnail","hentry"],"acf":[],"_links":{"self":[{"href":"https:\/\/hotelgiotto.com\/de\/wp-json\/wp\/v2\/pages\/4085","targetHints":{"allow":["GET"]}}],"collection":[{"href":"https:\/\/hotelgiotto.com\/de\/wp-json\/wp\/v2\/pages"}],"about":[{"href":"https:\/\/hotelgiotto.com\/de\/wp-json\/wp\/v2\/types\/page"}],"author":[{"embeddable":true,"href":"https:\/\/hotelgiotto.com\/de\/wp-json\/wp\/v2\/users\/1"}],"replies":[{"embeddable":true,"href":"https:\/\/hotelgiotto.com\/de\/wp-json\/wp\/v2\/comments?post=4085"}],"version-history":[{"count":2,"href":"https:\/\/hotelgiotto.com\/de\/wp-json\/wp\/v2\/pages\/4085\/revisions"}],"predecessor-version":[{"id":4096,"href":"https:\/\/hotelgiotto.com\/de\/wp-json\/wp\/v2\/pages\/4085\/revisions\/4096"}],"wp:featuredmedia":[{"embeddable":true,"href":"https:\/\/hotelgiotto.com\/de\/wp-json\/wp\/v2\/media\/4081"}],"wp:attachment":[{"href":"https:\/\/hotelgiotto.com\/de\/wp-json\/wp\/v2\/media?parent=4085"}],"curies":[{"name":"wp","href":"https:\/\/api.w.org\/{rel}","templated":true}]}}