{"id":4105,"date":"2025-02-26T13:52:30","date_gmt":"2025-02-26T13:52:30","guid":{"rendered":"https:\/\/hotelgiotto.com\/il-ghetto-ebraico-di-padova\/"},"modified":"2025-03-05T13:43:56","modified_gmt":"2025-03-05T13:43:56","slug":"das-judische-ghetto-von-padua","status":"publish","type":"page","link":"https:\/\/hotelgiotto.com\/de\/das-judische-ghetto-von-padua\/","title":{"rendered":"Das J\u00fcdische Ghetto von Padua: Eine Reise durch Geschichte und Kultur"},"content":{"rendered":"\n<p>Das <strong><a href=\"https:\/\/www.museopadovaebraica.com\/en\/jewish-ghetto\/\" data-type=\"link\" data-id=\"https:\/\/www.museopadovaebraica.com\/en\/jewish-ghetto\/\" target=\"_blank\" rel=\"noopener\">J\u00fcdische Ghetto von Padua<\/a><\/strong> ist ein Ort von gro\u00dfer historischer und kultureller Bedeutung und zeugt von Jahrhunderten j\u00fcdischen Lebens in der Stadt. Es liegt im <a href=\"https:\/\/hotelgiotto.com\/de\/ihr-hotel-im-zentrum-von-padua\/\" data-type=\"link\" data-id=\"https:\/\/hotelgiotto.com\/de\/ihr-hotel-im-zentrum-von-padua\/\"><strong>historischen Zentrum<\/strong> <\/a>zwischen <strong>der Via San Martino e Solferino, der Via delle Piazze und der Via dell\u2019Arco<\/strong> und bewahrt bis heute den Charme seiner <strong>engen Gassen, charakteristischen Geb\u00e4ude und seines reichen j\u00fcdischen Erbes<\/strong>.<\/p>\n\n\n\n<h3 class=\"wp-block-heading\"><strong>Ein Blick in die Geschichte der J\u00fcdischen Gemeinde Paduas<\/strong><\/h3>\n\n\n\n<p>Das Ghetto wurde <strong>1603<\/strong> von der <strong>Republik Venedig<\/strong> eingerichtet, die die j\u00fcdische Gemeinde verpflichtete, in einem abgegrenzten Bereich der Stadt zu leben. Innerhalb seiner Mauern florierten <strong>Synagogen, Schulen und Gesch\u00e4fte<\/strong>, w\u00e4hrend die Tore des Ghettos jede Nacht geschlossen wurden \u2013 bis <strong>1797<\/strong>, als Napoleon die Beschr\u00e4nkungen aufhob.<\/p>\n\n\n\n<p>Heute k\u00f6nnen Besucher folgende Sehensw\u00fcrdigkeiten entdecken:<\/p>\n\n\n\n<ul class=\"wp-block-list\">\n<li><strong>Die Italienische Synagoge<\/strong>, erbaut im <strong>16. Jahrhundert<\/strong>, die noch heute ein aktiver Gebetsort und das Herz der j\u00fcdischen Gemeinde in Padua ist.<\/li>\n\n\n\n<li><strong>Das J\u00fcdische Museum von Padua<\/strong>, das Dokumente, Artefakte und Ausstellungen zur Geschichte der j\u00fcdischen Gemeinde zeigt.<\/li>\n\n\n\n<li><strong>Die charakteristischen Turmh\u00e4user<\/strong>, die in die H\u00f6he gebaut wurden, um die wachsende Bev\u00f6lkerung innerhalb des Ghettos unterzubringen.<\/li>\n<\/ul>\n\n\n\n<h3 class=\"wp-block-heading\"><strong>Ein Ort der Erinnerung und des Kulturellen Austauschs<\/strong><\/h3>\n\n\n\n<p>Das <strong>J\u00fcdische Ghetto von Padua<\/strong> ist nicht nur ein historischer Ort, sondern ein lebendiger Teil der Stadt. Neben seinen historischen Monumenten gibt es heute <strong>Buchhandlungen, Caf\u00e9s und Kunsthandwerksl\u00e4den<\/strong>, die eine einzigartige und authentische Atmosph\u00e4re schaffen.<\/p>\n\n\n\n<h3 class=\"wp-block-heading\"><strong>\u00dcbernachten Sie im Hotel Giotto und Erkunden Sie das Ghetto<\/strong><\/h3>\n\n\n\n<p>Nur wenige Minuten vom <strong>J\u00fcdischen Ghetto von Padua<\/strong> entfernt, ist das <strong><a href=\"https:\/\/hotelgiotto.com\/de\/\" data-type=\"link\" data-id=\"https:\/\/hotelgiotto.com\/de\/\">Hotel Giotto<\/a><\/strong> die perfekte Wahl f\u00fcr alle, die das kulturelle Erbe der Stadt entdecken m\u00f6chten. Nach einem Spaziergang durch die historischen Stra\u00dfen k\u00f6nnen Sie sich in unseren komfortablen Zimmern entspannen und einen einzigartigen Aufenthalt genie\u00dfen.<\/p>\n\n\n\n<p><strong>Entdecken Sie das J\u00fcdische Ghetto von Padua und lassen Sie sich von seiner Geschichte und seiner zeitlosen Atmosph\u00e4re begeistern!<\/strong><\/p>\n","protected":false},"excerpt":{"rendered":"<p>Das J\u00fcdische Ghetto von Padua ist ein Ort von gro\u00dfer historischer und kultureller Bedeutung und zeugt von Jahrhunderten j\u00fcdischen Lebens in der Stadt. Es liegt im historischen Zentrum zwischen der Via San Martino e Solferino, der Via delle Piazze und der Via dell\u2019Arco und bewahrt bis heute den Charme seiner engen Gassen, charakteristischen Geb\u00e4ude und [&hellip;]<\/p>\n","protected":false},"author":1,"featured_media":4101,"parent":0,"menu_order":0,"comment_status":"closed","ping_status":"closed","template":"","meta":{"_acf_changed":false,"footnotes":""},"class_list":["post-4105","page","type-page","status-publish","has-post-thumbnail","hentry"],"acf":[],"_links":{"self":[{"href":"https:\/\/hotelgiotto.com\/de\/wp-json\/wp\/v2\/pages\/4105","targetHints":{"allow":["GET"]}}],"collection":[{"href":"https:\/\/hotelgiotto.com\/de\/wp-json\/wp\/v2\/pages"}],"about":[{"href":"https:\/\/hotelgiotto.com\/de\/wp-json\/wp\/v2\/types\/page"}],"author":[{"embeddable":true,"href":"https:\/\/hotelgiotto.com\/de\/wp-json\/wp\/v2\/users\/1"}],"replies":[{"embeddable":true,"href":"https:\/\/hotelgiotto.com\/de\/wp-json\/wp\/v2\/comments?post=4105"}],"version-history":[{"count":2,"href":"https:\/\/hotelgiotto.com\/de\/wp-json\/wp\/v2\/pages\/4105\/revisions"}],"predecessor-version":[{"id":4116,"href":"https:\/\/hotelgiotto.com\/de\/wp-json\/wp\/v2\/pages\/4105\/revisions\/4116"}],"wp:featuredmedia":[{"embeddable":true,"href":"https:\/\/hotelgiotto.com\/de\/wp-json\/wp\/v2\/media\/4101"}],"wp:attachment":[{"href":"https:\/\/hotelgiotto.com\/de\/wp-json\/wp\/v2\/media?parent=4105"}],"curies":[{"name":"wp","href":"https:\/\/api.w.org\/{rel}","templated":true}]}}