{"id":4125,"date":"2025-02-26T14:17:56","date_gmt":"2025-02-26T14:17:56","guid":{"rendered":"https:\/\/hotelgiotto.com\/?page_id=4125"},"modified":"2025-03-05T14:12:08","modified_gmt":"2025-03-05T14:12:08","slug":"piazza-delle-erbe","status":"publish","type":"page","link":"https:\/\/hotelgiotto.com\/de\/piazza-delle-erbe\/","title":{"rendered":"Piazza delle Erbe: Das Pulsierende Herz von Padua"},"content":{"rendered":"\n<p>Die <strong><a href=\"https:\/\/www.turismopadova.it\/de\/orte\/piazza-delle-erbe\/\" data-type=\"link\" data-id=\"https:\/\/www.turismopadova.it\/de\/orte\/piazza-delle-erbe\/\" target=\"_blank\" rel=\"noopener\">Piazza delle Erbe<\/a><\/strong> ist einer der lebendigsten und charmantesten Pl\u00e4tze in <strong>Padua<\/strong>, ein Ort, der seit Jahrhunderten das soziale und kommerzielle Zentrum der Stadt darstellt. Direkt neben dem <strong><a href=\"https:\/\/hotelgiotto.com\/de\/palazzo-della-ragione-ein-historischer-schatz-von-padua\/\" data-type=\"link\" data-id=\"https:\/\/hotelgiotto.com\/de\/palazzo-della-ragione-ein-historischer-schatz-von-padua\/\">Palazzo della Ragione<\/a><\/strong> gelegen, ist der Platz bekannt f\u00fcr seinen <strong>t\u00e4glichen Markt<\/strong>, seine historischen Caf\u00e9s und seine authentische Atmosph\u00e4re.<\/p>\n\n\n\n<h3 class=\"wp-block-heading\"><strong>Ein Platz voller Geschichte und Tradition<\/strong><\/h3>\n\n\n\n<p>Seit dem <strong>13. Jahrhundert<\/strong> ist die Piazza delle Erbe ein zentraler Treffpunkt f\u00fcr Handel und gesellschaftliches Leben. Auch heute noch findet hier jeden Morgen ein <strong>bunter, lebhafter Markt<\/strong> statt, auf dem frische <strong>Fr\u00fcchte, Gem\u00fcse, Gew\u00fcrze und regionale Produkte<\/strong> angeboten werden \u2013 eine jahrhundertealte Tradition, die fortbesteht.<\/p>\n\n\n\n<p>H\u00f6hepunkte des Platzes:<\/p>\n\n\n\n<ul class=\"wp-block-list\">\n<li><strong>Der Palazzo della Ragione<\/strong>, eines der Wahrzeichen der Stadt mit seinem <strong>gro\u00dfen Freskensaal<\/strong> und einer beeindruckenden Loggia mit Blick auf den Platz.<\/li>\n\n\n\n<li><strong>Die mittelalterlichen und Renaissance-Arkaden<\/strong>, in denen sich Gesch\u00e4fte, Bars und Restaurants befinden \u2013 perfekt f\u00fcr eine Kaffeepause oder einen Aperitif.<\/li>\n\n\n\n<li><strong>Die abendliche Atmosph\u00e4re<\/strong>, wenn Bars und Restaurants erwachen und der Platz zu einem beliebten Treffpunkt f\u00fcr Einheimische und Besucher wird.<\/li>\n<\/ul>\n\n\n\n<h3 class=\"wp-block-heading\"><strong>Ein Unvergessliches Erlebnis in Padua<\/strong><\/h3>\n\n\n\n<p>Die <strong>Piazza delle Erbe<\/strong> ist der ideale Ort, um das echte <strong>Padua<\/strong> zu erleben. Ob beim Bummeln \u00fcber den Markt, beim Aperitif in der Abendsonne oder beim Besuch des <strong>Palazzo della Ragione<\/strong> \u2013 dieser Platz wird Sie mit seiner Energie und seinem zeitlosen Charme begeistern.<\/p>\n\n\n\n<h3 class=\"wp-block-heading\"><strong>\u00dcbernachten Sie im Hotel Giotto und Entdecken Sie Piazza delle Erbe<\/strong><\/h3>\n\n\n\n<p>Nur wenige Minuten von der <strong>Piazza delle Erbe<\/strong> entfernt, ist das <strong><a href=\"https:\/\/hotelgiotto.com\/de\/\" data-type=\"link\" data-id=\"https:\/\/hotelgiotto.com\/de\/\">Hotel Giotto<\/a><\/strong> der perfekte Ausgangspunkt, um die Stadt und ihre historischen Sch\u00e4tze zu erkunden. Nach einem Tag voller Einkaufen, Geschichte und Kultur k\u00f6nnen Sie sich in unseren gem\u00fctlichen Zimmern entspannen und einen unvergesslichen Aufenthalt genie\u00dfen.<\/p>\n\n\n\n<p><strong>Besuchen Sie die Piazza delle Erbe und lassen Sie sich von ihrer einzigartigen Atmosph\u00e4re verzaubern!<\/strong><\/p>\n","protected":false},"excerpt":{"rendered":"<p>Die Piazza delle Erbe ist einer der lebendigsten und charmantesten Pl\u00e4tze in Padua, ein Ort, der seit Jahrhunderten das soziale und kommerzielle Zentrum der Stadt darstellt. Direkt neben dem Palazzo della Ragione gelegen, ist der Platz bekannt f\u00fcr seinen t\u00e4glichen Markt, seine historischen Caf\u00e9s und seine authentische Atmosph\u00e4re. Ein Platz voller Geschichte und Tradition Seit [&hellip;]<\/p>\n","protected":false},"author":1,"featured_media":4121,"parent":0,"menu_order":0,"comment_status":"closed","ping_status":"closed","template":"","meta":{"_acf_changed":false,"footnotes":""},"class_list":["post-4125","page","type-page","status-publish","has-post-thumbnail","hentry"],"acf":[],"_links":{"self":[{"href":"https:\/\/hotelgiotto.com\/de\/wp-json\/wp\/v2\/pages\/4125","targetHints":{"allow":["GET"]}}],"collection":[{"href":"https:\/\/hotelgiotto.com\/de\/wp-json\/wp\/v2\/pages"}],"about":[{"href":"https:\/\/hotelgiotto.com\/de\/wp-json\/wp\/v2\/types\/page"}],"author":[{"embeddable":true,"href":"https:\/\/hotelgiotto.com\/de\/wp-json\/wp\/v2\/users\/1"}],"replies":[{"embeddable":true,"href":"https:\/\/hotelgiotto.com\/de\/wp-json\/wp\/v2\/comments?post=4125"}],"version-history":[{"count":2,"href":"https:\/\/hotelgiotto.com\/de\/wp-json\/wp\/v2\/pages\/4125\/revisions"}],"predecessor-version":[{"id":4135,"href":"https:\/\/hotelgiotto.com\/de\/wp-json\/wp\/v2\/pages\/4125\/revisions\/4135"}],"wp:featuredmedia":[{"embeddable":true,"href":"https:\/\/hotelgiotto.com\/de\/wp-json\/wp\/v2\/media\/4121"}],"wp:attachment":[{"href":"https:\/\/hotelgiotto.com\/de\/wp-json\/wp\/v2\/media?parent=4125"}],"curies":[{"name":"wp","href":"https:\/\/api.w.org\/{rel}","templated":true}]}}