{"id":4248,"date":"2025-02-20T17:58:07","date_gmt":"2025-02-20T17:58:07","guid":{"rendered":"https:\/\/hotelgiotto.com\/palazzo-zabarella-padova\/"},"modified":"2025-03-05T11:17:50","modified_gmt":"2025-03-05T11:17:50","slug":"palazzo-zabarella-padova","status":"publish","type":"page","link":"https:\/\/hotelgiotto.com\/de\/palazzo-zabarella-padova\/","title":{"rendered":"Palazzo Zabarella: Kunstausstellungen nur wenige Schritte vom Hotel Giotto in Padua entfernt"},"content":{"rendered":"\n<h2 class=\"wp-block-heading\">Erleben Sie <strong>Kunst und Kultur im Herzen von Padua<\/strong>, indem Sie im <strong>Hotel Giotto<\/strong> \u00fcbernachten \u2013 nur wenige Gehminuten vom <strong>Palazzo Zabarella<\/strong> entfernt.<\/h2>\n\n\n\n<p>Padua ist eine Stadt voller <strong>Geschichte und Kultur<\/strong>, und eines ihrer k\u00fcnstlerischen Juwelen ist der <strong>Palazzo Zabarella<\/strong>, ein eleganter, historischer Palast im Stadtzentrum. Dieser au\u00dfergew\u00f6hnliche Ausstellungsort beherbergt regelm\u00e4\u00dfig <strong>internationale Kunstausstellungen<\/strong>, die ihn zu einem Muss f\u00fcr Kulturliebhaber machen. Wenn Sie ein <strong>Hotel in der N\u00e4he dieses Museums<\/strong> suchen, ist das <strong>Hotel Giotto<\/strong> die perfekte Wahl: nur wenige Gehminuten vom Museum entfernt, k\u00f6nnen Sie <strong>voll und ganz in die Kunst eintauchen und gleichzeitig den Komfort und die Ruhe eines angenehmen Aufenthalts genie\u00dfen<\/strong>.<\/p>\n\n\n\n<h3 class=\"wp-block-heading\"><strong>Palazzo Zabarella: Eine Reise durch Kunst und Geschichte<\/strong><\/h3>\n\n\n\n<p>Im Herzen von <strong>Padua<\/strong> gelegen, ist dieser renommierte Ausstellungsort f\u00fcr <strong>weltber\u00fchmte K\u00fcnstler und Maler<\/strong> bekannt. Im Laufe der Jahre hat der <strong>Palazzo Zabarella<\/strong> Meisterwerke von <strong>Monet, Degas, Van Gogh und Picasso<\/strong> pr\u00e4sentiert und Besuchern <strong>einzigartige kulturelle Erlebnisse<\/strong> geboten. Die Sch\u00f6nheit seiner S\u00e4le in Verbindung mit <strong>hochwertigen Ausstellungen<\/strong> macht ihn zu einem unverzichtbaren Ort f\u00fcr jeden Padua-Besucher.<\/p>\n\n\n\n<h3 class=\"wp-block-heading\"><strong>Hotel Giotto: Ihr Perfekter Aufenthalt in Padua<\/strong><\/h3>\n\n\n\n<p>Wenn Sie nur wenige Schritte vom <strong>Palazzo Zabarella<\/strong> entfernt \u00fcbernachten m\u00f6chten, bietet das <strong>Hotel Giotto<\/strong>:<\/p>\n\n\n\n<p>\u2705 <strong>Eine strategische Lage<\/strong>, nur wenige Gehminuten vom Museum und den wichtigsten Sehensw\u00fcrdigkeiten der Altstadt entfernt.<br>\u2705 <strong>Komfortable und gem\u00fctliche Zimmer<\/strong>, ideal f\u00fcr eine entspannte Pause nach einem Tag voller Kunst und Kultur.<br>\u2705 <strong>Optimale Erreichbarkeit<\/strong>, mit guter Anbindung an \u00f6ffentliche Verkehrsmittel und Parkm\u00f6glichkeiten f\u00fcr G\u00e4ste mit dem Auto.<br>\u2705 <strong>Eine elegante und ruhige Atmosph\u00e4re<\/strong>, perfekt f\u00fcr ein <strong>kulturelles Erlebnis ohne auf Komfort zu verzichten<\/strong>.<\/p>\n\n\n\n<h3 class=\"wp-block-heading\"><strong>Ausstellungen und Veranstaltungen im Palazzo Zabarella<\/strong><\/h3>\n\n\n\n<p>Jedes Jahr zieht der <strong>Palazzo Zabarella<\/strong> mit seinen <strong>hochkar\u00e4tigen Ausstellungen<\/strong> Tausende von Besuchern an. Vor Ihrer Reise empfehlen wir Ihnen, die <strong><a href=\"https:\/\/www.zabarella.it\/en\" data-type=\"link\" data-id=\"https:\/\/www.zabarella.it\/en\" target=\"_blank\" rel=\"noopener\">offizielle Website des Palazzo Zabarella<\/a><\/strong> zu besuchen, um sich \u00fcber die aktuellen Ausstellungen zu informieren und Tickets im Voraus zu buchen.<\/p>\n\n\n\n<h3 class=\"wp-block-heading\"><strong>Buchen Sie Jetzt Ihren Aufenthalt in Padua!<\/strong><\/h3>\n\n\n\n<p>Wenn Sie eine Reise zum <strong>Palazzo Zabarella<\/strong> planen, buchen Sie Ihren Aufenthalt im <strong><a href=\"https:\/\/hotelgiotto.com\/de\/kontakte\/\" data-type=\"link\" data-id=\"https:\/\/hotelgiotto.com\/de\/kontakte\/\">Hotel Giotto<\/a><\/strong> und nutzen Sie unsere <strong>zentrale Lage<\/strong>, um <strong>Paduas Kunst und Kultur in vollen Z\u00fcgen zu genie\u00dfen<\/strong>. Kontaktieren Sie uns f\u00fcr weitere Informationen und um unsere <strong>exklusiven Angebote<\/strong> zu entdecken!<\/p>\n","protected":false},"excerpt":{"rendered":"<p>Erleben Sie Kunst und Kultur im Herzen von Padua, indem Sie im Hotel Giotto \u00fcbernachten \u2013 nur wenige Gehminuten vom Palazzo Zabarella entfernt. Padua ist eine Stadt voller Geschichte und Kultur, und eines ihrer k\u00fcnstlerischen Juwelen ist der Palazzo Zabarella, ein eleganter, historischer Palast im Stadtzentrum. Dieser au\u00dfergew\u00f6hnliche Ausstellungsort beherbergt regelm\u00e4\u00dfig internationale Kunstausstellungen, die ihn [&hellip;]<\/p>\n","protected":false},"author":1,"featured_media":3922,"parent":0,"menu_order":0,"comment_status":"closed","ping_status":"closed","template":"","meta":{"_acf_changed":false,"footnotes":""},"class_list":["post-4248","page","type-page","status-publish","has-post-thumbnail","hentry"],"acf":[],"_links":{"self":[{"href":"https:\/\/hotelgiotto.com\/de\/wp-json\/wp\/v2\/pages\/4248","targetHints":{"allow":["GET"]}}],"collection":[{"href":"https:\/\/hotelgiotto.com\/de\/wp-json\/wp\/v2\/pages"}],"about":[{"href":"https:\/\/hotelgiotto.com\/de\/wp-json\/wp\/v2\/types\/page"}],"author":[{"embeddable":true,"href":"https:\/\/hotelgiotto.com\/de\/wp-json\/wp\/v2\/users\/1"}],"replies":[{"embeddable":true,"href":"https:\/\/hotelgiotto.com\/de\/wp-json\/wp\/v2\/comments?post=4248"}],"version-history":[{"count":1,"href":"https:\/\/hotelgiotto.com\/de\/wp-json\/wp\/v2\/pages\/4248\/revisions"}],"predecessor-version":[{"id":4259,"href":"https:\/\/hotelgiotto.com\/de\/wp-json\/wp\/v2\/pages\/4248\/revisions\/4259"}],"wp:featuredmedia":[{"embeddable":true,"href":"https:\/\/hotelgiotto.com\/de\/wp-json\/wp\/v2\/media\/3922"}],"wp:attachment":[{"href":"https:\/\/hotelgiotto.com\/de\/wp-json\/wp\/v2\/media?parent=4248"}],"curies":[{"name":"wp","href":"https:\/\/api.w.org\/{rel}","templated":true}]}}