{"id":4346,"date":"2025-03-10T09:02:20","date_gmt":"2025-03-10T09:02:20","guid":{"rendered":"https:\/\/hotelgiotto.com\/piazza-della-frutta\/"},"modified":"2025-03-10T09:16:21","modified_gmt":"2025-03-10T09:16:21","slug":"piazza-della-frutta","status":"publish","type":"page","link":"https:\/\/hotelgiotto.com\/de\/piazza-della-frutta\/","title":{"rendered":"Piazza della Frutta: Der Historische Marktplatz von Padua"},"content":{"rendered":"\n<p>Die <strong>Piazza della Frutta<\/strong> ist einer der \u00e4ltesten und charakteristischsten Pl\u00e4tze <strong>Paduas<\/strong>, ein Ort, der seit Jahrhunderten das <strong>Handelszentrum der Stadt<\/strong> darstellt. Direkt neben dem <strong>Palazzo della Ragione<\/strong> und nur wenige Schritte von der <strong><a href=\"https:\/\/hotelgiotto.com\/de\/piazza-delle-erbe\/\" data-type=\"link\" data-id=\"https:\/\/hotelgiotto.com\/de\/piazza-delle-erbe\/\">Piazza delle Erbe<\/a><\/strong> entfernt, ist sie bekannt f\u00fcr ihren <strong>t\u00e4glichen Markt<\/strong>, der die Stadt mit Farben, D\u00fcften und lokalen Traditionen erf\u00fcllt.<\/p>\n\n\n\n<h3 class=\"wp-block-heading\"><strong>Eine Einzigartige Atmosph\u00e4re zwischen Geschichte und Handel<\/strong><\/h3>\n\n\n\n<p>Seit dem <strong>13. Jahrhundert<\/strong> ist die Piazza della Frutta ein wichtiger Handelsplatz in Padua, wo Kaufleute <strong>Gew\u00fcrze, Stoffe und Lebensmittel<\/strong> verkauften. Auch heute noch erwacht der Platz jeden Morgen mit <strong>Marktst\u00e4nden voller frischer Fr\u00fcchte, Gem\u00fcse, Blumen und regionaler Spezialit\u00e4ten<\/strong> zum Leben \u2013 ein authentisches Erlebnis f\u00fcr Besucher.<\/p>\n\n\n\n<p>Besondere Merkmale des Platzes:<\/p>\n\n\n\n<ul class=\"wp-block-list\">\n<li><strong>Der Palazzo della Ragione<\/strong>, der mit seinem beeindruckenden <strong>freskengeschm\u00fcckten Saal<\/strong> und seiner malerischen Loggia den Platz dominiert.<\/li>\n\n\n\n<li><strong>Die historischen Arkaden und Gesch\u00e4fte<\/strong>, wo Sie lokale Delikatessen und handwerkliche Produkte entdecken k\u00f6nnen.<\/li>\n\n\n\n<li><strong>Der lebhafte t\u00e4gliche Markt<\/strong>, der den Platz zu einem beliebten Treffpunkt f\u00fcr Einheimische und Touristen macht.<\/li>\n<\/ul>\n\n\n\n<h3 class=\"wp-block-heading\"><strong>Piazza della Frutta: Ein Muss in Padua<\/strong><\/h3>\n\n\n\n<p>Ein Spaziergang zwischen den Marktst\u00e4nden auf der <strong>Piazza della Frutta<\/strong> bedeutet, in das <strong>t\u00e4gliche Leben Paduas<\/strong> einzutauchen, authentische Aromen zu genie\u00dfen und die pulsierende Atmosph\u00e4re aufzusaugen. Am Abend verwandelt sich der Platz in eine bezaubernde Kulisse, ideal f\u00fcr einen <strong>Aperitif<\/strong> in einem der vielen Bars und Caf\u00e9s.<\/p>\n\n\n\n<h3 class=\"wp-block-heading\"><strong>\u00dcbernachten Sie im Hotel Giotto und Erkunden Sie die Piazza della Frutta<\/strong><\/h3>\n\n\n\n<p>Nur wenige Minuten von der <strong>Piazza della Frutta<\/strong> entfernt, ist das <strong>Hotel Giotto<\/strong> die perfekte Wahl, um das historische Zentrum und seine Sehensw\u00fcrdigkeiten zu erkunden. Nach einem Tag voller M\u00e4rkte und Monumente entspannen Sie in unseren komfortablen Zimmern und genie\u00dfen die einzigartige Gastfreundschaft Paduas.<\/p>\n\n\n\n<p><strong>Entdecken Sie die Piazza della Frutta und lassen Sie sich von ihrer Geschichte und lebendigen Atmosph\u00e4re begeistern!<\/strong><\/p>\n","protected":false},"excerpt":{"rendered":"<p>Die Piazza della Frutta ist einer der \u00e4ltesten und charakteristischsten Pl\u00e4tze Paduas, ein Ort, der seit Jahrhunderten das Handelszentrum der Stadt darstellt. Direkt neben dem Palazzo della Ragione und nur wenige Schritte von der Piazza delle Erbe entfernt, ist sie bekannt f\u00fcr ihren t\u00e4glichen Markt, der die Stadt mit Farben, D\u00fcften und lokalen Traditionen erf\u00fcllt. [&hellip;]<\/p>\n","protected":false},"author":1,"featured_media":4356,"parent":0,"menu_order":0,"comment_status":"closed","ping_status":"closed","template":"","meta":{"_acf_changed":false,"footnotes":""},"class_list":["post-4346","page","type-page","status-publish","has-post-thumbnail","hentry"],"acf":[],"_links":{"self":[{"href":"https:\/\/hotelgiotto.com\/de\/wp-json\/wp\/v2\/pages\/4346","targetHints":{"allow":["GET"]}}],"collection":[{"href":"https:\/\/hotelgiotto.com\/de\/wp-json\/wp\/v2\/pages"}],"about":[{"href":"https:\/\/hotelgiotto.com\/de\/wp-json\/wp\/v2\/types\/page"}],"author":[{"embeddable":true,"href":"https:\/\/hotelgiotto.com\/de\/wp-json\/wp\/v2\/users\/1"}],"replies":[{"embeddable":true,"href":"https:\/\/hotelgiotto.com\/de\/wp-json\/wp\/v2\/comments?post=4346"}],"version-history":[{"count":4,"href":"https:\/\/hotelgiotto.com\/de\/wp-json\/wp\/v2\/pages\/4346\/revisions"}],"predecessor-version":[{"id":4366,"href":"https:\/\/hotelgiotto.com\/de\/wp-json\/wp\/v2\/pages\/4346\/revisions\/4366"}],"wp:featuredmedia":[{"embeddable":true,"href":"https:\/\/hotelgiotto.com\/de\/wp-json\/wp\/v2\/media\/4356"}],"wp:attachment":[{"href":"https:\/\/hotelgiotto.com\/de\/wp-json\/wp\/v2\/media?parent=4346"}],"curies":[{"name":"wp","href":"https:\/\/api.w.org\/{rel}","templated":true}]}}