{"id":5069,"date":"2025-09-12T12:39:03","date_gmt":"2025-09-12T12:39:03","guid":{"rendered":"https:\/\/hotelgiotto.com\/?page_id=5069"},"modified":"2025-09-22T08:04:56","modified_gmt":"2025-09-22T08:04:56","slug":"wo-kann-man-in-padua-einen-aperitif-geniessen","status":"publish","type":"page","link":"https:\/\/hotelgiotto.com\/de\/wo-kann-man-in-padua-einen-aperitif-geniessen\/","title":{"rendered":"Wo kann man in Padua einen Aperitif genie\u00dfen?"},"content":{"rendered":"\n<h2 class=\"wp-block-heading\">Padua ist eine Stadt mit vielen Gesichtern: Kunst, Kultur, Spiritualit\u00e4t \u2013 aber auch Geselligkeit, Geschmack und authentische Freuden. <\/h2>\n\n\n\n<p>Einer der beliebtesten Momente unter den Paduanern \u2013 und zunehmend auch unter Reisenden \u2013 ist zweifellos der Aperitivo. Wenn Sie sich fragen, Wo kann man in Padua einen Aperitif genie\u00dfen k\u00f6nnen, haben Sie viele M\u00f6glichkeiten. Ob klassischer Spritz, ein Glas Wein aus den Euganeischen H\u00fcgeln oder ein gut gemixter Americano \u2013 das Ritual findet auf den Piazzas, in modernen Bacari und in den authentischsten Tavernen statt.<\/p>\n\n\n\n<p>Wenn Sie im Hotel Giotto \u00fcbernachten, im Herzen der Stadt, erreichen Sie bequem die authentischsten Lokale, um diese Tradition wie ein Einheimischer zu erleben.<\/p>\n\n\n\n<h3 class=\"wp-block-heading\">Die venezianische Aperitif-Tradition: Cicchetti und Geselligkeit<\/h3>\n\n\n\n<p>Im Veneto ist der Aperitif weit mehr als nur \u201eein Drink vor dem Abendessen\u201c: Es ist ein gesellschaftlicher Moment, tief verwurzelt im Alltag. Der unangefochtene Star ist der Spritz, der genau hier in dieser Region entstanden ist. Die Paduaner Version wird traditionell mit Select zubereitet, einem etwas bittereren und intensiveren Lik\u00f6r im Vergleich zum bekannten Aperol, und wird oft mit einer Olive serviert.<\/p>\n\n\n\n<p>Dazu gibt es Cicchetti: kleine H\u00e4ppchen, die an der Theke oder am Tisch serviert werden \u2013 Crostini mit Stockfischcreme, Sardinen in saor, Fleischb\u00e4llchen, belegte Br\u00f6tchen, Omeletts, Aufschnitt und K\u00e4se. Jede Bar hat ihre eigene Auswahl \u2013 Vielfalt ist Teil des Vergn\u00fcgens!<\/p>\n\n\n\n<h3 class=\"wp-block-heading\">Die besten Orte f\u00fcr einen Aperitif in Padua<\/h3>\n\n\n\n<h4 class=\"wp-block-heading\"><a href=\"https:\/\/hotelgiotto.com\/de\/piazza-dei-signori\/\" data-type=\"page\" data-id=\"4203\">Piazza dei Signori<\/a> \u2013 Eleganz und historische Atmosph\u00e4re<\/h4>\n\n\n\n<ul class=\"wp-block-list\">\n<li><strong>Bar Nazionale<\/strong><br>Beliebtes Ziel mit eleganter Terrasse mit Blick auf die Uhrturm-Piazza. Raffinierte Spritz-Cocktails, hochwertige Platten und erstklassiger Service.<\/li>\n\n\n\n<li><strong>Caff\u00e8 Diemme Italian Bar<\/strong><br>Modern und stilvoll, bietet originelle Cocktails, Gourmet-Cicchetti und eine feine Weinauswahl.<\/li>\n<\/ul>\n\n\n\n<h4 class=\"wp-block-heading\"><a href=\"https:\/\/hotelgiotto.com\/de\/piazza-delle-erbe\/\" data-type=\"page\" data-id=\"4125\">Piazza delle Erbe<\/a> &amp; Piazza della Frutta \u2013 Lebendig &amp; geschmackvoll<\/h4>\n\n\n\n<ul class=\"wp-block-list\">\n<li><strong>Enoteca La Yarda<\/strong><br>Einladend und kreativ \u2013 Bio-Weine und raffinierte kleine Gerichte, inspiriert von traditionellen Cicchetti.<\/li>\n\n\n\n<li><strong>Bar dei Osei<\/strong><br>Traditioneller Treffpunkt f\u00fcr unkomplizierte Aperitifs mit lokalem Wein in geselliger Atmosph\u00e4re.<\/li>\n<\/ul>\n\n\n\n<h4 class=\"wp-block-heading\"><a href=\"https:\/\/hotelgiotto.com\/de\/basilika-des-heiligen-antonius\/\" data-type=\"page\" data-id=\"3669\">Via del Santo<\/a> \u2013 Nur wenige Schritte vom Hotel entfernt<\/h4>\n\n\n\n<ul class=\"wp-block-list\">\n<li><strong>Il Venexian<\/strong><br>Ein Hauch von Venedig in Padua \u2013 hausgemachte Cicchetti und famili\u00e4re Atmosph\u00e4re.<\/li>\n\n\n\n<li><strong><a href=\"https:\/\/hotelgiotto.com\/de\/caffe-pedrocchi\/\" data-type=\"page\" data-id=\"3981\">Caff\u00e8 Pedrocchi<\/a> (Bar-Bereich)<\/strong><br>Ein geschichtstr\u00e4chtiges Kaffeehaus mit informellem Barbereich \u2013 ideal f\u00fcr einen Aperitif in einem ikonischen Rahmen.<\/li>\n<\/ul>\n\n\n\n<h4 class=\"wp-block-heading\">Porta Portello \u2013 Junge Stimmung am Kanal<\/h4>\n\n\n\n<ul class=\"wp-block-list\">\n<li><strong>Osteria L\u2019Anfora<\/strong><br>Studentenfreundlich, gro\u00dfz\u00fcgige Portionen, entspannte Stimmung und g\u00fcnstige Preise direkt am Wasser.<\/li>\n\n\n\n<li><strong>Barco Teatro<\/strong><br>Kultureller Raum mit alternativen Aperitifs, Bio-Cicchetti und origineller Atmosph\u00e4re im Gr\u00fcnen.<\/li>\n<\/ul>\n\n\n\n<h3 class=\"wp-block-heading\">Hotel Giotto: Alles in der N\u00e4he \u2013 Perfekt zum Entspannen nach dem Aperitif<\/h3>\n\n\n\n<ul class=\"wp-block-list\">\n<li>Komfortable, moderne Zimmer<\/li>\n\n\n\n<li>Klimaanlage &amp; kostenloses WLAN<\/li>\n\n\n\n<li>Privatparkplatz verf\u00fcgbar<\/li>\n\n\n\n<li>Zentrale Lage, um die Stadt zu Fu\u00df zu erkunden<\/li>\n<\/ul>\n\n\n\n<p>Buchen Sie jetzt Ihren Aufenthalt im <a href=\"https:\/\/hotelgiotto.com\/de\/ihr-hotel-im-zentrum-von-padua\/\" data-type=\"page\" data-id=\"3702\">Hotel Giotto<\/a> und entdecken Sie den wahren Geschmack von Padua \u2013 vom ersten Spritz bis zur letzten Gute-Nacht-Tasse.<\/p>\n\n\n\n<p><\/p>\n","protected":false},"excerpt":{"rendered":"<p>Padua ist eine Stadt mit vielen Gesichtern: Kunst, Kultur, Spiritualit\u00e4t \u2013 aber auch Geselligkeit, Geschmack und authentische Freuden. Einer der beliebtesten Momente unter den Paduanern \u2013 und zunehmend auch unter Reisenden \u2013 ist zweifellos der Aperitivo. Wenn Sie sich fragen, Wo kann man in Padua einen Aperitif genie\u00dfen k\u00f6nnen, haben Sie viele M\u00f6glichkeiten. Ob klassischer [&hellip;]<\/p>\n","protected":false},"author":1,"featured_media":4951,"parent":0,"menu_order":0,"comment_status":"closed","ping_status":"closed","template":"","meta":{"_acf_changed":false,"footnotes":""},"class_list":["post-5069","page","type-page","status-publish","has-post-thumbnail","hentry"],"acf":[],"_links":{"self":[{"href":"https:\/\/hotelgiotto.com\/de\/wp-json\/wp\/v2\/pages\/5069","targetHints":{"allow":["GET"]}}],"collection":[{"href":"https:\/\/hotelgiotto.com\/de\/wp-json\/wp\/v2\/pages"}],"about":[{"href":"https:\/\/hotelgiotto.com\/de\/wp-json\/wp\/v2\/types\/page"}],"author":[{"embeddable":true,"href":"https:\/\/hotelgiotto.com\/de\/wp-json\/wp\/v2\/users\/1"}],"replies":[{"embeddable":true,"href":"https:\/\/hotelgiotto.com\/de\/wp-json\/wp\/v2\/comments?post=5069"}],"version-history":[{"count":4,"href":"https:\/\/hotelgiotto.com\/de\/wp-json\/wp\/v2\/pages\/5069\/revisions"}],"predecessor-version":[{"id":5290,"href":"https:\/\/hotelgiotto.com\/de\/wp-json\/wp\/v2\/pages\/5069\/revisions\/5290"}],"wp:featuredmedia":[{"embeddable":true,"href":"https:\/\/hotelgiotto.com\/de\/wp-json\/wp\/v2\/media\/4951"}],"wp:attachment":[{"href":"https:\/\/hotelgiotto.com\/de\/wp-json\/wp\/v2\/media?parent=5069"}],"curies":[{"name":"wp","href":"https:\/\/api.w.org\/{rel}","templated":true}]}}