{"id":5085,"date":"2025-09-12T13:23:18","date_gmt":"2025-09-12T13:23:18","guid":{"rendered":"https:\/\/hotelgiotto.com\/?page_id=5085"},"modified":"2025-09-22T08:06:00","modified_gmt":"2025-09-22T08:06:00","slug":"was-man-abends-in-padua-sehen-kann","status":"publish","type":"page","link":"https:\/\/hotelgiotto.com\/de\/was-man-abends-in-padua-sehen-kann\/","title":{"rendered":"Was man abends in Padua sehen kann: Orte und Stimmungen, die man nicht verpassen sollte"},"content":{"rendered":"\n<p>Wenn die Sonne untergeht und sich das Licht auf den Pflastersteinen der historischen Pl\u00e4tze spiegelt, zeigt sich Padua von seiner stimmungsvollsten Seite. Wenn du dich fragst,&nbsp;<strong>was man abends in Padua sehen kann<\/strong>, sei dir sicher: Die Stadt schl\u00e4ft nie wirklich. Beleuchtete Monumente, gem\u00fctliche Lokale, kulturelle Veranstaltungen und romantische Ecken erwarten dich an jeder Ecke.<\/p>\n\n\n\n<h3 class=\"wp-block-heading\">Beleuchtete Monumente: Zauber unter Sternen<\/h3>\n\n\n\n<p>Ein besonders eindrucksvolles Erlebnis in Padua ist es, die&nbsp;<strong>beleuchteten historischen Monumente<\/strong>&nbsp;zu bewundern. Vom Hotel Giotto aus erreichst du in wenigen Minuten zu Fu\u00df:<\/p>\n\n\n\n<ul class=\"wp-block-list\">\n<li><strong>Die <a href=\"https:\/\/hotelgiotto.com\/de\/basilika-des-heiligen-antonius\/\" data-type=\"page\" data-id=\"3669\">Basilika des Heiligen Antonius<\/a><\/strong>, die abends dank sanfter Beleuchtung eine fast mystische Aura erh\u00e4lt.<\/li>\n\n\n\n<li><strong><a href=\"https:\/\/hotelgiotto.com\/de\/platz-prato-della-valle-einer-der-groessten-platze-europas\/\" data-type=\"page\" data-id=\"3680\">Prato della Valle<\/a><\/strong>, der gr\u00f6\u00dfte elliptische Platz Italiens, wo Statuen und der zentrale Kanal die Nachtlichter spiegeln und eine zauberhafte Atmosph\u00e4re schaffen.<\/li>\n\n\n\n<li><strong>Der <a href=\"https:\/\/hotelgiotto.com\/de\/palazzo-della-ragione-ein-historischer-schatz-von-padua\/\" data-type=\"page\" data-id=\"3659\">Palazzo della Ragione<\/a><\/strong>, zwischen Piazza delle Erbe und Piazza della Frutta, wirkt im Abendlicht noch majest\u00e4tischer.<\/li>\n<\/ul>\n\n\n\n<p>Diese Orte sind perfekt f\u00fcr einen entspannten Spaziergang oder eindrucksvolle Fotos.<\/p>\n\n\n\n<h3 class=\"wp-block-heading\">Pl\u00e4tze und Lokale: Das Abendleben der Paduaner<\/h3>\n\n\n\n<p>Nach Sonnenuntergang erwachen die<a href=\"https:\/\/hotelgiotto.com\/de\/piazza-delle-erbe\/\" data-type=\"page\" data-id=\"4125\">\u00a0<strong>Pl\u00e4tze der Altstadt<\/strong><\/a>\u00a0zum Leben. Piazza delle Erbe und Piazza dei Signori werden zum pulsierenden Zentrum des Nachtlebens, wo sich Studenten, Touristen und Einheimische auf einen Aperitif, ein Abendessen oder einen Drink treffen.<\/p>\n\n\n\n<ul class=\"wp-block-list\">\n<li>Das ber\u00fchmte\u00a0<strong><a href=\"https:\/\/www.caffepedrocchi.it\/en\/\" data-type=\"link\" data-id=\"https:\/\/www.caffepedrocchi.it\/en\/\" target=\"_blank\" rel=\"noopener\">Caff\u00e8 Pedrocchi<\/a><\/strong>, bis sp\u00e4t ge\u00f6ffnet und ideal f\u00fcr einen Kaffee oder Cocktail in historischem Ambiente.<\/li>\n\n\n\n<li>Zahlreiche Bars und Osterien rund um die\u00a0<strong>Via Roma<\/strong>\u00a0und\u00a0<strong>Via Umberto I<\/strong>, perfekt um typische Gerichte Venetiens zu genie\u00dfen.<\/li>\n<\/ul>\n\n\n\n<p>Am Abend zeigt Padua seine junge, lebendige, aber stets elegante und einladende Seite.<\/p>\n\n\n\n<h3 class=\"wp-block-heading\">Romantische Stimmung: Padua zu zweit<\/h3>\n\n\n\n<p>Padua eignet sich auch hervorragend f\u00fcr einen&nbsp;<strong>romantischen Abendspaziergang<\/strong>. Vom Ponte Molino bis zum j\u00fcdischen Ghetto \u2013 an jeder Ecke entdeckt man architektonische Details, sanfte Beleuchtung und kostbare Ruhe. Selbst ein Spaziergang entlang der mittelalterlichen Mauern oder unter den Arkaden der Via del Santo kann zu einem besonderen Moment werden.<\/p>\n\n\n\n<p>Wenn du als Paar reist, empfehlen wir den Abend mit einem&nbsp;<strong>Dinner auf einer Terrasse mit Blick auf die Altstadt<\/strong>&nbsp;ausklingen zu lassen \u2013 der perfekte Abschluss f\u00fcr einen sch\u00f6nen Tag.<\/p>\n\n\n\n<h3 class=\"wp-block-heading\">Abendveranstaltungen und Kultur<\/h3>\n\n\n\n<p>Das ganze Jahr \u00fcber bietet Padua ein vielf\u00e4ltiges Abendprogramm:<\/p>\n\n\n\n<ul class=\"wp-block-list\">\n<li><strong>Konzerte und Theaterauff\u00fchrungen<\/strong>\u00a0im Teatro Verdi oder Gran Teatro Geox.<\/li>\n\n\n\n<li><strong>Open-Air-Kino<\/strong>\u00a0in den Sommermonaten.<\/li>\n\n\n\n<li><strong>Abendliche Ausstellungen<\/strong>\u00a0in historischen Geb\u00e4uden wie dem Palazzo Zabarella, manchmal bis sp\u00e4t abends ge\u00f6ffnet.<\/li>\n<\/ul>\n\n\n\n<p>Ein Blick in den Veranstaltungskalender lohnt sich, um herauszufinden, was w\u00e4hrend deines Aufenthalts geboten wird.<\/p>\n\n\n\n<h3 class=\"wp-block-heading\">Hotel Giotto: Dein Ausgangspunkt f\u00fcr den Abend<\/h3>\n\n\n\n<p>Gelegen am\u00a0<strong>Piazza Pontecorvo 33<\/strong>, nur wenige Minuten von der Basilika des Heiligen Antonius entfernt, bietet das\u00a0<strong><a href=\"https:\/\/hotelgiotto.com\/de\/ihr-hotel-im-zentrum-von-padua\/\" data-type=\"page\" data-id=\"3702\">Hotel Giotto<\/a><\/strong>\u00a0die M\u00f6glichkeit, Padua nach Sonnenuntergang ganz entspannt zu genie\u00dfen \u2013 ganz ohne Taxi oder \u00f6ffentliche Verkehrsmittel. Von hier aus erreichst du alles zu Fu\u00df und kannst den Abend gem\u00fctlich ausklingen lassen.<\/p>\n\n\n\n<ul class=\"wp-block-list\">\n<li><strong>Zentrale Lage<\/strong>, perfekt f\u00fcr Erkundungen auch am Abend.<\/li>\n\n\n\n<li><strong>Ruhige und komfortable Zimmer<\/strong>, ideal zur Erholung nach einem langen Tag.<\/li>\n\n\n\n<li><strong>Privatparkplatz verf\u00fcgbar<\/strong>, bequem f\u00fcr alle, die mit dem Auto anreisen.<\/li>\n<\/ul>\n\n\n\n<h3 class=\"wp-block-heading\">Fazit<\/h3>\n\n\n\n<p>Wenn du dich fragst,&nbsp;<strong>was man abends in Padua sehen kann<\/strong>, lautet die Antwort: eine Menge. Lebendige Pl\u00e4tze, beleuchtete Monumente, abendliche Kultur und regionale K\u00fcche \u2013 jeder Abend kann anders und besonders sein. Und mit dem Hotel Giotto hast du all das direkt vor der T\u00fcr.<\/p>\n","protected":false},"excerpt":{"rendered":"<p>Wenn die Sonne untergeht und sich das Licht auf den Pflastersteinen der historischen Pl\u00e4tze spiegelt, zeigt sich Padua von seiner stimmungsvollsten Seite. Wenn du dich fragst,&nbsp;was man abends in Padua sehen kann, sei dir sicher: Die Stadt schl\u00e4ft nie wirklich. Beleuchtete Monumente, gem\u00fctliche Lokale, kulturelle Veranstaltungen und romantische Ecken erwarten dich an jeder Ecke. Beleuchtete [&hellip;]<\/p>\n","protected":false},"author":1,"featured_media":4962,"parent":0,"menu_order":0,"comment_status":"closed","ping_status":"closed","template":"","meta":{"_acf_changed":false,"footnotes":""},"class_list":["post-5085","page","type-page","status-publish","has-post-thumbnail","hentry"],"acf":[],"_links":{"self":[{"href":"https:\/\/hotelgiotto.com\/de\/wp-json\/wp\/v2\/pages\/5085","targetHints":{"allow":["GET"]}}],"collection":[{"href":"https:\/\/hotelgiotto.com\/de\/wp-json\/wp\/v2\/pages"}],"about":[{"href":"https:\/\/hotelgiotto.com\/de\/wp-json\/wp\/v2\/types\/page"}],"author":[{"embeddable":true,"href":"https:\/\/hotelgiotto.com\/de\/wp-json\/wp\/v2\/users\/1"}],"replies":[{"embeddable":true,"href":"https:\/\/hotelgiotto.com\/de\/wp-json\/wp\/v2\/comments?post=5085"}],"version-history":[{"count":3,"href":"https:\/\/hotelgiotto.com\/de\/wp-json\/wp\/v2\/pages\/5085\/revisions"}],"predecessor-version":[{"id":5293,"href":"https:\/\/hotelgiotto.com\/de\/wp-json\/wp\/v2\/pages\/5085\/revisions\/5293"}],"wp:featuredmedia":[{"embeddable":true,"href":"https:\/\/hotelgiotto.com\/de\/wp-json\/wp\/v2\/media\/4962"}],"wp:attachment":[{"href":"https:\/\/hotelgiotto.com\/de\/wp-json\/wp\/v2\/media?parent=5085"}],"curies":[{"name":"wp","href":"https:\/\/api.w.org\/{rel}","templated":true}]}}