{"id":5131,"date":"2025-09-15T08:25:51","date_gmt":"2025-09-15T08:25:51","guid":{"rendered":"https:\/\/hotelgiotto.com\/?page_id=5131"},"modified":"2025-09-22T08:11:10","modified_gmt":"2025-09-22T08:11:10","slug":"was-man-in-padua-in-zwei-tagen-unternehmen-kann","status":"publish","type":"page","link":"https:\/\/hotelgiotto.com\/de\/was-man-in-padua-in-zwei-tagen-unternehmen-kann\/","title":{"rendered":"Was man in Padua in zwei Tagen unternehmen kann: Das Beste der Stadt bequem entdecken"},"content":{"rendered":"\n<h2 class=\"wp-block-heading\"><strong>Padua in zwei Tagen<\/strong>\u00a0zu erleben bedeutet, eine Stadt voller Geschichte, Kunst und Tradition zu entdecken.<\/h2>\n\n\n\n<p>Von UNESCO-Welterbest\u00e4tten bis hin zu authentischen Ecken der Altstadt \u2013 ein Wochenende reicht aus, um das Wesen Paduas zu erfassen, besonders mit einem Aufenthalt im zentral gelegenen\u00a0<strong>Hotel Giotto<\/strong>\u00a0in der\u00a0<strong>Pl. Pontecorvo, 33<\/strong>, nur wenige Gehminuten von den wichtigsten Sehensw\u00fcrdigkeiten entfernt.<\/p>\n\n\n\n<h2 class=\"wp-block-heading\">Basilika des Heiligen Antonius: Das spirituelle Herz Paduas<\/h2>\n\n\n\n<p>Die\u00a0<strong><a href=\"https:\/\/hotelgiotto.com\/de\/basilika-des-heiligen-antonius\/\" data-type=\"page\" data-id=\"3669\">Basilika des Heiligen Antonius<\/a><\/strong>, einfach \u201eIl Santo\u201c genannt, ist eines der bedeutendsten Pilgerziele Europas. Sie wurde im 13. Jahrhundert errichtet, um die Gebeine des ber\u00fchmten Franziskanerm\u00f6nchs aufzubewahren, und vereint romanische, gotische und byzantinische Elemente in einzigartiger Weise.<\/p>\n\n\n\n<p>Im Inneren kann man das\u00a0<strong>Grab des Heiligen<\/strong>\u00a0und wertvolle mittelalterliche Fresken bewundern; drau\u00dfen empf\u00e4ngt Donatellos\u00a0<strong>Reiterstatue des Gattamelata<\/strong>\u00a0die Besucher. Vom\u00a0<strong><a href=\"https:\/\/hotelgiotto.com\/de\/ihr-hotel-im-zentrum-von-padua\/\" data-type=\"page\" data-id=\"3702\">Hotel Giotto<\/a><\/strong>\u00a0aus ist es ein kurzer Spaziergang zu diesem eindrucksvollen Ort der Kunst und des Glaubens.<\/p>\n\n\n\n<h2 class=\"wp-block-heading\">Botanischer Garten: Ein UNESCO-Juwel<\/h2>\n\n\n\n<p>Der\u00a0<strong><a href=\"https:\/\/hotelgiotto.com\/de\/botanischer-garten-von-padua-reise-durch-geschichte-und-natur\/\" data-type=\"page\" data-id=\"3633\">Botanische Garten<\/a> von Padua<\/strong>, gegr\u00fcndet 1545, ist der \u00e4lteste seiner Art am Originalstandort. Tropenh\u00e4user, seltene Pflanzen und Themenwege bieten eine faszinierende Mischung aus Wissenschaft und Natur \u2013 perfekt f\u00fcr eine entspannte Pause im Gr\u00fcnen.<\/p>\n\n\n\n<p>Die N\u00e4he zum&nbsp;<strong>Hotel Giotto<\/strong>&nbsp;erm\u00f6glicht es, ihn bequem ins Programm aufzunehmen \u2013 ganz ohne lange Wege, ideal zur Kombination von Kultur und Entspannung.<\/p>\n\n\n\n<h2 class=\"wp-block-heading\">Prato della Valle und die historischen Pl\u00e4tze<\/h2>\n\n\n\n<p><strong><a href=\"https:\/\/hotelgiotto.com\/de\/platz-prato-della-valle-einer-der-groessten-platze-europas\/\" data-type=\"page\" data-id=\"3680\">Prato della Valle<\/a><\/strong>\u00a0ist einer der gr\u00f6\u00dften Pl\u00e4tze Europas \u2013 eine gr\u00fcne Ellipse mit Kanal und Statuen, sehr beliebt zum Flanieren und f\u00fcr Wochenendm\u00e4rkte.<\/p>\n\n\n\n<p>Von hier aus gelangt man zu den\u00a0<strong><a href=\"https:\/\/hotelgiotto.com\/de\/piazza-delle-erbe\/\" data-type=\"page\" data-id=\"4125\">Pl\u00e4tzen Piazza delle Erbe<\/a> und <a href=\"https:\/\/hotelgiotto.com\/de\/piazza-della-frutta\/\" data-type=\"page\" data-id=\"4346\">Piazza della Frutta<\/a><\/strong>, die seit Jahrhunderten das kommerzielle Zentrum Paduas bilden. Zwischen Marktst\u00e4nden und D\u00fcften erlebt man das authentische Stadtleben. In der N\u00e4he zeugt der\u00a0<strong>Palazzo della Ragione<\/strong>\u00a0mit seinem beeindruckenden Freskensaal von der mittelalterlichen Bedeutung der Stadt.<\/p>\n\n\n\n<h2 class=\"wp-block-heading\">Scrovegni-Kapelle: Giottos Meisterwerk<\/h2>\n\n\n\n<p>Kein Besuch in Padua ist komplett ohne die\u00a0<strong><a href=\"https:\/\/hotelgiotto.com\/de\/die-scrovegni-kapelle\/\" data-type=\"page\" data-id=\"3952\">Scrovegni-Kapelle<\/a><\/strong>, die mit Fresken von Giotto geschm\u00fcckt ist. Die biblischen Szenen und intensiven Farben bleiben unvergesslich. Der Eintritt erfolgt nur\u00a0<strong>mit Reservierung<\/strong>\u00a0und beinhaltet auch die\u00a0<strong><a href=\"https:\/\/www.cappelladegliscrovegni.it\/index.php\/en\/\" target=\"_blank\" data-type=\"link\" data-id=\"https:\/\/www.cappelladegliscrovegni.it\/index.php\/en\/\" rel=\"noreferrer noopener\">Eremitani-Museen<\/a><\/strong>\u00a0mit arch\u00e4ologischen Funden und venezianischer Kunst.<\/p>\n\n\n\n<h2 class=\"wp-block-heading\">Caff\u00e8 Pedrocchi und MUSME: Zwei kulturelle Highlights<\/h2>\n\n\n\n<p>Das&nbsp;<strong>Caff\u00e8 Pedrocchi<\/strong>, seit 1831 ge\u00f6ffnet, ist eine Institution: Hier genie\u00dft man historische S\u00e4le und den ber\u00fchmten \u201ePedrocchino\u201c. Nur wenige Schritte entfernt bietet das&nbsp;<strong>MUSME \u2013 Museum f\u00fcr Medizingeschichte<\/strong>&nbsp;eine interaktive Ausstellung f\u00fcr jedes Alter \u2013 Wissenschaft zum Anfassen.<\/p>\n\n\n\n<h2 class=\"wp-block-heading\">Hotel Giotto: Die perfekte Basis f\u00fcr zwei Tage in Padua<\/h2>\n\n\n\n<p>Ein Aufenthalt im\u00a0<strong><a href=\"https:\/\/hotelgiotto.com\/de\/\" target=\"_blank\" data-type=\"link\" data-id=\"https:\/\/hotelgiotto.com\/de\/\" rel=\"noreferrer noopener\">Hotel Giotto<\/a><\/strong>\u00a0bedeutet, Padua stressfrei zu entdecken. Zu Fu\u00df gelangt man zur Basilika, zum Botanischen Garten und zum Prato della Valle. Komfortable Zimmer,\u00a0<strong>kostenfreies WLAN<\/strong>\u00a0und\u00a0<strong>privater Parkplatz (auf Anfrage)<\/strong>\u00a0machen den Aufenthalt angenehm und praktisch.<\/p>\n\n\n\n<h2 class=\"wp-block-heading\">Fazit: Ein unvergessliches Wochenende<\/h2>\n\n\n\n<p>Ein Besuch in&nbsp;<strong>Padua in zwei Tagen<\/strong>&nbsp;bietet eine ideale Mischung aus Meisterwerken wie der Scrovegni-Kapelle, spirituellen Orten wie der Basilika und lebendigen Pl\u00e4tzen. Mit dem&nbsp;<strong>Hotel Giotto<\/strong>&nbsp;als Ausgangspunkt wird das Wochenende komfortabel, intensiv und unvergesslich.<\/p>\n\n\n\n<p><\/p>\n","protected":false},"excerpt":{"rendered":"<p>Padua in zwei Tagen\u00a0zu erleben bedeutet, eine Stadt voller Geschichte, Kunst und Tradition zu entdecken. Von UNESCO-Welterbest\u00e4tten bis hin zu authentischen Ecken der Altstadt \u2013 ein Wochenende reicht aus, um das Wesen Paduas zu erfassen, besonders mit einem Aufenthalt im zentral gelegenen\u00a0Hotel Giotto\u00a0in der\u00a0Pl. Pontecorvo, 33, nur wenige Gehminuten von den wichtigsten Sehensw\u00fcrdigkeiten entfernt. Basilika [&hellip;]<\/p>\n","protected":false},"author":1,"featured_media":4992,"parent":0,"menu_order":0,"comment_status":"closed","ping_status":"closed","template":"","meta":{"_acf_changed":false,"footnotes":""},"class_list":["post-5131","page","type-page","status-publish","has-post-thumbnail","hentry"],"acf":[],"_links":{"self":[{"href":"https:\/\/hotelgiotto.com\/de\/wp-json\/wp\/v2\/pages\/5131","targetHints":{"allow":["GET"]}}],"collection":[{"href":"https:\/\/hotelgiotto.com\/de\/wp-json\/wp\/v2\/pages"}],"about":[{"href":"https:\/\/hotelgiotto.com\/de\/wp-json\/wp\/v2\/types\/page"}],"author":[{"embeddable":true,"href":"https:\/\/hotelgiotto.com\/de\/wp-json\/wp\/v2\/users\/1"}],"replies":[{"embeddable":true,"href":"https:\/\/hotelgiotto.com\/de\/wp-json\/wp\/v2\/comments?post=5131"}],"version-history":[{"count":2,"href":"https:\/\/hotelgiotto.com\/de\/wp-json\/wp\/v2\/pages\/5131\/revisions"}],"predecessor-version":[{"id":5300,"href":"https:\/\/hotelgiotto.com\/de\/wp-json\/wp\/v2\/pages\/5131\/revisions\/5300"}],"wp:featuredmedia":[{"embeddable":true,"href":"https:\/\/hotelgiotto.com\/de\/wp-json\/wp\/v2\/media\/4992"}],"wp:attachment":[{"href":"https:\/\/hotelgiotto.com\/de\/wp-json\/wp\/v2\/media?parent=5131"}],"curies":[{"name":"wp","href":"https:\/\/api.w.org\/{rel}","templated":true}]}}