{"id":4628,"date":"2024-12-19T13:21:53","date_gmt":"2024-12-19T13:21:53","guid":{"rendered":"https:\/\/hotelgiotto.com\/basilica-di-santantonio\/"},"modified":"2025-09-03T09:24:35","modified_gmt":"2025-09-03T09:24:35","slug":"basilica-de-san-antonio-un-lugar-iconico-en-el-corazon-de-padua","status":"publish","type":"page","link":"https:\/\/hotelgiotto.com\/es\/basilica-de-san-antonio-un-lugar-iconico-en-el-corazon-de-padua\/","title":{"rendered":"Bas\u00edlica de San Antonio: un lugar ic\u00f3nico en el coraz\u00f3n de Padua"},"content":{"rendered":"\n<p>La <strong>Bas\u00edlica de San Antonio<\/strong>, conocida tambi\u00e9n como \u00abIl Santo\u00bb, es uno de los destinos m\u00e1s importantes para peregrinos y turistas que visitan Padua. Este extraordinario templo, s\u00edntesis de arte y fe, se encuentra a pocos minutos a pie del <strong>Hotel Giotto<\/strong>, lo que convierte nuestra ubicaci\u00f3n en el punto de partida ideal para descubrir esta y otras maravillas de la ciudad.<\/p>\n\n\n\n<h2 class=\"wp-block-heading\"><strong>La historia de la Bas\u00edlica de San Antonio<\/strong><\/h2>\n\n\n\n<p>La <strong>Bas\u00edlica de San Antonio<\/strong> fue construida en el siglo XIII para albergar las reliquias de San Antonio, el c\u00e9lebre fraile franciscano conocido por sus milagros. El edificio, que mezcla elementos rom\u00e1nicos, g\u00f3ticos y bizantinos, es una aut\u00e9ntica joya arquitect\u00f3nica.<br><br>Cada a\u00f1o, millones de peregrinos acuden para venerar al santo y admirar obras como los frescos de Altichiero da Zevio y las esculturas de Donatello, incluida la famosa estatua ecuestre del Gattamelata situada frente a la bas\u00edlica.<\/p>\n\n\n\n<h3 class=\"wp-block-heading\"><strong>Qu\u00e9 ver en la Bas\u00edlica<\/strong><\/h3>\n\n\n\n<p>Visitar la <strong>Bas\u00edlica de San Antonio<\/strong> significa sumergirse en un lugar de espiritualidad y arte. Entre los puntos de inter\u00e9s destacan:<\/p>\n\n\n\n<ul class=\"wp-block-list\">\n<li><strong>la Capilla del Tesoro<\/strong>, donde se conservan las reliquias del santo.<\/li>\n\n\n\n<li><strong>los frescos de la Capilla de Santiago<\/strong>, aut\u00e9nticas obras maestras del arte medieval.<\/li>\n\n\n\n<li><strong>la Tumba de San Antonio<\/strong>, meta de oraci\u00f3n y devoci\u00f3n.<\/li>\n<\/ul>\n\n\n\n<p>Aloj\u00e1ndose en el Hotel Giotto, podr\u00e1 llegar f\u00e1cilmente a la bas\u00edlica y tomarse su tiempo para explorar sus tesoros.<\/p>\n\n\n\n<h3 class=\"wp-block-heading\"><strong>La Bas\u00edlica y el Hotel Giotto: una estancia perfecta<\/strong><\/h3>\n\n\n\n<p>L\u2019<strong>Hotel Giotto<\/strong> si trova a soli 10 minuti a piedi dalla <strong>Basilica di Sant\u2019Antonio<\/strong>, in una <a href=\"https:\/\/hotelgiotto.com\/es\/contactos\/\">posizione strategica<\/a> per chi desidera unire spiritualit\u00e0, cultura e relax. Dopo una giornata trascorsa a visitare la basilica e il centro storico di Padova, potrai tornare nella nostra struttura per rilassarti in camere moderne e confortevoli.<\/p>\n\n\n\n<p>Ofrecemos a nuestros hu\u00e9spedes:<\/p>\n\n\n\n<ul class=\"wp-block-list\">\n<li>Habitaciones equipadas con aire acondicionado y Wi-Fi gratuito.<\/li>\n\n\n\n<li>Un aparcamiento privado de pago, ideal para los que llegan en coche.<\/li>\n\n\n\n<li>Una ubicaci\u00f3n c\u00e9ntrica para explorar todas las atracciones de Padua.<\/li>\n<\/ul>\n\n\n\n<h3 class=\"wp-block-heading\"><strong>Eventos y devoci\u00f3n<\/strong><\/h3>\n\n\n\n<p>A lo largo del a\u00f1o, la <strong><a href=\"https:\/\/www.santantonio.org\/it\/basilica\" target=\"_blank\" rel=\"noopener\">Bas\u00edlica de San Antonio<\/a> <\/strong>acoge celebraciones lit\u00fargicas, conciertos y procesiones, con un momento especialmente sentido el 13 de junio, d\u00eda de la fiesta del santo. Alojarte en el <strong>Hotel Giotto<\/strong> te permitir\u00e1 vivir estas experiencias con total comodidad gracias a la cercan\u00eda.<\/p>\n","protected":false},"excerpt":{"rendered":"<p>La Bas\u00edlica de San Antonio, conocida tambi\u00e9n como \u00abIl Santo\u00bb, es uno de los destinos m\u00e1s importantes para peregrinos y turistas que visitan Padua. Este extraordinario templo, s\u00edntesis de arte y fe, se encuentra a pocos minutos a pie del Hotel Giotto, lo que convierte nuestra ubicaci\u00f3n en el punto de partida ideal para descubrir [&hellip;]<\/p>\n","protected":false},"author":1,"featured_media":4629,"parent":0,"menu_order":0,"comment_status":"closed","ping_status":"closed","template":"","meta":{"_acf_changed":false,"footnotes":""},"class_list":["post-4628","page","type-page","status-publish","has-post-thumbnail","hentry"],"acf":[],"_links":{"self":[{"href":"https:\/\/hotelgiotto.com\/es\/wp-json\/wp\/v2\/pages\/4628","targetHints":{"allow":["GET"]}}],"collection":[{"href":"https:\/\/hotelgiotto.com\/es\/wp-json\/wp\/v2\/pages"}],"about":[{"href":"https:\/\/hotelgiotto.com\/es\/wp-json\/wp\/v2\/types\/page"}],"author":[{"embeddable":true,"href":"https:\/\/hotelgiotto.com\/es\/wp-json\/wp\/v2\/users\/1"}],"replies":[{"embeddable":true,"href":"https:\/\/hotelgiotto.com\/es\/wp-json\/wp\/v2\/comments?post=4628"}],"version-history":[{"count":3,"href":"https:\/\/hotelgiotto.com\/es\/wp-json\/wp\/v2\/pages\/4628\/revisions"}],"predecessor-version":[{"id":4886,"href":"https:\/\/hotelgiotto.com\/es\/wp-json\/wp\/v2\/pages\/4628\/revisions\/4886"}],"wp:featuredmedia":[{"embeddable":true,"href":"https:\/\/hotelgiotto.com\/es\/wp-json\/wp\/v2\/media\/4629"}],"wp:attachment":[{"href":"https:\/\/hotelgiotto.com\/es\/wp-json\/wp\/v2\/media?parent=4628"}],"curies":[{"name":"wp","href":"https:\/\/api.w.org\/{rel}","templated":true}]}}