{"id":4634,"date":"2025-02-26T10:35:21","date_gmt":"2025-02-26T10:35:21","guid":{"rendered":"https:\/\/hotelgiotto.com\/caffe-pedrocchi\/"},"modified":"2025-09-03T09:24:35","modified_gmt":"2025-09-03T09:24:35","slug":"caffe-pedrocchi-el-salon-historico-de-padua","status":"publish","type":"page","link":"https:\/\/hotelgiotto.com\/es\/caffe-pedrocchi-el-salon-historico-de-padua\/","title":{"rendered":"Caff\u00e8 Pedrocchi: el sal\u00f3n hist\u00f3rico de Padua"},"content":{"rendered":"\n<p>El <a href=\"https:\/\/www.caffepedrocchi.it\/\" target=\"_blank\" rel=\"noreferrer noopener\">Caff\u00e8 Pedrocchi<\/a> es uno de los s\u00edmbolos de <strong>Padua<\/strong>, un lugar cargado de historia, cultura y encanto. Fundado en <strong>1831<\/strong> por el empresario <strong>Antonio Pedrocchi<\/strong>, se encuentra en el coraz\u00f3n de la ciudad y durante siglos fue punto de encuentro para intelectuales, escritores, estudiantes y viajeros.<\/p>\n\n\n\n<h3 class=\"wp-block-heading\"><strong>Un icono de arquitectura y cultura<\/strong><\/h3>\n\n\n\n<p>Famoso por su <strong>estructura neocl\u00e1sica<\/strong> \u2014proyecto del arquitecto <strong>Giuseppe Jappelli<\/strong>\u2014 y por su atm\u00f3sfera elegante y atemporal, el caf\u00e9 alberga salas decoradas en distintos estilos que cuentan historias <a href=\"https:\/\/www.histouring.com\/strutture\/caffe-pedrocchi\/\" target=\"_blank\" rel=\"noopener\">de otras \u00e9pocas<\/a>.<\/p>\n\n\n\n<p>Entre sus espacios m\u00e1s c\u00e9lebres destaca la <strong>Sala Verde<\/strong>, refugio de estudiantes que pod\u00edan sentarse y estudiar sin obligaci\u00f3n de consumir.<\/p>\n\n\n\n<h3 class=\"wp-block-heading\"><strong>El sabor de la tradici\u00f3n<\/strong><\/h3>\n\n\n\n<p>No puedes visitar el <strong>Caff\u00e8 Pedrocchi<\/strong> sin probar su ic\u00f3nica bebida hom\u00f3nima: <strong>espresso con crema de leche y menta<\/strong>, servida sin az\u00facar para realzar su sabor intenso y arom\u00e1tico.<\/p>\n\n\n\n<h3 class=\"wp-block-heading\"><strong>Al\u00f3jate en el Hotel Giotto de Padua<\/strong><\/h3>\n\n\n\n<p>Si deseas vivir una experiencia aut\u00e9ntica en el coraz\u00f3n de la ciudad, el <a href=\"https:\/\/hotelgiotto.com\/es\/\" target=\"_blank\" rel=\"noreferrer noopener\">Hotel Giotto<\/a> es la elecci\u00f3n perfecta. A pocos minutos del Caff\u00e8 Pedrocchi, te permitir\u00e1 explorar Padua con comodidad e impregnarte de su atm\u00f3sfera hist\u00f3rica.<\/p>\n\n\n\n<p><strong>Descubra el encanto del Caff\u00e8 Pedrocchi y d\u00e9jese seducir por su historia y su inconfundible sabor.<\/strong><\/p>\n","protected":false},"excerpt":{"rendered":"<p>El Caff\u00e8 Pedrocchi es uno de los s\u00edmbolos de Padua, un lugar cargado de historia, cultura y encanto. Fundado en 1831 por el empresario Antonio Pedrocchi, se encuentra en el coraz\u00f3n de la ciudad y durante siglos fue punto de encuentro para intelectuales, escritores, estudiantes y viajeros. Un icono de arquitectura y cultura Famoso por [&hellip;]<\/p>\n","protected":false},"author":1,"featured_media":4635,"parent":0,"menu_order":0,"comment_status":"closed","ping_status":"closed","template":"","meta":{"_acf_changed":false,"footnotes":""},"class_list":["post-4634","page","type-page","status-publish","has-post-thumbnail","hentry"],"acf":[],"_links":{"self":[{"href":"https:\/\/hotelgiotto.com\/es\/wp-json\/wp\/v2\/pages\/4634","targetHints":{"allow":["GET"]}}],"collection":[{"href":"https:\/\/hotelgiotto.com\/es\/wp-json\/wp\/v2\/pages"}],"about":[{"href":"https:\/\/hotelgiotto.com\/es\/wp-json\/wp\/v2\/types\/page"}],"author":[{"embeddable":true,"href":"https:\/\/hotelgiotto.com\/es\/wp-json\/wp\/v2\/users\/1"}],"replies":[{"embeddable":true,"href":"https:\/\/hotelgiotto.com\/es\/wp-json\/wp\/v2\/comments?post=4634"}],"version-history":[{"count":1,"href":"https:\/\/hotelgiotto.com\/es\/wp-json\/wp\/v2\/pages\/4634\/revisions"}],"predecessor-version":[{"id":4637,"href":"https:\/\/hotelgiotto.com\/es\/wp-json\/wp\/v2\/pages\/4634\/revisions\/4637"}],"wp:featuredmedia":[{"embeddable":true,"href":"https:\/\/hotelgiotto.com\/es\/wp-json\/wp\/v2\/media\/4635"}],"wp:attachment":[{"href":"https:\/\/hotelgiotto.com\/es\/wp-json\/wp\/v2\/media?parent=4634"}],"curies":[{"name":"wp","href":"https:\/\/api.w.org\/{rel}","templated":true}]}}