{"id":4638,"date":"2022-10-14T13:45:00","date_gmt":"2022-10-14T13:45:00","guid":{"rendered":"https:\/\/hotelgiotto.com\/contatti\/"},"modified":"2025-09-03T09:24:36","modified_gmt":"2025-09-03T09:24:36","slug":"contactos","status":"publish","type":"page","link":"https:\/\/hotelgiotto.com\/es\/contactos\/","title":{"rendered":"Contactos"},"content":{"rendered":"\n<div class=\"wp-block-columns is-layout-flex wp-container-core-columns-is-layout-9d6595d7 wp-block-columns-is-layout-flex\">\n<div class=\"wp-block-column is-layout-flow wp-block-column-is-layout-flow\">\n<p><strong>Hotel Giotto ***<\/strong><\/p>\n\n\n\n<p>pl. Pontecorvo, 33<br>35121 Padova, Italia<\/p>\n\n\n\n<figure class=\"wp-block-image size-full\"><a href=\"https:\/\/wa.me\/+390498761845\" target=\"_blank\" rel=\"noreferrer noopener\"><img loading=\"lazy\" decoding=\"async\" width=\"40\" height=\"40\" src=\"https:\/\/hotelgiotto.com\/wp-content\/uploads\/2023\/02\/logo-wapp.png\" alt=\"\" class=\"wp-image-859\"\/><\/a><\/figure>\n\n\n\n<p>WhatsApp <a href=\"https:\/\/wa.me\/+390498761845\" target=\"_blank\" rel=\"noreferrer noopener\">+390498761845<\/a><\/p>\n<\/div>\n\n\n\n<div class=\"wp-block-column is-layout-flow wp-block-column-is-layout-flow\">\n<p><strong>Horario de recepci\u00f3n<\/strong><\/p>\n\n\n\n<p><strong>Recepci\u00f3n<\/strong> 24 horas al d\u00eda<\/p>\n\n\n\n<p><strong>Check in<\/strong> a partir de las 15:00 &#8211; <strong>Check out<\/strong> antes de las 11:00<\/p>\n<\/div>\n<\/div>\n\n\n\n<p><\/p>\n","protected":false},"excerpt":{"rendered":"<p>Hotel Giotto *** pl. Pontecorvo, 3335121 Padova, Italia WhatsApp +390498761845 Horario de recepci\u00f3n Recepci\u00f3n 24 horas al d\u00eda Check in a partir de las 15:00 &#8211; Check out antes de las 11:00<\/p>\n","protected":false},"author":1,"featured_media":4639,"parent":0,"menu_order":0,"comment_status":"closed","ping_status":"closed","template":"templates\/contatti.php","meta":{"_acf_changed":false,"footnotes":""},"class_list":["post-4638","page","type-page","status-publish","has-post-thumbnail","hentry"],"acf":[],"_links":{"self":[{"href":"https:\/\/hotelgiotto.com\/es\/wp-json\/wp\/v2\/pages\/4638","targetHints":{"allow":["GET"]}}],"collection":[{"href":"https:\/\/hotelgiotto.com\/es\/wp-json\/wp\/v2\/pages"}],"about":[{"href":"https:\/\/hotelgiotto.com\/es\/wp-json\/wp\/v2\/types\/page"}],"author":[{"embeddable":true,"href":"https:\/\/hotelgiotto.com\/es\/wp-json\/wp\/v2\/users\/1"}],"replies":[{"embeddable":true,"href":"https:\/\/hotelgiotto.com\/es\/wp-json\/wp\/v2\/comments?post=4638"}],"version-history":[{"count":2,"href":"https:\/\/hotelgiotto.com\/es\/wp-json\/wp\/v2\/pages\/4638\/revisions"}],"predecessor-version":[{"id":4643,"href":"https:\/\/hotelgiotto.com\/es\/wp-json\/wp\/v2\/pages\/4638\/revisions\/4643"}],"wp:featuredmedia":[{"embeddable":true,"href":"https:\/\/hotelgiotto.com\/es\/wp-json\/wp\/v2\/media\/4639"}],"wp:attachment":[{"href":"https:\/\/hotelgiotto.com\/es\/wp-json\/wp\/v2\/media?parent=4638"}],"curies":[{"name":"wp","href":"https:\/\/api.w.org\/{rel}","templated":true}]}}