{"id":4646,"date":"2025-05-27T15:07:53","date_gmt":"2025-05-27T15:07:53","guid":{"rendered":"https:\/\/hotelgiotto.com\/migliori-hotel-a-padova\/"},"modified":"2025-09-03T09:24:37","modified_gmt":"2025-09-03T09:24:37","slug":"mejor-hotel-a-padova","status":"publish","type":"page","link":"https:\/\/hotelgiotto.com\/es\/mejor-hotel-a-padova\/","title":{"rendered":"D\u00f3nde encontrar los mejores hoteles en Padua para una estancia c\u00f3moda y c\u00e9ntrica"},"content":{"rendered":"\n<p>Si est\u00e1s buscando <em>los mejores hoteles en Padua<\/em>, seguramente deseas una propiedad que combine ubicaci\u00f3n estrat\u00e9gica, confort, hospitalidad y una excelente relaci\u00f3n calidad\u2011precio. En este art\u00edculo te ayudamos a orientarte entre las opciones y te presentamos una de las soluciones m\u00e1s apreciadas, a dos pasos de la <a href=\"https:\/\/www.santantonio.org\/it\/basilica\" target=\"_blank\" rel=\"noreferrer noopener\">Bas\u00edlica de San Antonio<\/a> y del centro hist\u00f3rico: <strong>Hotel Giotto Padua<\/strong>.<\/p>\n\n\n\n<h3 class=\"wp-block-heading\">Por qu\u00e9 elegir un hotel en el centro de Padua<\/h3>\n\n\n\n<p>Alojarse en el centro te permite vivir plenamente la atm\u00f3sfera de la ciudad: podr\u00e1s llegar a pie a los principales puntos de inter\u00e9s como <a href=\"https:\/\/hotelgiotto.com\/es\/plaza-prato-della-valle\/\" data-type=\"page\" data-id=\"3510\">Prato della Valle<\/a>, la <a href=\"https:\/\/hotelgiotto.com\/es\/basilica-de-san-antonio-un-lugar-iconico-en-el-corazon-de-padua\/\" data-type=\"page\" data-id=\"3520\">Bas\u00edlica del Santo<\/a>, el <a href=\"https:\/\/hotelgiotto.com\/es\/jardin-botanico-de-padua-un-viaje-por-la-historia-y-la-naturaleza\/\" data-type=\"page\" data-id=\"3551\">Jard\u00edn Bot\u00e1nico<\/a>, el <a href=\"https:\/\/hotelgiotto.com\/es\/palacio-de-la-ragione-padua-uno-de-los-tesoros-historicos-de-la-ciudad\/\" data-type=\"page\" data-id=\"3532\">Palacio de la Ragione<\/a> y la <a href=\"https:\/\/hotelgiotto.com\/es\/piazza-delle-erbe\/\" data-type=\"page\" data-id=\"4117\">Piazza delle Erbe<\/a>. Adem\u00e1s, estar\u00e1s bien comunicado tanto si llegas en tren como en coche. Los mejores <a href=\"https:\/\/hotelgiotto.com\/es\/hotel-en-el-centro-de-padua\/\" data-type=\"page\" data-id=\"3482\">hoteles en Padua<\/a>, de hecho, ofrecen servicios pensados para quienes viajan por turismo, estudio o trabajo, garantizando hospitalidad y funcionalidad.<\/p>\n\n\n\n<h3 class=\"wp-block-heading\">Hotel Giotto Padua: una de las mejores elecciones<\/h3>\n\n\n\n<p><strong>Hotel Giotto<\/strong> es uno de los nombres m\u00e1s conocidos entre los mejores hoteles en Padua gracias a su ubicaci\u00f3n ideal y a sus servicios cuidados al detalle. Situado en <strong>pl. Pontecorvo, 33<\/strong>, es perfecto para quienes buscan un hotel cerca de la <a href=\"https:\/\/hotelgiotto.com\/es\/tu-hotel-cerca-de-la-basilica-de-san-antonio-padua\/\" data-type=\"page\" data-id=\"3544\">Bas\u00edlica de San Antonio<\/a> y de la sede de la <a href=\"https:\/\/hotelgiotto.com\/es\/universidad-de-padua\/\" data-type=\"page\" data-id=\"3998\">Universidad<\/a>. Habitaciones modernas, recepci\u00f3n disponible, un <a href=\"https:\/\/hotelgiotto.com\/es\/photogallery\/colazione\/colazione\/\" data-type=\"photogallery\" data-id=\"1164\">desayuno<\/a> abundante y un personal cordial: estas son algunas de las razones por las que muchos viajeros eligen el Hotel Giotto.<\/p>\n\n\n\n<p>Descubre en detalle <strong><a href=\"https:\/\/hotelgiotto.com\/es\/donde-estamos\/\" data-type=\"page\" data-id=\"153\">d\u00f3nde se encuentra el Hotel Giotto en Padua<\/a><\/strong> y por qu\u00e9 es tan conveniente para visitar el centro hist\u00f3rico.<\/p>\n\n\n\n<h3 class=\"wp-block-heading\">Servicios que marcan la diferencia<\/h3>\n\n\n\n<p>Cuando se habla de los mejores hoteles, hay que mirar m\u00e1s all\u00e1 de la est\u00e9tica. Hotel Giotto ofrece ventajas concretas:<\/p>\n\n\n\n<ul class=\"wp-block-list\">\n<li><strong>Habitaciones acogedoras<\/strong> con Wi\u2011Fi gratuito, aire acondicionado, caja fuerte y TV de pantalla plana;<\/li>\n\n\n\n<li><strong>Desayuno buffet<\/strong> dulce y salado para empezar el d\u00eda con energ\u00eda;<\/li>\n\n\n\n<li><strong><a href=\"https:\/\/hotelgiotto.com\/es\/hotel-en-el-centro-de-padua-con-aparcamiento\/\" data-type=\"page\" data-id=\"4667\">Aparcamiento privado<\/a><\/strong>, un aut\u00e9ntico plus en una ciudad hist\u00f3rica como Padua;<\/li>\n\n\n\n<li><strong>Recepci\u00f3n 24 horas<\/strong>, ideal si llegas tarde o necesitas asistencia;<\/li>\n\n\n\n<li>Gesti\u00f3n familiar con una atenci\u00f3n aut\u00e9ntica al hu\u00e9sped.<\/li>\n<\/ul>\n\n\n\n<p>Puede profundizar en los <strong><a href=\"https:\/\/hotelgiotto.com\/es\/servicios\/\">servicios del Hotel Giotto Padova <\/a><\/strong>para conocer todo lo que ofrece.<\/p>\n\n\n\n<h3 class=\"wp-block-heading\">Hotel ideal para todo tipo de viajeros<\/h3>\n\n\n\n<p>Ya sea que viajes en pareja, con la familia o por motivos profesionales, el Hotel Giotto sabe c\u00f3mo acogerte. Tambi\u00e9n es una opci\u00f3n muy apreciada por quienes visitan Padua por motivos religiosos, gracias a su cercan\u00eda al <strong><a href=\"https:\/\/hotelgiotto.com\/es\/tu-hotel-cerca-de-la-basilica-de-san-antonio-padua\/\" data-type=\"page\" data-id=\"3544\">Santuario de San Antonio<\/a><\/strong> y al Hospital. Si buscas un alojamiento tranquilo, c\u00e9ntrico y bien gestionado, dif\u00edcilmente encontrar\u00e1s una opci\u00f3n mejor.<\/p>\n\n\n\n<p>Descubra <a href=\"https:\/\/hotelgiotto.com\/es\/donde-estamos\/\"><strong>c\u00f3mo llegar al Hotel Giotto en coche o en transporte p\u00fablico<\/strong> <\/a>y c\u00f3mo llegar f\u00e1cilmente a los destinos m\u00e1s importantes.<\/p>\n\n\n\n<h3 class=\"wp-block-heading\">Opiniones de los hu\u00e9spedes: una puntuaci\u00f3n que habla por s\u00ed sola<\/h3>\n\n\n\n<p>El valor real de un hotel tambi\u00e9n se mide por las opiniones de sus hu\u00e9spedes. Hotel Giotto goza de excelentes rese\u00f1as en Booking, Google y Tripadvisor; se valora especialmente la limpieza, la disponibilidad del personal, la ubicaci\u00f3n y la relaci\u00f3n calidad\u2011precio. Un motivo m\u00e1s para incluirlo entre los mejores.<\/p>\n\n\n\n<h3 class=\"wp-block-heading\">Reservar al mejor precio<\/h3>\n\n\n\n<p>Reservando directamente en el sitio oficial del hotel puedes aprovechar las <strong>mejores tarifas garantizadas<\/strong>, sin costes extra ni comisiones. A menudo tambi\u00e9n hay disponibles ofertas exclusivas que no encontrar\u00e1s en otros portales. Descubre las <a href=\"https:\/\/hotelgiotto.com\/offerte\/\" data-type=\"link\" data-id=\"https:\/\/hotelgiotto.com\/offerte\/\"><strong>ofertas especiales para alojarte en Padua<\/strong>.<\/a><\/p>\n\n\n\n<p>Si buscas uno de los mejores hoteles en Padua, no dejes pasar la oportunidad de alojarte en el <strong>Hotel Giotto<\/strong>. Con una ubicaci\u00f3n inmejorable, amplios servicios y una acogida hogare\u00f1a, es una opci\u00f3n excelente para quienes deseen vivir la ciudad con comodidad y estilo.<\/p>\n","protected":false},"excerpt":{"rendered":"<p>Si est\u00e1s buscando los mejores hoteles en Padua, seguramente deseas una propiedad que combine ubicaci\u00f3n estrat\u00e9gica, confort, hospitalidad y una excelente relaci\u00f3n calidad\u2011precio. En este art\u00edculo te ayudamos a orientarte entre las opciones y te presentamos una de las soluciones m\u00e1s apreciadas, a dos pasos de la Bas\u00edlica de San Antonio y del centro hist\u00f3rico: [&hellip;]<\/p>\n","protected":false},"author":1,"featured_media":4582,"parent":0,"menu_order":0,"comment_status":"closed","ping_status":"closed","template":"","meta":{"_acf_changed":false,"footnotes":""},"class_list":["post-4646","page","type-page","status-publish","has-post-thumbnail","hentry"],"acf":[],"_links":{"self":[{"href":"https:\/\/hotelgiotto.com\/es\/wp-json\/wp\/v2\/pages\/4646","targetHints":{"allow":["GET"]}}],"collection":[{"href":"https:\/\/hotelgiotto.com\/es\/wp-json\/wp\/v2\/pages"}],"about":[{"href":"https:\/\/hotelgiotto.com\/es\/wp-json\/wp\/v2\/types\/page"}],"author":[{"embeddable":true,"href":"https:\/\/hotelgiotto.com\/es\/wp-json\/wp\/v2\/users\/1"}],"replies":[{"embeddable":true,"href":"https:\/\/hotelgiotto.com\/es\/wp-json\/wp\/v2\/comments?post=4646"}],"version-history":[{"count":8,"href":"https:\/\/hotelgiotto.com\/es\/wp-json\/wp\/v2\/pages\/4646\/revisions"}],"predecessor-version":[{"id":4736,"href":"https:\/\/hotelgiotto.com\/es\/wp-json\/wp\/v2\/pages\/4646\/revisions\/4736"}],"wp:featuredmedia":[{"embeddable":true,"href":"https:\/\/hotelgiotto.com\/es\/wp-json\/wp\/v2\/media\/4582"}],"wp:attachment":[{"href":"https:\/\/hotelgiotto.com\/es\/wp-json\/wp\/v2\/media?parent=4646"}],"curies":[{"name":"wp","href":"https:\/\/api.w.org\/{rel}","templated":true}]}}