{"id":4654,"date":"2025-02-26T13:52:30","date_gmt":"2025-02-26T13:52:30","guid":{"rendered":"https:\/\/hotelgiotto.com\/il-ghetto-ebraico-di-padova\/"},"modified":"2025-09-03T09:24:39","modified_gmt":"2025-09-03T09:24:39","slug":"el-gueto-judio-de-padova","status":"publish","type":"page","link":"https:\/\/hotelgiotto.com\/es\/el-gueto-judio-de-padova\/","title":{"rendered":"El Gueto Jud\u00edo de Padua: historia y cultura en el coraz\u00f3n de la ciudad"},"content":{"rendered":"\n<p>El <a href=\"https:\/\/www.blogdipadova.it\/antico-ghetto-padova\/\" target=\"_blank\" rel=\"noreferrer noopener\">Gueto Jud\u00edo de Padua<\/a> es un lugar de gran valor hist\u00f3rico y cultural, testigo de siglos de presencia jud\u00eda en la ciudad. Situado en el <a href=\"https:\/\/hotelgiotto.com\/es\/hotel-en-el-centro-de-padua\/\">centro hist\u00f3rico<\/a> \u2014entre via San Martino e Solferino, via delle Piazze y via dell\u2019Arco\u2014, conserva el encanto de sus callejuelas, edificios caracter\u00edsticos y testimonios de la comunidad jud\u00eda paduana.<\/p>\n\n\n\n<h3 class=\"wp-block-heading\"><strong>Un viaje por la historia de la comunidad jud\u00eda<\/strong><\/h3>\n\n\n\n<p>El gueto fue instituido en <strong>1603<\/strong> por la Rep\u00fablica de Venecia, que oblig\u00f3 a la comunidad jud\u00eda a residir en un \u00e1rea delimitada. Aqu\u00ed surgieron <strong>sinagogas, escuelas y comercios<\/strong>, y las puertas del gueto se cerraban cada noche hasta la llegada de Napole\u00f3n en 1797, cuando se abolieron las restricciones.<\/p>\n\n\n\n<p>Hoy, paseando por el gueto, es posible admirar:<\/p>\n\n\n\n<ul class=\"wp-block-list\">\n<li>La <strong>Sinagoga Italiana<\/strong>, construida en el siglo XVI, sigue siendo un lugar de culto y el centro de la vida jud\u00eda en Padua.<\/li>\n\n\n\n<li><strong>El Museo Jud\u00edo de Padua<\/strong>, que recoge documentos, objetos y testimonios sobre la historia de la comunidad.<\/li>\n\n\n\n<li><strong>Las caracter\u00edsticas casas-torre<\/strong>, desarrolladas en altura para hacer frente a la creciente poblaci\u00f3n del gueto.<\/li>\n<\/ul>\n\n\n\n<h3 class=\"wp-block-heading\"><strong>Un lugar de memoria y encuentro<\/strong><\/h3>\n\n\n\n<p>El <strong>Gueto Jud\u00edo<\/strong> es un espacio vivo donde la historia se entrelaza con la modernidad. Adem\u00e1s de sus monumentos, la zona alberga <strong>librer\u00edas, caf\u00e9s y talleres artesanos<\/strong>, creando una atm\u00f3sfera aut\u00e9ntica y fascinante.<\/p>\n\n\n\n<h3 class=\"wp-block-heading\"><strong>Al\u00f3jate en el Hotel Giotto y descubre el Gueto<\/strong><\/h3>\n\n\n\n<p>El <strong><a href=\"https:\/\/hotelgiotto.com\/es\/\" data-type=\"page\" data-id=\"4591\">Hotel Giotto<\/a><\/strong> de Padua, a pocos minutos del <strong>Gueto Jud\u00edo<\/strong>, es la base perfecta para explorar la ciudad y su patrimonio cultural. Tras un paseo entre calles cargadas de historia, descansa en nuestras habitaciones y vive una estancia \u00fanica.<\/p>\n\n\n\n<p><strong>Descubra el gueto jud\u00edo de Padua y d\u00e9jese fascinar por su historia y su ambiente intemporal.<\/strong><\/p>\n","protected":false},"excerpt":{"rendered":"<p>El Gueto Jud\u00edo de Padua es un lugar de gran valor hist\u00f3rico y cultural, testigo de siglos de presencia jud\u00eda en la ciudad. Situado en el centro hist\u00f3rico \u2014entre via San Martino e Solferino, via delle Piazze y via dell\u2019Arco\u2014, conserva el encanto de sus callejuelas, edificios caracter\u00edsticos y testimonios de la comunidad jud\u00eda paduana. [&hellip;]<\/p>\n","protected":false},"author":1,"featured_media":4655,"parent":0,"menu_order":0,"comment_status":"closed","ping_status":"closed","template":"","meta":{"_acf_changed":false,"footnotes":""},"class_list":["post-4654","page","type-page","status-publish","has-post-thumbnail","hentry"],"acf":[],"_links":{"self":[{"href":"https:\/\/hotelgiotto.com\/es\/wp-json\/wp\/v2\/pages\/4654","targetHints":{"allow":["GET"]}}],"collection":[{"href":"https:\/\/hotelgiotto.com\/es\/wp-json\/wp\/v2\/pages"}],"about":[{"href":"https:\/\/hotelgiotto.com\/es\/wp-json\/wp\/v2\/types\/page"}],"author":[{"embeddable":true,"href":"https:\/\/hotelgiotto.com\/es\/wp-json\/wp\/v2\/users\/1"}],"replies":[{"embeddable":true,"href":"https:\/\/hotelgiotto.com\/es\/wp-json\/wp\/v2\/comments?post=4654"}],"version-history":[{"count":3,"href":"https:\/\/hotelgiotto.com\/es\/wp-json\/wp\/v2\/pages\/4654\/revisions"}],"predecessor-version":[{"id":4737,"href":"https:\/\/hotelgiotto.com\/es\/wp-json\/wp\/v2\/pages\/4654\/revisions\/4737"}],"wp:featuredmedia":[{"embeddable":true,"href":"https:\/\/hotelgiotto.com\/es\/wp-json\/wp\/v2\/media\/4655"}],"wp:attachment":[{"href":"https:\/\/hotelgiotto.com\/es\/wp-json\/wp\/v2\/media?parent=4654"}],"curies":[{"name":"wp","href":"https:\/\/api.w.org\/{rel}","templated":true}]}}