{"id":4659,"date":"2024-12-19T09:21:00","date_gmt":"2024-12-19T09:21:00","guid":{"rendered":"https:\/\/hotelgiotto.com\/il-tuo-hotel-in-centro-a-padova\/"},"modified":"2025-09-03T09:24:46","modified_gmt":"2025-09-03T09:24:46","slug":"hotel-en-el-centro-de-padua","status":"publish","type":"page","link":"https:\/\/hotelgiotto.com\/es\/hotel-en-el-centro-de-padua\/","title":{"rendered":"Tu hotel en el centro de Padua"},"content":{"rendered":"\n<p>Si buscas un <strong>hotel en el centro de Padua<\/strong>, el Hotel Giotto es la elecci\u00f3n perfecta. Situado en el coraz\u00f3n de la ciudad, a pocos pasos de la hist\u00f3rica plaza <a href=\"https:\/\/hotelgiotto.com\/es\/plaza-prato-della-valle\/\"><strong>Prato della Valle<\/strong> <\/a>y de la c\u00e9lebre <strong><a href=\"https:\/\/hotelgiotto.com\/es\/basilica-de-san-antonio-un-lugar-iconico-en-el-corazon-de-padua\/\" data-type=\"page\" data-id=\"4628\">Bas\u00edlica de San Antonio<\/a><\/strong>, nuestra propiedad te permite vivir una experiencia \u00fanica con las principales atracciones a pie.<\/p>\n\n\n\n<h3 class=\"wp-block-heading\">Confort y ubicaci\u00f3n estrat\u00e9gica en el centro de Padua<\/h3>\n\n\n\n<p>El Hotel Giotto, un aut\u00e9ntico tesoro entre los hoteles del centro, combina el encanto de la arquitectura hist\u00f3rica con el confort moderno. <a href=\"https:\/\/hotelgiotto.com\/es\/habitaciones\/\">Nuestras habitaciones<\/a> ofrecen aire acondicionado, Wi\u2011Fi gratuito, minibar y TV satelital. La ubicaci\u00f3n es ideal tanto para turistas como para viajeros de negocios, gracias a <strong>la cercan\u00eda con el hospital<\/strong> y <strong>la feria de Padua<\/strong>. A diez minutos a pie tambi\u00e9n se llega al <a href=\"https:\/\/www.zabarella.it\/\" target=\"_blank\" rel=\"noopener\">Palazzo Zabarella<\/a>.<\/p>\n\n\n\n<h3 class=\"wp-block-heading\"><strong>Servicios a medida<\/strong><\/h3>\n\n\n\n<p>Para quienes viajan en coche, el Hotel Giotto ofrece aparcamiento privado en las inmediaciones, con puntos de recarga para veh\u00edculos el\u00e9ctricos. Recuerda solicitar tu plaza durante la reserva.<\/p>\n\n\n\n<h3 class=\"wp-block-heading\"><strong>Explora Padua sin preocupaciones<\/strong><\/h3>\n\n\n\n<p><strong>Al estar en el centro<\/strong>, podr\u00e1s moverte sin transporte: <a href=\"https:\/\/it.wikipedia.org\/wiki\/Prato_della_Valle\" target=\"_blank\" rel=\"noopener\">Prato della Valle<\/a> y el casco hist\u00f3rico est\u00e1n a dos pasos. Muchos hu\u00e9spedes definen nuestra ubicaci\u00f3n como \u00abperfecta\u00bb para explorar la ciudad con facilidad.<\/p>\n\n\n\n<h3 class=\"wp-block-heading\"><strong>Por qu\u00e9 elegir Hotel Giotto<\/strong><\/h3>\n\n\n\n<p>Elegir el Hotel Giotto significa disfrutar de las ventajas de un <strong>hotel situado en el centro de Padua<\/strong>: una ubicaci\u00f3n inmejorable, comodidades modernas y una c\u00e1lida bienvenida. Tanto si se encuentra en Padua por turismo como por negocios, estamos preparados para hacer que su estancia sea inolvidable.<\/p>\n","protected":false},"excerpt":{"rendered":"<p>Si buscas un hotel en el centro de Padua, el Hotel Giotto es la elecci\u00f3n perfecta. Situado en el coraz\u00f3n de la ciudad, a pocos pasos de la hist\u00f3rica plaza Prato della Valle y de la c\u00e9lebre Bas\u00edlica de San Antonio, nuestra propiedad te permite vivir una experiencia \u00fanica con las principales atracciones a pie. [&hellip;]<\/p>\n","protected":false},"author":1,"featured_media":4660,"parent":0,"menu_order":0,"comment_status":"closed","ping_status":"closed","template":"","meta":{"_acf_changed":false,"footnotes":""},"class_list":["post-4659","page","type-page","status-publish","has-post-thumbnail","hentry"],"acf":[],"_links":{"self":[{"href":"https:\/\/hotelgiotto.com\/es\/wp-json\/wp\/v2\/pages\/4659","targetHints":{"allow":["GET"]}}],"collection":[{"href":"https:\/\/hotelgiotto.com\/es\/wp-json\/wp\/v2\/pages"}],"about":[{"href":"https:\/\/hotelgiotto.com\/es\/wp-json\/wp\/v2\/types\/page"}],"author":[{"embeddable":true,"href":"https:\/\/hotelgiotto.com\/es\/wp-json\/wp\/v2\/users\/1"}],"replies":[{"embeddable":true,"href":"https:\/\/hotelgiotto.com\/es\/wp-json\/wp\/v2\/comments?post=4659"}],"version-history":[{"count":4,"href":"https:\/\/hotelgiotto.com\/es\/wp-json\/wp\/v2\/pages\/4659\/revisions"}],"predecessor-version":[{"id":4738,"href":"https:\/\/hotelgiotto.com\/es\/wp-json\/wp\/v2\/pages\/4659\/revisions\/4738"}],"wp:featuredmedia":[{"embeddable":true,"href":"https:\/\/hotelgiotto.com\/es\/wp-json\/wp\/v2\/media\/4660"}],"wp:attachment":[{"href":"https:\/\/hotelgiotto.com\/es\/wp-json\/wp\/v2\/media?parent=4659"}],"curies":[{"name":"wp","href":"https:\/\/api.w.org\/{rel}","templated":true}]}}