{"id":4667,"date":"2024-12-19T12:39:05","date_gmt":"2024-12-19T12:39:05","guid":{"rendered":"https:\/\/hotelgiotto.com\/il-tuo-hotel-in-centro-a-padova-con-parcheggio\/"},"modified":"2025-09-03T09:24:47","modified_gmt":"2025-09-03T09:24:47","slug":"hotel-en-el-centro-de-padua-con-aparcamiento","status":"publish","type":"page","link":"https:\/\/hotelgiotto.com\/es\/hotel-en-el-centro-de-padua-con-aparcamiento\/","title":{"rendered":"Tu hotel en el centro de Padua con aparcamiento"},"content":{"rendered":"\n<p>Si buscas un <strong>hotel en el centro con aparcamiento<\/strong>, el Hotel Giotto es la soluci\u00f3n perfecta para una estancia c\u00f3moda y sin estr\u00e9s. A pocos pasos de <a href=\"https:\/\/hotelgiotto.com\/es\/plaza-prato-della-valle\/\">Prato della Valle<\/a> y de la <a href=\"https:\/\/hotelgiotto.com\/es\/basilica-de-san-antonio-un-lugar-iconico-en-el-corazon-de-padua\/\">Bas\u00edlica de San Antonio<\/a>, combinamos la comodidad del aparcamiento privado con la posibilidad de explorar la ciudad a pie.<\/p>\n\n\n\n<h3 class=\"wp-block-heading\"><strong>Aparcamiento privado y servicios modernos<\/strong><\/h3>\n\n\n\n<p>Ofrecemos <a href=\"https:\/\/hotelgiotto.com\/es\/servicios\/\">aparcamiento privado de pago<\/a> en las inmediaciones de la propiedad, ideal para quienes llegan en coche. Tambi\u00e9n disponemos de puntos de recarga para veh\u00edculos el\u00e9ctricos.<\/p>\n\n\n\n<h3 class=\"wp-block-heading\"><strong>Habitaciones confortables para cada necesidad<\/strong><\/h3>\n\n\n\n<p><a href=\"https:\/\/hotelgiotto.com\/es\/habitaciones\/\">Las habitaciones del Hotel Giotto<\/a> est\u00e1n dise\u00f1adas para garantizar el m\u00e1ximo confort, tanto para quienes viajan por turismo como por negocios. Todas las habitaciones est\u00e1n equipadas con:<\/p>\n\n\n\n<ul class=\"wp-block-list\">\n<li>Aire acondicionado<\/li>\n\n\n\n<li>Wi\u2011Fi gratuito<\/li>\n\n\n\n<li>Minibar<\/li>\n\n\n\n<li>TV satelital<\/li>\n<\/ul>\n\n\n\n<p>Gracias a la combinaci\u00f3n de estos servicios, nuestro <strong>hotel en el centro de Padua<\/strong> con aparcamiento te ofrece todo lo que necesitas para una estancia agradable y relajante.<\/p>\n\n\n\n<h3 class=\"wp-block-heading\"><strong>Descubre Padua a pie<\/strong><\/h3>\n\n\n\n<p>Gracias a nuestra ubicaci\u00f3n central, podr\u00e1s llegar f\u00e1cilmente a<\/p>\n\n\n\n<ul class=\"wp-block-list\">\n<li>Prato della Valle, una de las <a href=\"https:\/\/it.wikipedia.org\/wiki\/Prato_della_Valle\" target=\"_blank\" rel=\"noreferrer noopener\">plazas m\u00e1s grandes y fascinantes de Europa<\/a><\/li>\n\n\n\n<li>La <a href=\"https:\/\/hotelgiotto.com\/es\/basilica-de-san-antonio-un-lugar-iconico-en-el-corazon-de-padua\/\">Bas\u00edlica de San Antonio<\/a><\/li>\n\n\n\n<li>El casco hist\u00f3rico con el <a href=\"https:\/\/hotelgiotto.com\/es\/palacio-de-la-ragione-padua-uno-de-los-tesoros-historicos-de-la-ciudad\/\"><strong>Palacio de la Ragione<\/strong><\/a> y el <strong><a href=\"https:\/\/hotelgiotto.com\/es\/jardin-botanico-de-padua-un-viaje-por-la-historia-y-la-naturaleza\/\">Jard\u00edn Bot\u00e1nico<\/a><\/strong><\/li>\n<\/ul>\n\n\n\n<p>Olv\u00eddate del estr\u00e9s del transporte: nuestro <strong>hotel en el centro de Padua con aparcamiento<\/strong> te permite explorar la ciudad c\u00f3modamente a pie.<\/p>\n\n\n\n<h3 class=\"wp-block-heading\"><strong>Por qu\u00e9 elegir el Hotel Giotto<\/strong><\/h3>\n\n\n\n<p>Porque garantiza una estancia sin preocupaciones, con la comodidad de un aparcamiento privado y una ubicaci\u00f3n estrat\u00e9gica para disfrutar de la ciudad.<\/p>\n\n\n\n<p><\/p>\n","protected":false},"excerpt":{"rendered":"<p>Si buscas un hotel en el centro con aparcamiento, el Hotel Giotto es la soluci\u00f3n perfecta para una estancia c\u00f3moda y sin estr\u00e9s. A pocos pasos de Prato della Valle y de la Bas\u00edlica de San Antonio, combinamos la comodidad del aparcamiento privado con la posibilidad de explorar la ciudad a pie. Aparcamiento privado y [&hellip;]<\/p>\n","protected":false},"author":1,"featured_media":4668,"parent":0,"menu_order":0,"comment_status":"closed","ping_status":"closed","template":"","meta":{"_acf_changed":false,"footnotes":""},"class_list":["post-4667","page","type-page","status-publish","has-post-thumbnail","hentry"],"acf":[],"_links":{"self":[{"href":"https:\/\/hotelgiotto.com\/es\/wp-json\/wp\/v2\/pages\/4667","targetHints":{"allow":["GET"]}}],"collection":[{"href":"https:\/\/hotelgiotto.com\/es\/wp-json\/wp\/v2\/pages"}],"about":[{"href":"https:\/\/hotelgiotto.com\/es\/wp-json\/wp\/v2\/types\/page"}],"author":[{"embeddable":true,"href":"https:\/\/hotelgiotto.com\/es\/wp-json\/wp\/v2\/users\/1"}],"replies":[{"embeddable":true,"href":"https:\/\/hotelgiotto.com\/es\/wp-json\/wp\/v2\/comments?post=4667"}],"version-history":[{"count":2,"href":"https:\/\/hotelgiotto.com\/es\/wp-json\/wp\/v2\/pages\/4667\/revisions"}],"predecessor-version":[{"id":4890,"href":"https:\/\/hotelgiotto.com\/es\/wp-json\/wp\/v2\/pages\/4667\/revisions\/4890"}],"wp:featuredmedia":[{"embeddable":true,"href":"https:\/\/hotelgiotto.com\/es\/wp-json\/wp\/v2\/media\/4668"}],"wp:attachment":[{"href":"https:\/\/hotelgiotto.com\/es\/wp-json\/wp\/v2\/media?parent=4667"}],"curies":[{"name":"wp","href":"https:\/\/api.w.org\/{rel}","templated":true}]}}