{"id":4677,"date":"2025-02-26T09:47:56","date_gmt":"2025-02-26T09:47:56","guid":{"rendered":"https:\/\/hotelgiotto.com\/la-cappella-degli-scrovegni\/"},"modified":"2025-09-03T09:24:40","modified_gmt":"2025-09-03T09:24:40","slug":"la-capilla-de-los-scrovegni-el-gran-tesoro-de-giotto-en-padua","status":"publish","type":"page","link":"https:\/\/hotelgiotto.com\/es\/la-capilla-de-los-scrovegni-el-gran-tesoro-de-giotto-en-padua\/","title":{"rendered":"La Capilla de los Scrovegni: el gran tesoro de Giotto en Padua"},"content":{"rendered":"\n<p>La <strong><a href=\"https:\/\/www.cappelladegliscrovegni.it\/index.php\/it\/\" target=\"_blank\" data-type=\"link\" data-id=\"https:\/\/www.cappelladegliscrovegni.it\/index.php\/it\/\" rel=\"noreferrer noopener\">Capilla de los Scrovegni<\/a><\/strong> es uno de los mayores tesoros art\u00edsticos de Italia, una joya de la pintura del siglo XIV situada en el coraz\u00f3n de <strong>Padua<\/strong>. Encargada por <strong>Enrico Scrovegni<\/strong> y decorada con frescos de <strong>Giotto<\/strong> entre 1303 y 1305, la capilla es c\u00e9lebre por su <strong>Ciclo de la Vida de Mar\u00eda y de Cristo<\/strong>, una de las m\u00e1ximas expresiones de la pintura medieval.<\/p>\n\n\n\n<h3 class=\"wp-block-heading\"><strong>Una Obra Maestra del Arte Medieval<\/strong><\/h3>\n\n\n\n<p>Las paredes de la capilla est\u00e1n completamente cubiertas de frescos que narran historias b\u00edblicas con un realismo y una intensidad expresiva revolucionarios para la \u00e9poca. Entre las escenas m\u00e1s ic\u00f3nicas destacan el <strong><a href=\"https:\/\/www.artesvelata.it\/bacio-giuda-giotto\/\" target=\"_blank\" data-type=\"link\" data-id=\"https:\/\/www.artesvelata.it\/bacio-giuda-giotto\/\" rel=\"noreferrer noopener\">Beso de Judas<\/a><\/strong>, la <strong>Lamentaci\u00f3n sobre Cristo Muerto<\/strong> y el impresionante <strong>Juicio Final<\/strong>, dominado por la extraordinaria figura de Cristo Pantocr\u00e1tor.<\/p>\n\n\n\n<h3 class=\"wp-block-heading\"><strong>Una Experiencia Imperdible<\/strong><\/h3>\n\n\n\n<p>Visitar la Capilla de los Scrovegni significa sumergirse en la genialidad de Giotto y en su magistral uso de la perspectiva y del color. Para preservar los frescos, la entrada est\u00e1 regulada mediante un sistema de control clim\u00e1tico. Se recomienda encarecidamente reservar con antelaci\u00f3n.<\/p>\n\n\n\n<h3 class=\"wp-block-heading\"><strong>Al\u00f3jate en el Hotel Giotto de Padua<\/strong><\/h3>\n\n\n\n<p>Situado a pocos minutos de la Capilla de los Scrovegni, el <strong><a href=\"https:\/\/hotelgiotto.com\/es\/\" data-type=\"link\" data-id=\"https:\/\/hotelgiotto.com\/es\/\">Hotel Giotto de Padua<\/a><\/strong> es la elecci\u00f3n ideal para quienes desean explorar el patrimonio art\u00edstico de la ciudad con el m\u00e1ximo confort. Despu\u00e9s de un d\u00eda entre historia y arte, podr\u00e1s relajarte en nuestras acogedoras habitaciones y vivir una experiencia \u00fanica.<\/p>\n\n\n\n<p><strong>Ven a descubrir la magia de la Capilla de los Scrovegni y d\u00e9jate cautivar por la belleza atemporal de los frescos de Giotto.<\/strong><\/p>\n","protected":false},"excerpt":{"rendered":"<p>La Capilla de los Scrovegni es uno de los mayores tesoros art\u00edsticos de Italia, una joya de la pintura del siglo XIV situada en el coraz\u00f3n de Padua. Encargada por Enrico Scrovegni y decorada con frescos de Giotto entre 1303 y 1305, la capilla es c\u00e9lebre por su Ciclo de la Vida de Mar\u00eda y [&hellip;]<\/p>\n","protected":false},"author":1,"featured_media":4679,"parent":0,"menu_order":0,"comment_status":"closed","ping_status":"closed","template":"","meta":{"_acf_changed":false,"footnotes":""},"class_list":["post-4677","page","type-page","status-publish","has-post-thumbnail","hentry"],"acf":[],"_links":{"self":[{"href":"https:\/\/hotelgiotto.com\/es\/wp-json\/wp\/v2\/pages\/4677","targetHints":{"allow":["GET"]}}],"collection":[{"href":"https:\/\/hotelgiotto.com\/es\/wp-json\/wp\/v2\/pages"}],"about":[{"href":"https:\/\/hotelgiotto.com\/es\/wp-json\/wp\/v2\/types\/page"}],"author":[{"embeddable":true,"href":"https:\/\/hotelgiotto.com\/es\/wp-json\/wp\/v2\/users\/1"}],"replies":[{"embeddable":true,"href":"https:\/\/hotelgiotto.com\/es\/wp-json\/wp\/v2\/comments?post=4677"}],"version-history":[{"count":1,"href":"https:\/\/hotelgiotto.com\/es\/wp-json\/wp\/v2\/pages\/4677\/revisions"}],"predecessor-version":[{"id":4681,"href":"https:\/\/hotelgiotto.com\/es\/wp-json\/wp\/v2\/pages\/4677\/revisions\/4681"}],"wp:featuredmedia":[{"embeddable":true,"href":"https:\/\/hotelgiotto.com\/es\/wp-json\/wp\/v2\/media\/4679"}],"wp:attachment":[{"href":"https:\/\/hotelgiotto.com\/es\/wp-json\/wp\/v2\/media?parent=4677"}],"curies":[{"name":"wp","href":"https:\/\/api.w.org\/{rel}","templated":true}]}}