{"id":4686,"date":"2025-02-26T12:37:46","date_gmt":"2025-02-26T12:37:46","guid":{"rendered":"https:\/\/hotelgiotto.com\/musei-civici-eremitani\/"},"modified":"2025-09-03T09:24:41","modified_gmt":"2025-09-03T09:24:41","slug":"museos-civicos-de-los-eremitani-un-viaje-por-el-arte-y-la-historia","status":"publish","type":"page","link":"https:\/\/hotelgiotto.com\/es\/museos-civicos-de-los-eremitani-un-viaje-por-el-arte-y-la-historia\/","title":{"rendered":"Museos C\u00edvicos de los Eremitani: un viaje por el arte y la historia"},"content":{"rendered":"\n<p>Los <strong><a href=\"https:\/\/padovacultura.padovanet.it\/it\/musei\/museo-eremitani\" target=\"_blank\" data-type=\"link\" data-id=\"https:\/\/padovacultura.padovanet.it\/it\/musei\/museo-eremitani\" rel=\"noreferrer noopener\">Museos C\u00edvicos de los Eremitani<\/a><\/strong> representan uno de los polos culturales m\u00e1s importantes de <strong>Padua<\/strong>, un lugar que custodia <strong>siglos de historia, arte y arqueolog\u00eda<\/strong>. Situados junto a la Capilla de los Scrovegni y al antiguo convento de los Eremitani, los museos ofrecen un recorrido fascinante a trav\u00e9s de las colecciones art\u00edsticas y arqueol\u00f3gicas de la ciudad.<\/p>\n\n\n\n<h3 class=\"wp-block-heading\"><strong>Un Patrimonio de Valor Incalculable<\/strong><\/h3>\n\n\n\n<p>Los Museos C\u00edvicos de los Eremitani comprenden:<\/p>\n\n\n\n<ul class=\"wp-block-list\">\n<li><strong>El Museo Arqueol\u00f3gico<\/strong>, que re\u00fane hallazgos prerromanos y romanos, entre ellos mosaicos, esculturas y objetos que narran la historia antigua de Padua.<\/li>\n\n\n\n<li><strong>El Museo de Arte Medieval y Moderno<\/strong>, que alberga una rica colecci\u00f3n de pinturas del siglo XIV al XIX, con obras de <strong>Giorgione, Tiziano, Tintoretto, Veron\u00e9s y Giotto<\/strong>.<\/li>\n\n\n\n<li><strong>Las Colecciones Numism\u00e1ticas<\/strong>, con monedas y medallas que testimonian la evoluci\u00f3n econ\u00f3mica de la regi\u00f3n a lo largo de los siglos.<\/li>\n<\/ul>\n\n\n\n<h3 class=\"wp-block-heading\"><strong>Un Lugar de Cultura y Belleza<\/strong><\/h3>\n\n\n\n<p>Adem\u00e1s de la extraordinaria colecci\u00f3n de arte, los Museos C\u00edvicos de los Eremitani son un punto de referencia para eventos y exposiciones temporales que enriquecen la oferta cultural de la ciudad. El museo es perfecto para quienes desean descubrir la historia de Padua a trav\u00e9s del arte y la arqueolog\u00eda.<\/p>\n\n\n\n<h3 class=\"wp-block-heading\"><strong>Visita los Museos y Al\u00f3jate en el Hotel Giotto<\/strong><\/h3>\n\n\n\n<p>Situado a pocos minutos de los <strong>Museos C\u00edvicos de los Eremitani<\/strong>, el <strong><a href=\"https:\/\/hotelgiotto.com\/es\/\" data-type=\"link\" data-id=\"https:\/\/hotelgiotto.com\/es\/\">Hotel Giotto<\/a> de Padua<\/strong> es la elecci\u00f3n ideal para quienes desean sumergirse en el patrimonio cultural de la ciudad. Tras un d\u00eda descubriendo el arte y la historia, podr\u00e1s relajarte en nuestras acogedoras habitaciones y vivir una estancia inolvidable.<\/p>\n\n\n\n<p><strong>\u00a1Explora los Museos C\u00edvicos de los Eremitani y d\u00e9jate cautivar por el patrimonio hist\u00f3rico y art\u00edstico de Padua!<\/strong><\/p>\n\n","protected":false},"excerpt":{"rendered":"<p>Los Museos C\u00edvicos de los Eremitani representan uno de los polos culturales m\u00e1s importantes de Padua, un lugar que custodia siglos de historia, arte y arqueolog\u00eda. Situados junto a la Capilla de los Scrovegni y al antiguo convento de los Eremitani, los museos ofrecen un recorrido fascinante a trav\u00e9s de las colecciones art\u00edsticas y arqueol\u00f3gicas [&hellip;]<\/p>\n","protected":false},"author":1,"featured_media":4687,"parent":0,"menu_order":0,"comment_status":"closed","ping_status":"closed","template":"","meta":{"_acf_changed":false,"footnotes":""},"class_list":["post-4686","page","type-page","status-publish","has-post-thumbnail","hentry"],"acf":[],"_links":{"self":[{"href":"https:\/\/hotelgiotto.com\/es\/wp-json\/wp\/v2\/pages\/4686","targetHints":{"allow":["GET"]}}],"collection":[{"href":"https:\/\/hotelgiotto.com\/es\/wp-json\/wp\/v2\/pages"}],"about":[{"href":"https:\/\/hotelgiotto.com\/es\/wp-json\/wp\/v2\/types\/page"}],"author":[{"embeddable":true,"href":"https:\/\/hotelgiotto.com\/es\/wp-json\/wp\/v2\/users\/1"}],"replies":[{"embeddable":true,"href":"https:\/\/hotelgiotto.com\/es\/wp-json\/wp\/v2\/comments?post=4686"}],"version-history":[{"count":2,"href":"https:\/\/hotelgiotto.com\/es\/wp-json\/wp\/v2\/pages\/4686\/revisions"}],"predecessor-version":[{"id":4689,"href":"https:\/\/hotelgiotto.com\/es\/wp-json\/wp\/v2\/pages\/4686\/revisions\/4689"}],"wp:featuredmedia":[{"embeddable":true,"href":"https:\/\/hotelgiotto.com\/es\/wp-json\/wp\/v2\/media\/4687"}],"wp:attachment":[{"href":"https:\/\/hotelgiotto.com\/es\/wp-json\/wp\/v2\/media?parent=4686"}],"curies":[{"name":"wp","href":"https:\/\/api.w.org\/{rel}","templated":true}]}}