{"id":4694,"date":"2024-12-20T08:35:24","date_gmt":"2024-12-20T08:35:24","guid":{"rendered":"https:\/\/hotelgiotto.com\/orto-botanico-di-padova-un-viaggio-nella-storia-e-nella-natura\/"},"modified":"2025-09-03T09:24:40","modified_gmt":"2025-09-03T09:24:40","slug":"jardin-botanico-de-padua-un-viaje-por-la-historia-y-la-naturaleza","status":"publish","type":"page","link":"https:\/\/hotelgiotto.com\/es\/jardin-botanico-de-padua-un-viaje-por-la-historia-y-la-naturaleza\/","title":{"rendered":"Jard\u00edn Bot\u00e1nico de Padua: un viaje por la historia y la naturaleza"},"content":{"rendered":"\n<p>El Jard\u00edn Bot\u00e1nico de Padua es un lugar extraordinario donde naturaleza, ciencia e historia se entrelazan para crear una experiencia \u00fanica. Fundado en <strong>1545<\/strong>, es el jard\u00edn bot\u00e1nico universitario m\u00e1s antiguo del mundo que a\u00fan conserva su ubicaci\u00f3n original, y fue inscrito en la lista de <strong>Patrimonios de la Humanidad de la UNESCO<\/strong> en 1997. Situado en el coraz\u00f3n de Padua, representa una parada imprescindible para quienes desean descubrir la belleza y la riqueza de la biodiversidad en un contexto hist\u00f3rico y cultural de gran valor.<\/p>\n\n\n\n<h3 class=\"wp-block-heading\"><strong>Un Museo al Aire Libre<\/strong><\/h3>\n\n\n\n<p>Visitar el Jard\u00edn Bot\u00e1nico de Padua significa sumergirse en un verdadero museo al aire libre. El jard\u00edn acoge una extraordinaria colecci\u00f3n de <strong>plantas de todo el mundo<\/strong>, distribuidas en \u00e1reas tem\u00e1ticas e invernaderos modernos. Entre ellas destaca el <strong>invernadero tropical<\/strong>, donde es posible admirar especies ex\u00f3ticas y raras. Adem\u00e1s de las plantas, el jard\u00edn alberga estructuras hist\u00f3ricas como la fuente central y los sugestivos senderos, que hacen del paseo una experiencia inolvidable.<\/p>\n\n\n\n<h3 class=\"wp-block-heading\"><strong>Investigaci\u00f3n y Conservaci\u00f3n<\/strong><\/h3>\n\n\n\n<p>El Jard\u00edn Bot\u00e1nico no es solo un lugar de belleza natural, sino tambi\u00e9n un importante <strong>centro de investigaci\u00f3n y ense\u00f1anza<\/strong>. Gracias a su colaboraci\u00f3n con la <a href=\"https:\/\/www.unipd.it\/\" target=\"_blank\" rel=\"noreferrer noopener nofollow\">Universidad de Padua<\/a>, desempe\u00f1a un papel fundamental en el estudio de las plantas y en la conservaci\u00f3n de especies amenazadas. Es por ello un lugar ideal no solo para los amantes de la naturaleza, sino tambi\u00e9n para familias, estudiantes y turistas curiosos.<\/p>\n\n\n\n<h3 class=\"wp-block-heading\"><strong>Al\u00f3jate en el Hotel Giotto de Padua<\/strong><\/h3>\n\n\n\n<p>Si te alojas en el <strong>Hotel Giotto de Padua<\/strong>, el Jard\u00edn Bot\u00e1nico se alcanza f\u00e1cilmente a pie. Su cercan\u00eda convierte a nuestro hotel en <a href=\"https:\/\/hotelgiotto.com\/es\/donde-estamos\/\">el punto de partida perfecto para visitar esta maravilla<\/a>. Tras un d\u00eda inmerso en la naturaleza, podr\u00e1s relajarte en nuestras c\u00f3modas habitaciones y disfrutar de nuestra c\u00e1lida hospitalidad.<\/p>\n\n\n\n<p><strong>No pierdas la oportunidad de explorar esta joya \u00fanica en el mundo<\/strong>: el Jard\u00edn Bot\u00e1nico de Padua te espera para regalarte emociones y descubrimientos inolvidables.<br><br>Fuente foto: <a href=\"https:\/\/ortobotanico1545.it\/\" target=\"_blank\" rel=\"noopener\">https:\/\/ortobotanico1545.it\/<\/a><\/p>\n","protected":false},"excerpt":{"rendered":"<p>El Jard\u00edn Bot\u00e1nico de Padua es un lugar extraordinario donde naturaleza, ciencia e historia se entrelazan para crear una experiencia \u00fanica. Fundado en 1545, es el jard\u00edn bot\u00e1nico universitario m\u00e1s antiguo del mundo que a\u00fan conserva su ubicaci\u00f3n original, y fue inscrito en la lista de Patrimonios de la Humanidad de la UNESCO en 1997. [&hellip;]<\/p>\n","protected":false},"author":1,"featured_media":4695,"parent":0,"menu_order":0,"comment_status":"closed","ping_status":"closed","template":"","meta":{"_acf_changed":false,"footnotes":""},"class_list":["post-4694","page","type-page","status-publish","has-post-thumbnail","hentry"],"acf":[],"_links":{"self":[{"href":"https:\/\/hotelgiotto.com\/es\/wp-json\/wp\/v2\/pages\/4694","targetHints":{"allow":["GET"]}}],"collection":[{"href":"https:\/\/hotelgiotto.com\/es\/wp-json\/wp\/v2\/pages"}],"about":[{"href":"https:\/\/hotelgiotto.com\/es\/wp-json\/wp\/v2\/types\/page"}],"author":[{"embeddable":true,"href":"https:\/\/hotelgiotto.com\/es\/wp-json\/wp\/v2\/users\/1"}],"replies":[{"embeddable":true,"href":"https:\/\/hotelgiotto.com\/es\/wp-json\/wp\/v2\/comments?post=4694"}],"version-history":[{"count":1,"href":"https:\/\/hotelgiotto.com\/es\/wp-json\/wp\/v2\/pages\/4694\/revisions"}],"predecessor-version":[{"id":4697,"href":"https:\/\/hotelgiotto.com\/es\/wp-json\/wp\/v2\/pages\/4694\/revisions\/4697"}],"wp:featuredmedia":[{"embeddable":true,"href":"https:\/\/hotelgiotto.com\/es\/wp-json\/wp\/v2\/media\/4695"}],"wp:attachment":[{"href":"https:\/\/hotelgiotto.com\/es\/wp-json\/wp\/v2\/media?parent=4694"}],"curies":[{"name":"wp","href":"https:\/\/api.w.org\/{rel}","templated":true}]}}