{"id":4698,"date":"2024-12-19T13:36:51","date_gmt":"2024-12-19T13:36:51","guid":{"rendered":"https:\/\/hotelgiotto.com\/palazzo-della-ragione-uno-dei-tesori-storici-di-padova\/"},"modified":"2025-09-03T09:24:42","modified_gmt":"2025-09-03T09:24:42","slug":"palacio-de-la-ragione-padua-uno-de-los-tesoros-historicos-de-la-ciudad","status":"publish","type":"page","link":"https:\/\/hotelgiotto.com\/es\/palacio-de-la-ragione-padua-uno-de-los-tesoros-historicos-de-la-ciudad\/","title":{"rendered":"Palacio de la Ragione Padua: uno de los tesoros hist\u00f3ricos de la ciudad"},"content":{"rendered":"\n<p>El <strong>Palacio de la Ragione<\/strong> es uno de los s\u00edmbolos m\u00e1s representativos de Padua, una obra maestra arquitect\u00f3nica que cuenta la historia de la ciudad. Situado en el coraz\u00f3n del casco hist\u00f3rico, este imponente edificio medieval es f\u00e1cilmente accesible desde el <strong>Hotel Giotto<\/strong>, que ofrece una <a href=\"https:\/\/hotelgiotto.com\/es\/donde-estamos\/\">ubicaci\u00f3n privilegiada<\/a> para explorar Padua y sus maravillas.<\/p>\n\n\n\n<h3 class=\"wp-block-heading\"><strong>La Historia del Palacio de la Ragione<\/strong><\/h3>\n\n\n\n<p>Construido en 1218, el <strong>Palacio de la Ragione<\/strong> fue durante siglos el centro de la vida pol\u00edtica y comercial de Padua. Conocido como el \u00abSal\u00f3n\u00bb por su majestuosa sala superior, es famoso por el techo de madera en forma de casco de nave y por el ciclo de frescos medievales que decoran sus paredes, representando astrolog\u00eda, mitos y escenas de la vida cotidiana.<\/p>\n\n\n\n<p>El <strong>Hotel Giotto<\/strong>, situado a pocos minutos a pie del <strong>Palacio de la Ragione<\/strong>, ofrece la comodidad de visitar esta maravilla hist\u00f3rica sin necesidad de transporte.<\/p>\n\n\n\n<h3 class=\"wp-block-heading\"><strong>Qu\u00e9 Ver en el Palacio de la Ragione<\/strong><\/h3>\n\n\n\n<p>El <strong>Palacio de la Ragione<\/strong> es un verdadero cofre de tesoros art\u00edsticos y culturales. Entre las atracciones imprescindibles:<\/p>\n\n\n\n<ul class=\"wp-block-list\">\n<li><strong>La Sala del Sal\u00f3n<\/strong>, una de las m\u00e1s grandes de Europa, adornada con frescos medievales \u00fanicos.<\/li>\n\n\n\n<li><strong>El Caballo de madera<\/strong>, una reproducci\u00f3n del c\u00e9lebre caballo ecuestre de Donatello.<\/li>\n\n\n\n<li><strong>Las Logias y las Plazas adyacentes<\/strong>, que conectan el palacio con las animadas Piazza delle Erbe y Piazza dei Frutti, ideales para un paseo entre mercados y tiendas.<\/li>\n<\/ul>\n\n\n\n<p>Desde el <strong>Hotel Giotto<\/strong>, podr\u00e1s llegar f\u00e1cilmente al <strong>Palacio de la Ragione<\/strong>, a las plazas y a otras atracciones ic\u00f3nicas de Padua.<\/p>\n\n\n\n<h3 class=\"wp-block-heading\"><strong>Al\u00f3jate en el Hotel Giotto para Explorar Padua<\/strong><\/h3>\n\n\n\n<p>El <strong>Hotel Giotto<\/strong> es la base ideal para quienes desean descubrir el <strong>Palacio de la Ragione<\/strong> y las dem\u00e1s bellezas de la ciudad. Gracias a su ubicaci\u00f3n c\u00e9ntrica, nuestro establecimiento te permite disfrutar al m\u00e1ximo de tu estancia en Padua, ofreciendo:<\/p>\n\n\n\n<ul class=\"wp-block-list\">\n<li>Habitaciones c\u00f3modas y modernas.<\/li>\n\n\n\n<li>Conexi\u00f3n Wi-Fi gratuita.<\/li>\n\n\n\n<li><a href=\"https:\/\/hotelgiotto.com\/es\/hotel-en-el-centro-de-padua-con-aparcamiento\/\">Aparcamiento privado<\/a> de pago para la m\u00e1xima comodidad.<\/li>\n<\/ul>\n\n\n\n<p>Despu\u00e9s de un d\u00eda explorando el <strong>Palacio de la Ragione<\/strong>, podr\u00e1s relajarte en nuestras acogedoras habitaciones, disfrutando de un ambiente tranquilo y familiar.<\/p>\n\n\n\n<h3 class=\"wp-block-heading\">Eventos y Exposiciones en el Palacio de la Ragione de Padua<\/h3>\n\n\n\n<p>El <strong>Palacio de la Ragione<\/strong> es tambi\u00e9n un importante centro cultural que acoge exposiciones temporales, eventos y manifestaciones durante todo el a\u00f1o. Al alojarte en el <strong>Hotel Giotto<\/strong>, estar\u00e1s a pocos pasos de estas actividades y podr\u00e1s aprovechar la ubicaci\u00f3n privilegiada para participar en eventos exclusivos.<\/p>\n\n","protected":false},"excerpt":{"rendered":"<p>El Palacio de la Ragione es uno de los s\u00edmbolos m\u00e1s representativos de Padua, una obra maestra arquitect\u00f3nica que cuenta la historia de la ciudad. Situado en el coraz\u00f3n del casco hist\u00f3rico, este imponente edificio medieval es f\u00e1cilmente accesible desde el Hotel Giotto, que ofrece una ubicaci\u00f3n privilegiada para explorar Padua y sus maravillas. La [&hellip;]<\/p>\n","protected":false},"author":1,"featured_media":4699,"parent":0,"menu_order":0,"comment_status":"closed","ping_status":"closed","template":"","meta":{"_acf_changed":false,"footnotes":""},"class_list":["post-4698","page","type-page","status-publish","has-post-thumbnail","hentry"],"acf":[],"_links":{"self":[{"href":"https:\/\/hotelgiotto.com\/es\/wp-json\/wp\/v2\/pages\/4698","targetHints":{"allow":["GET"]}}],"collection":[{"href":"https:\/\/hotelgiotto.com\/es\/wp-json\/wp\/v2\/pages"}],"about":[{"href":"https:\/\/hotelgiotto.com\/es\/wp-json\/wp\/v2\/types\/page"}],"author":[{"embeddable":true,"href":"https:\/\/hotelgiotto.com\/es\/wp-json\/wp\/v2\/users\/1"}],"replies":[{"embeddable":true,"href":"https:\/\/hotelgiotto.com\/es\/wp-json\/wp\/v2\/comments?post=4698"}],"version-history":[{"count":1,"href":"https:\/\/hotelgiotto.com\/es\/wp-json\/wp\/v2\/pages\/4698\/revisions"}],"predecessor-version":[{"id":4701,"href":"https:\/\/hotelgiotto.com\/es\/wp-json\/wp\/v2\/pages\/4698\/revisions\/4701"}],"wp:featuredmedia":[{"embeddable":true,"href":"https:\/\/hotelgiotto.com\/es\/wp-json\/wp\/v2\/media\/4699"}],"wp:attachment":[{"href":"https:\/\/hotelgiotto.com\/es\/wp-json\/wp\/v2\/media?parent=4698"}],"curies":[{"name":"wp","href":"https:\/\/api.w.org\/{rel}","templated":true}]}}