{"id":4719,"date":"2024-12-19T13:04:41","date_gmt":"2024-12-19T13:04:41","guid":{"rendered":"https:\/\/hotelgiotto.com\/piazza-prato-della-valle-una-delle-piazze-piu-grandi-deuropa\/"},"modified":"2025-09-03T09:24:45","modified_gmt":"2025-09-03T09:24:45","slug":"plaza-prato-della-valle","status":"publish","type":"page","link":"https:\/\/hotelgiotto.com\/es\/plaza-prato-della-valle\/","title":{"rendered":"Plaza Prato della Valle: una de las m\u00e1s grandes de Europa"},"content":{"rendered":"\n<p><strong>Piazza Prato della Valle<\/strong> es uno de los s\u00edmbolos m\u00e1s famosos de Padua, una de las plazas m\u00e1s grandes de Europa y un lugar imperdible para quienes visitan la ciudad. Su belleza arquitect\u00f3nica, combinada con su rica historia y su atm\u00f3sfera sugestiva, la convierte en una parada obligada. A solo 300 metros del <strong>Hotel Giotto<\/strong>, esta plaza ic\u00f3nica es f\u00e1cilmente accesible para los hu\u00e9spedes de nuestro establecimiento.<\/p>\n\n\n\n<h3 class=\"wp-block-heading\"><strong>La Historia de la Piazza Prato della Valle<\/strong><\/h3>\n\n\n\n<p>Antiguamente una zona pantanosa, esta plaza fue transformada en el siglo XVIII por el arquitecto Andrea Memmo en un elegante espacio p\u00fablico. En el centro se encuentra la <strong>Isola Memmia<\/strong>, rodeada por un canal adornado con 78 estatuas que representan personajes hist\u00f3ricos vinculados a la ciudad de Padua. Al alojarte en el <strong>Hotel Giotto<\/strong>, podr\u00e1s descubrir f\u00e1cilmente las curiosidades y los acontecimientos que han convertido este lugar en uno de los m\u00e1s queridos de la ciudad.<\/p>\n\n\n\n<h3 class=\"wp-block-heading\"><strong>Qu\u00e9 Ver<\/strong><\/h3>\n\n\n\n<p>Visitar esta plaza significa sumergirse en la historia y la belleza de Padua. Entre las principales atracciones se encuentran:<\/p>\n\n\n\n<ul class=\"wp-block-list\">\n<li><strong>Las 78 estatuas hist\u00f3ricas<\/strong>, que narran siglos de cultura y arte.<\/li>\n\n\n\n<li><strong>La Isola Memmia<\/strong>, un rinc\u00f3n verde perfecto para pasear y relajarse.<\/li>\n\n\n\n<li><strong>La Bas\u00edlica de Santa Giustina<\/strong>, que ofrece un espl\u00e9ndido ejemplo de arquitectura sagrada.<\/li>\n<\/ul>\n\n\n\n<p>Gracias a la ubicaci\u00f3n estrat\u00e9gica del <strong>Hotel Giotto<\/strong>, podr\u00e1s explorar estas maravillas sin estr\u00e9s.<\/p>\n\n\n\n<h3 class=\"wp-block-heading\"><strong>Eventos y Actividades<\/strong><\/h3>\n\n\n\n<p>A lo largo del a\u00f1o, la plaza acoge mercados, festivales y eventos culturales. Cada s\u00e1bado por la ma\u00f1ana se celebra el mercado semanal, mientras que en otras ocasiones se organizan conciertos y manifestaciones. El <strong>Hotel Giotto<\/strong> es el punto de partida ideal para participar en estas actividades y descubrir el coraz\u00f3n palpitante de la ciudad.<\/p>\n\n","protected":false},"excerpt":{"rendered":"<p>Piazza Prato della Valle es uno de los s\u00edmbolos m\u00e1s famosos de Padua, una de las plazas m\u00e1s grandes de Europa y un lugar imperdible para quienes visitan la ciudad. Su belleza arquitect\u00f3nica, combinada con su rica historia y su atm\u00f3sfera sugestiva, la convierte en una parada obligada. A solo 300 metros del Hotel Giotto, [&hellip;]<\/p>\n","protected":false},"author":1,"featured_media":4720,"parent":0,"menu_order":0,"comment_status":"closed","ping_status":"closed","template":"","meta":{"_acf_changed":false,"footnotes":""},"class_list":["post-4719","page","type-page","status-publish","has-post-thumbnail","hentry"],"acf":[],"_links":{"self":[{"href":"https:\/\/hotelgiotto.com\/es\/wp-json\/wp\/v2\/pages\/4719","targetHints":{"allow":["GET"]}}],"collection":[{"href":"https:\/\/hotelgiotto.com\/es\/wp-json\/wp\/v2\/pages"}],"about":[{"href":"https:\/\/hotelgiotto.com\/es\/wp-json\/wp\/v2\/types\/page"}],"author":[{"embeddable":true,"href":"https:\/\/hotelgiotto.com\/es\/wp-json\/wp\/v2\/users\/1"}],"replies":[{"embeddable":true,"href":"https:\/\/hotelgiotto.com\/es\/wp-json\/wp\/v2\/comments?post=4719"}],"version-history":[{"count":1,"href":"https:\/\/hotelgiotto.com\/es\/wp-json\/wp\/v2\/pages\/4719\/revisions"}],"predecessor-version":[{"id":4722,"href":"https:\/\/hotelgiotto.com\/es\/wp-json\/wp\/v2\/pages\/4719\/revisions\/4722"}],"wp:featuredmedia":[{"embeddable":true,"href":"https:\/\/hotelgiotto.com\/es\/wp-json\/wp\/v2\/media\/4720"}],"wp:attachment":[{"href":"https:\/\/hotelgiotto.com\/es\/wp-json\/wp\/v2\/media?parent=4719"}],"curies":[{"name":"wp","href":"https:\/\/api.w.org\/{rel}","templated":true}]}}