{"id":4723,"date":"2025-02-26T11:10:21","date_gmt":"2025-02-26T11:10:21","guid":{"rendered":"https:\/\/hotelgiotto.com\/universita-di-padova\/"},"modified":"2025-09-03T09:24:47","modified_gmt":"2025-09-03T09:24:47","slug":"universidad-de-padua","status":"publish","type":"page","link":"https:\/\/hotelgiotto.com\/es\/universidad-de-padua\/","title":{"rendered":"Universidad de Padua: m\u00e1s de ocho siglos de historia e innovaci\u00f3n"},"content":{"rendered":"\n<p>La <a href=\"https:\/\/www.unipd.it\/\" target=\"_blank\" data-type=\"link\" data-id=\"https:\/\/www.unipd.it\/\" rel=\"noreferrer noopener\"><strong>Universidad de Padua<\/strong><\/a> es una de las instituciones acad\u00e9micas m\u00e1s antiguas y prestigiosas de Europa, fundada en el <strong>1222<\/strong>. Con m\u00e1s de <strong>800 a\u00f1os de historia<\/strong>, ha sido un faro del conocimiento, la investigaci\u00f3n y la innovaci\u00f3n, atrayendo a estudiantes y estudiosos de todo el mundo.<\/p>\n\n\n\n<h3 class=\"wp-block-heading\"><strong>Una Excelencia Acad\u00e9mica de Relevancia Internacional<\/strong><\/h3>\n\n\n\n<p>La Universidad de Padua ha acogido a algunas de las mentes m\u00e1s brillantes de la historia, entre ellas <strong><a href=\"https:\/\/www.focus.it\/cultura\/storia\/galileo-galilei-chi-era\" data-type=\"link\" data-id=\"https:\/\/www.focus.it\/cultura\/storia\/galileo-galilei-chi-era\" target=\"_blank\" rel=\"noopener\">Galileo Galilei<\/a><\/strong>, quien ense\u00f1\u00f3 all\u00ed entre 1592 y 1610. A\u00fan hoy, la universidad es un centro de excelencia en muchas disciplinas, desde la medicina hasta la ingenier\u00eda, pasando por las ciencias humanas y la f\u00edsica.<\/p>\n\n\n\n<p>Entre sus estructuras m\u00e1s c\u00e9lebres destaca el <strong><a href=\"https:\/\/www.unipd.it\/visite-bo-sala-giganti\" target=\"_blank\" data-type=\"link\" data-id=\"https:\/\/www.unipd.it\/visite-bo-sala-giganti\" rel=\"noreferrer noopener\">Palacio del Bo<\/a><\/strong>, sede hist\u00f3rica de la universidad, donde se encuentra el <strong>Aula Magna<\/strong> y el famoso <strong>Teatro Anat\u00f3mico<\/strong>, el teatro anat\u00f3mico permanente m\u00e1s antiguo del mundo, utilizado desde 1594 para el estudio de la medicina.<\/p>\n\n\n\n<h3 class=\"wp-block-heading\"><strong>Un S\u00edmbolo de Libertad e Investigaci\u00f3n<\/strong><\/h3>\n\n\n\n<p>La universidad paduana se ha distinguido a lo largo de los siglos por su esp\u00edritu progresista e innovador. Aqu\u00ed, en 1678, se gradu\u00f3 <strong>Elena Lucrezia Cornaro Piscopia<\/strong>, la primera mujer en el mundo en obtener un doctorado, marcando un momento hist\u00f3rico en la educaci\u00f3n superior.<\/p>\n\n\n\n<h3 class=\"wp-block-heading\"><strong>Visita Padua y Al\u00f3jate en el Hotel Giotto<\/strong><\/h3>\n\n\n\n<p>Situado a pocos minutos de la Universidad de Padua, el <strong><a href=\"https:\/\/hotelgiotto.com\/es\/\" data-type=\"link\" data-id=\"https:\/\/hotelgiotto.com\/es\/\">Hotel Giotto<\/a><\/strong> es la elecci\u00f3n perfecta para quienes desean explorar el patrimonio cultural y cient\u00edfico de la ciudad. Tras un d\u00eda descubriendo sus maravillas, podr\u00e1s relajarte en nuestras c\u00f3modas habitaciones y disfrutar de una acogida impecable.<\/p>\n\n\n\n<p><strong>\u00a1Ven a descubrir la historia, la cultura y el conocimiento que hacen de la Universidad de Padua una de las instituciones m\u00e1s prestigiosas del mundo!<\/strong><\/p>\n\n","protected":false},"excerpt":{"rendered":"<p>La Universidad de Padua es una de las instituciones acad\u00e9micas m\u00e1s antiguas y prestigiosas de Europa, fundada en el 1222. Con m\u00e1s de 800 a\u00f1os de historia, ha sido un faro del conocimiento, la investigaci\u00f3n y la innovaci\u00f3n, atrayendo a estudiantes y estudiosos de todo el mundo. Una Excelencia Acad\u00e9mica de Relevancia Internacional La Universidad [&hellip;]<\/p>\n","protected":false},"author":1,"featured_media":4724,"parent":0,"menu_order":0,"comment_status":"closed","ping_status":"closed","template":"","meta":{"_acf_changed":false,"footnotes":""},"class_list":["post-4723","page","type-page","status-publish","has-post-thumbnail","hentry"],"acf":[],"_links":{"self":[{"href":"https:\/\/hotelgiotto.com\/es\/wp-json\/wp\/v2\/pages\/4723","targetHints":{"allow":["GET"]}}],"collection":[{"href":"https:\/\/hotelgiotto.com\/es\/wp-json\/wp\/v2\/pages"}],"about":[{"href":"https:\/\/hotelgiotto.com\/es\/wp-json\/wp\/v2\/types\/page"}],"author":[{"embeddable":true,"href":"https:\/\/hotelgiotto.com\/es\/wp-json\/wp\/v2\/users\/1"}],"replies":[{"embeddable":true,"href":"https:\/\/hotelgiotto.com\/es\/wp-json\/wp\/v2\/comments?post=4723"}],"version-history":[{"count":1,"href":"https:\/\/hotelgiotto.com\/es\/wp-json\/wp\/v2\/pages\/4723\/revisions"}],"predecessor-version":[{"id":4726,"href":"https:\/\/hotelgiotto.com\/es\/wp-json\/wp\/v2\/pages\/4723\/revisions\/4726"}],"wp:featuredmedia":[{"embeddable":true,"href":"https:\/\/hotelgiotto.com\/es\/wp-json\/wp\/v2\/media\/4724"}],"wp:attachment":[{"href":"https:\/\/hotelgiotto.com\/es\/wp-json\/wp\/v2\/media?parent=4723"}],"curies":[{"name":"wp","href":"https:\/\/api.w.org\/{rel}","templated":true}]}}