{"id":4731,"date":"2022-10-18T12:18:50","date_gmt":"2022-10-18T12:18:50","guid":{"rendered":"https:\/\/hotelgiotto.com\/privacy-policy-2\/"},"modified":"2025-09-03T09:24:45","modified_gmt":"2025-09-03T09:24:45","slug":"privacy-policy","status":"publish","type":"page","link":"https:\/\/hotelgiotto.com\/es\/privacy-policy\/","title":{"rendered":"Privacy Policy"},"content":{"rendered":"\n<p><strong>Generalidades<\/strong><\/p>\n\n\n\n<p>LIVIANA SRL ha desarrollado esta Pol\u00edtica de Privacidad en Internet con el fin de presentarse como un sujeto de confianza que asegura, respeta y mantiene el derecho a la privacidad de los Visitantes en el entorno online.<\/p>\n\n\n\n<p>LIVIANA SRL, una sociedad de derecho italiano registrada con el n\u00famero PD\/348959 y con sede legal en Piazzale Pontecorvo 33 &#8211; 35121 Padua, es el titular del tratamiento de los datos personales eventualmente recogidos a trav\u00e9s de este sitio, seg\u00fan lo definido por el Reglamento Europeo GDPR 679\/2016. El titular tratar\u00e1 los datos eventualmente recogidos a trav\u00e9s de este sitio web (www.hotelgiotto.com) con las finalidades, modalidades y conforme a lo espec\u00edficamente ilustrado a continuaci\u00f3n.<\/p>\n\n\n\n<p><strong>Recogida de datos personales y finalidad del tratamiento<\/strong><\/p>\n\n\n\n<p>LIVIANA SRL recoger\u00e1 y tratar\u00e1 \u00fanicamente los datos personales proporcionados voluntariamente por los Visitantes de este sitio. Los Visitantes pueden navegar por el sitio sin revelar informaci\u00f3n ni datos personales. Cada Visitante puede optar por proporcionar a LIVIANA SRL datos personales limitados seg\u00fan lo solicitado con el fin de obtener informaci\u00f3n sobre nuestros servicios. Una vez registrados, los datos personales recogidos se utilizar\u00e1n \u00fanicamente para los servicios indicados en la informaci\u00f3n disponible.<\/p>\n\n\n\n<p>Los Visitantes del sitio pueden facilitar sus datos para:<\/p>\n\n\n\n<ul class=\"wp-block-list\"><li>suscribirse a nuestro bolet\u00edn<\/li><li>solicitar informaci\u00f3n sobre ofertas, disponibilidad para estancias o eventos<\/li><li>reservar en nuestro establecimiento una estancia\/vacaciones o adquirir un servicio (por ejemplo, Wellness, etc.)<\/li><\/ul>\n\n\n\n<p><strong>Comunicaci\u00f3n a terceros<\/strong><\/p>\n\n\n\n<p>Los datos personales no ser\u00e1n comunicados a otras sociedades sin su consentimiento expreso, salvo que puedan ser transmitidos a Entidades e Instituciones para el cumplimiento de obligaciones legales.<\/p>\n\n\n\n<p>LIVIANA SRL no recoge deliberadamente, a trav\u00e9s del sitio web, datos personales sensibles o judiciales.<\/p>\n\n\n\n<p>Los datos sensibles, seg\u00fan el art. 4 del Reglamento Europeo GDPR 679\/2016, incluyen aquellos datos personales id\u00f3neos para revelar el origen racial y \u00e9tnico, las convicciones religiosas, filos\u00f3ficas u otras, las opiniones pol\u00edticas, la afiliaci\u00f3n a partidos, sindicatos, asociaciones u organizaciones de car\u00e1cter religioso, filos\u00f3fico, pol\u00edtico o sindical, as\u00ed como datos personales id\u00f3neos para revelar el estado de salud y la vida sexual. Los datos judiciales, seg\u00fan el mismo art\u00edculo, incluyen datos personales que revelen disposiciones del art. 3, apartado 1, letras de a) a o) y de r) a u), del D.P.R. 14 noviembre 2002, n. 313, en materia de antecedentes penales, registro de sanciones administrativas derivadas de delitos y cargos pendientes, o la condici\u00f3n de imputado o investigado conforme a los art\u00edculos 60 y 61 del c\u00f3digo de procedimiento penal. Recomendamos no proporcionar dicha informaci\u00f3n a trav\u00e9s de nuestro sitio. En caso de ser necesario (por ejemplo, pertenencia a categor\u00edas protegidas al enviar un curr\u00edculum vitae con fines de empleo), les invitamos a transmitirnos una declaraci\u00f3n mediante carta certificada expresando su consentimiento por escrito para el tratamiento de dicha informaci\u00f3n.<\/p>\n\n\n\n<p><strong>Enlaces a sitios de terceros<\/strong><\/p>\n\n\n\n<p>Tenga en cuenta que <a href=\"https:\/\/www.hotelgiotto.com\/\">www.hotelgiotto.com<\/a> puede contener enlaces a otros sitios que no est\u00e1n regidos por esta pol\u00edtica de privacidad.<\/p>\n\n\n\n<p><strong>Conservaci\u00f3n de los datos<\/strong><\/p>\n\n\n\n<p>La informaci\u00f3n y los datos personales de los Visitantes recogidos a trav\u00e9s de este sitio, incluidos los datos proporcionados libremente para recibir material informativo o comunicaciones a trav\u00e9s de los formularios del sitio, se conservar\u00e1n \u00fanicamente con el fin de prestar el servicio solicitado y durante el tiempo necesario para tal fin. Una vez completado el servicio, todos los datos personales ser\u00e1n destruidos conforme a las pol\u00edticas de conservaci\u00f3n de datos de LIVIANA SRL, salvo diferente requerimiento de la autoridad o exigencias de conservaci\u00f3n previstas por la ley, o seg\u00fan lo indicado en la presente pol\u00edtica respecto al \u201cuso del sitio <a href=\"https:\/\/www.hotelgiotto.com\/\">www.hotelgiotto.com<\/a>\u201d en secciones particulares del portal o seg\u00fan solicitudes expresas.<\/p>\n\n\n\n<p><strong>Ejercicio de los derechos del interesado<\/strong><\/p>\n\n\n\n<p>En cualquier momento, conforme a los art\u00edculos 15 y siguientes del Reglamento Europeo GDPR 679\/2016, ser\u00e1 posible verificar los propios datos personales recogidos a trav\u00e9s de este sitio y eventualmente corregirlos, actualizarlos o eliminarlos, o ejercer los dem\u00e1s derechos reconocidos por la ley, escribiendo o contactando con el titular del tratamiento en la siguiente direcci\u00f3n: <a href=\"mailto:info@hotelgiotto.com\">info@hotelgiotto.com<\/a><\/p>\n\n\n\n<p><strong>Seguridad de los datos<\/strong><\/p>\n\n\n\n<p>LIVIANA SRL protege los datos personales mediante la aplicaci\u00f3n de niveles de seguridad reconocidos internacionalmente, as\u00ed como mediante procedimientos de seguridad que protegen los datos personales contra:<\/p>\n\n\n\n<p>o El acceso no autorizado<\/p>\n\n\n\n<p>o El uso indebido o la divulgaci\u00f3n<\/p>\n\n\n\n<p>o La modificaci\u00f3n no autorizada<\/p>\n\n\n\n<p>o La p\u00e9rdida o destrucci\u00f3n accidental o causada por acto il\u00edcito<\/p>\n\n\n\n<p><strong>Medidas sobre el uso del sitio <a href=\"https:\/\/www.hotelgiotto.com\/\"><strong>www.hotelgiotto.com<\/strong><\/a><\/strong><\/p>\n\n\n\n<p>En el \u00e1mbito del sitio www.hotelgiotto.com se recogen algunos datos personales relativos a los accesos web mediante el uso de cookies o a trav\u00e9s del rastreo de datos relativos al tr\u00e1fico, al tipo de navegador y al ordenador utilizado en relaci\u00f3n con la direcci\u00f3n IP del visitante. Esta informaci\u00f3n se recoge para investigaciones estad\u00edsticas generales y an\u00f3nimas.<\/p>\n\n\n\n<p>A continuaci\u00f3n, proporcionamos indicaciones espec\u00edficas relativas al funcionamiento de secciones particulares de este portal:<\/p>\n\n\n\n<p><strong>Secci\u00f3n SOLICITUD\/RESERVA\/BOOKING ONLINE<\/strong><\/p>\n\n\n\n<p>Las secciones SOLICITUD\/RESERVA\/BOOKING ONLINE de este sitio ofrecen la posibilidad de solicitar informaci\u00f3n sobre ofertas, disponibilidad para estancias\/vacaciones o reservar\/adquirir vacaciones, estancias u otros servicios (por ejemplo, Wellness, etc.). Si decide enviar sus datos personales, ser\u00e1n tratados exclusivamente para tales fines por personal espec\u00edficamente autorizado y conforme a los procedimientos internos habituales.<\/p>\n\n\n\n<p><strong>Secci\u00f3n \u201cJOBS \u2013 TRABAJA CON NOSOTROS\u201d<\/strong><\/p>\n\n\n\n<p>La secci\u00f3n \u201cJOBS \u2013 TRABAJA CON NOSOTROS\u201d de este sitio ofrece la posibilidad de manifestar inter\u00e9s en trabajar en nuestra empresa o responder a una oferta de empleo para puestos vacantes o nuevas posiciones. Si decide enviar sus datos personales, ser\u00e1n tratados exclusivamente para tales fines por personal espec\u00edficamente autorizado y conforme a los procedimientos internos habituales de gesti\u00f3n de personal.<\/p>\n\n\n\n<p><strong>Suscripci\u00f3n al Bolet\u00edn<\/strong><\/p>\n\n\n\n<p>En caso de que el usuario del sitio www.hotelgiotto.com decida suscribirse a nuestro bolet\u00edn, deber\u00e1 facilitar sus datos personales (por ejemplo, direcci\u00f3n de correo electr\u00f3nico, etc.) mediante la cumplimentaci\u00f3n del formulario correspondiente presente en la secci\u00f3n \u201cnewsletter\u201d. Los datos recogidos ser\u00e1n tratados para el env\u00edo del bolet\u00edn y, en todo caso, conforme a lo indicado en la informaci\u00f3n incluida al pie de la p\u00e1gina de registro al servicio.<\/p>\n\n\n\n<p><strong>Menores de 16 a\u00f1os<\/strong><\/p>\n\n\n\n<p>El sitio www.hotelgiotto.com regulado por esta pol\u00edtica de privacidad no est\u00e1 destinado al uso por parte de menores de 16 a\u00f1os. Comprendemos la importancia de proteger la informaci\u00f3n destinada a menores, especialmente en un entorno online, y por tanto no recogemos ni mantenemos deliberadamente datos personales relativos a menores.<\/p>\n\n","protected":false},"excerpt":{"rendered":"<p>Generalidades LIVIANA SRL ha desarrollado esta Pol\u00edtica de Privacidad en Internet con el fin de presentarse como un sujeto de confianza que asegura, respeta y mantiene el derecho a la privacidad de los Visitantes en el entorno online. LIVIANA SRL, una sociedad de derecho italiano registrada con el n\u00famero PD\/348959 y con sede legal en [&hellip;]<\/p>\n","protected":false},"author":1,"featured_media":0,"parent":0,"menu_order":0,"comment_status":"closed","ping_status":"closed","template":"","meta":{"_acf_changed":false,"footnotes":""},"class_list":["post-4731","page","type-page","status-publish","hentry"],"acf":[],"_links":{"self":[{"href":"https:\/\/hotelgiotto.com\/es\/wp-json\/wp\/v2\/pages\/4731","targetHints":{"allow":["GET"]}}],"collection":[{"href":"https:\/\/hotelgiotto.com\/es\/wp-json\/wp\/v2\/pages"}],"about":[{"href":"https:\/\/hotelgiotto.com\/es\/wp-json\/wp\/v2\/types\/page"}],"author":[{"embeddable":true,"href":"https:\/\/hotelgiotto.com\/es\/wp-json\/wp\/v2\/users\/1"}],"replies":[{"embeddable":true,"href":"https:\/\/hotelgiotto.com\/es\/wp-json\/wp\/v2\/comments?post=4731"}],"version-history":[{"count":1,"href":"https:\/\/hotelgiotto.com\/es\/wp-json\/wp\/v2\/pages\/4731\/revisions"}],"predecessor-version":[{"id":4733,"href":"https:\/\/hotelgiotto.com\/es\/wp-json\/wp\/v2\/pages\/4731\/revisions\/4733"}],"wp:attachment":[{"href":"https:\/\/hotelgiotto.com\/es\/wp-json\/wp\/v2\/media?parent=4731"}],"curies":[{"name":"wp","href":"https:\/\/api.w.org\/{rel}","templated":true}]}}