{"id":5036,"date":"2025-09-12T10:02:34","date_gmt":"2025-09-12T10:02:34","guid":{"rendered":"https:\/\/hotelgiotto.com\/?page_id=5036"},"modified":"2025-09-19T11:27:11","modified_gmt":"2025-09-19T11:27:11","slug":"cuanto-tiempo-se-necesita-para-visitar-padua","status":"publish","type":"page","link":"https:\/\/hotelgiotto.com\/es\/cuanto-tiempo-se-necesita-para-visitar-padua\/","title":{"rendered":"\u00bfCu\u00e1nto tiempo se necesita para visitar Padua?"},"content":{"rendered":"\n<h2 class=\"wp-block-heading\">Si te est\u00e1s preguntando&nbsp;<strong>cu\u00e1nto tiempo se necesita para visitar Padua<\/strong>, es probable que est\u00e9s organizando un viaje por el V\u00e9neto, tal vez incluyendo Venecia, Verona o Vicenza. <\/h2>\n\n\n\n<p>La buena noticia es que Padua es una ciudad a escala humana, ideal para recorrer a pie y bien conectada. En&nbsp;<strong>uno o dos d\u00edas<\/strong>&nbsp;puedes descubrir sus principales atractivos, aunque su riqueza cultural y art\u00edstica merece incluso una estancia m\u00e1s prolongada.<\/p>\n\n\n\n<h2 class=\"wp-block-heading\">Visitar Padua en un d\u00eda<\/h2>\n\n\n\n<p>Con solo un d\u00eda a disposici\u00f3n, estos son los lugares que no puedes perderte:<\/p>\n\n\n\n<ul class=\"wp-block-list\">\n<li>La&nbsp;<strong><a href=\"https:\/\/hotelgiotto.com\/es\/la-capilla-de-los-scrovegni-el-gran-tesoro-de-giotto-en-padua\/\" data-type=\"page\" data-id=\"4677\">Capilla de los Scrovegni<\/a><\/strong>, con frescos de Giotto (requiere reserva)<\/li>\n\n\n\n<li>La&nbsp;<strong><a href=\"https:\/\/hotelgiotto.com\/es\/basilica-de-san-antonio-un-lugar-iconico-en-el-corazon-de-padua\/\" data-type=\"page\" data-id=\"4628\">Bas\u00edlica de San Antonio<\/a><\/strong>, centro de espiritualidad y peregrinaci\u00f3n<\/li>\n\n\n\n<li>El&nbsp;<strong><a href=\"https:\/\/hotelgiotto.com\/es\/plaza-prato-della-valle\/\" data-type=\"page\" data-id=\"4719\">Prato della Valle<\/a><\/strong>, una de las plazas m\u00e1s grandes de Europa<\/li>\n\n\n\n<li>Un paseo por las&nbsp;<strong>plazas hist\u00f3ricas<\/strong>: Piazza delle Erbe, Piazza della Frutta y el Palazzo della Ragione<\/li>\n<\/ul>\n\n\n\n<p>Con una buena planificaci\u00f3n, todo esto se puede visitar en&nbsp;<strong>6 a 8 horas<\/strong>.<\/p>\n\n\n\n<h2 class=\"wp-block-heading\">Dos d\u00edas en Padua: la elecci\u00f3n ideal<\/h2>\n\n\n\n<p>Un&nbsp;<strong>fin de semana en Padua<\/strong>&nbsp;permite disfrutar de la ciudad con calma y profundidad. En 48 horas puedes:<\/p>\n\n\n\n<ul class=\"wp-block-list\">\n<li>Visitar la&nbsp;<strong><a href=\"https:\/\/hotelgiotto.com\/es\/la-capilla-de-los-scrovegni-el-gran-tesoro-de-giotto-en-padua\/\">Capilla de los Scrovegni<\/a><\/strong>&nbsp;con m\u00e1s calma y los&nbsp;<strong><a href=\"https:\/\/hotelgiotto.com\/es\/museos-civicos-de-los-eremitani-un-viaje-por-el-arte-y-la-historia\/\" data-type=\"page\" data-id=\"4686\">Museos Eremitani<\/a><\/strong><\/li>\n\n\n\n<li>Descubrir el&nbsp;<strong><a href=\"https:\/\/hotelgiotto.com\/es\/jardin-botanico-de-padua-un-viaje-por-la-historia-y-la-naturaleza\/\" data-type=\"page\" data-id=\"4694\">Jard\u00edn Bot\u00e1nico de la Universidad<\/a><\/strong>, Patrimonio de la UNESCO<\/li>\n\n\n\n<li>Participar en una misa o explorar los claustros de la&nbsp;<strong><a href=\"https:\/\/hotelgiotto.com\/es\/basilica-de-san-antonio-un-lugar-iconico-en-el-corazon-de-padua\/\">Bas\u00edlica de San Antonio<\/a><\/strong><\/li>\n\n\n\n<li>Degustar productos locales en el&nbsp;<strong>Salone<\/strong>&nbsp;o en las oster\u00edas tradicionales<\/li>\n\n\n\n<li>Explorar las exposiciones del&nbsp;<strong><a href=\"https:\/\/hotelgiotto.com\/es\/palacio-zabarella-padua\/\" data-type=\"page\" data-id=\"4702\">Palacio Zabarella<\/a><\/strong><\/li>\n\n\n\n<li>Tomar un aperitivo en una de las plazas animadas al atardecer<\/li>\n<\/ul>\n\n\n\n<p>Dos d\u00edas bastan para enamorarse del alma aut\u00e9ntica de Padua.<\/p>\n\n\n\n<h2 class=\"wp-block-heading\">\u00bfPor qu\u00e9 quedarse m\u00e1s tiempo?<\/h2>\n\n\n\n<p>Con&nbsp;<strong>tres d\u00edas o m\u00e1s<\/strong>&nbsp;puedes ampliar tu itinerario incluyendo:<\/p>\n\n\n\n<ul class=\"wp-block-list\">\n<li>Una visita al\u00a0<strong><a href=\"https:\/\/hotelgiotto.com\/es\/musme-el-museo-de-medicina-de-padua\/\" data-type=\"page\" data-id=\"5056\">MUSME<\/a><\/strong>, el museo interactivo de la historia de la medicina<\/li>\n\n\n\n<li>Excursiones a las\u00a0<strong><a href=\"https:\/\/hotelgiotto.com\/es\/las-villas-venecianas-cerca-de-padua\/\" data-type=\"page\" data-id=\"5161\">villas venetas<\/a><\/strong>,\u00a0<strong><strong><a href=\"https:\/\/www.abano.it\/\" data-type=\"link\" data-id=\"https:\/\/www.abano.it\/\" target=\"_blank\" rel=\"noreferrer noopener\">Abano Terme<\/a><\/strong><\/strong>\u00a0o\u00a0<strong><strong><a href=\"http:\/\/Arqu\u00e0 Petrarca\" target=\"_blank\" rel=\"noreferrer noopener\">Arqu\u00e0 Petrarca<\/a><\/strong><\/strong><\/li>\n\n\n\n<li>Paseos por el&nbsp;<strong>canal Piovego<\/strong>&nbsp;o un&nbsp;<strong>crucero hasta Venecia<\/strong><\/li>\n\n\n\n<li>Un recorrido guiado por el&nbsp;<strong><a href=\"https:\/\/www.unipd.it\/visite-bo-sala-giganti\" target=\"_blank\" data-type=\"link\" data-id=\"https:\/\/www.unipd.it\/visite-bo-sala-giganti\" rel=\"noreferrer noopener\">Palacio del Bo<\/a><\/strong>, sede de la hist\u00f3rica universidad de Padua<\/li>\n<\/ul>\n\n\n\n<p>M\u00e1s d\u00edas significan tambi\u00e9n disfrutar de la&nbsp;<strong>atm\u00f3sfera nocturna de Padua<\/strong>, cuando las plazas se iluminan y cobran vida.<\/p>\n\n\n\n<h2 class=\"wp-block-heading\">Hotel Giotto: tu base perfecta<\/h2>\n\n\n\n<p>Ubicado en&nbsp;<strong>plaza Pontecorvo 33<\/strong>, el&nbsp;<strong><a href=\"https:\/\/hotelgiotto.com\/es\/hotel-en-el-centro-de-padua\/\" data-type=\"page\" data-id=\"4659\">Hotel Giotto<\/a><\/strong>&nbsp;est\u00e1 a un paso de la bas\u00edlica, del jard\u00edn bot\u00e1nico y del centro hist\u00f3rico. Es el punto de partida ideal para cualquier tipo de estancia:<\/p>\n\n\n\n<ul class=\"wp-block-list\">\n<li>Habitaciones c\u00f3modas y modernas<\/li>\n\n\n\n<li><strong>Wi-Fi gratuito<\/strong>&nbsp;y&nbsp;<strong>aparcamiento privado<\/strong><\/li>\n\n\n\n<li>Todo Padua a poca distancia a pie<\/li>\n<\/ul>\n\n\n\n<h2 class=\"wp-block-heading\">Conclusi\u00f3n<\/h2>\n\n\n\n<p><strong>\u00bfCu\u00e1nto tiempo se necesita para visitar Padua?<\/strong>&nbsp;Un d\u00eda es suficiente para ver lo esencial. Dos d\u00edas permiten una visita relajada. Tres o m\u00e1s, una experiencia completa. En todos los casos, el&nbsp;<strong><strong><a href=\"https:\/\/hotelgiotto.com\/es\/hotel-en-el-centro-de-padua\/\" data-type=\"page\" data-id=\"4659\">Hotel Giotto<\/a><\/strong><\/strong>&nbsp;es tu mejor elecci\u00f3n.<\/p>\n\n\n\n<p><\/p>\n","protected":false},"excerpt":{"rendered":"<p>Si te est\u00e1s preguntando&nbsp;cu\u00e1nto tiempo se necesita para visitar Padua, es probable que est\u00e9s organizando un viaje por el V\u00e9neto, tal vez incluyendo Venecia, Verona o Vicenza. La buena noticia es que Padua es una ciudad a escala humana, ideal para recorrer a pie y bien conectada. En&nbsp;uno o dos d\u00edas&nbsp;puedes descubrir sus principales atractivos, [&hellip;]<\/p>\n","protected":false},"author":1,"featured_media":4930,"parent":0,"menu_order":0,"comment_status":"closed","ping_status":"closed","template":"","meta":{"_acf_changed":false,"footnotes":""},"class_list":["post-5036","page","type-page","status-publish","has-post-thumbnail","hentry"],"acf":[],"_links":{"self":[{"href":"https:\/\/hotelgiotto.com\/es\/wp-json\/wp\/v2\/pages\/5036","targetHints":{"allow":["GET"]}}],"collection":[{"href":"https:\/\/hotelgiotto.com\/es\/wp-json\/wp\/v2\/pages"}],"about":[{"href":"https:\/\/hotelgiotto.com\/es\/wp-json\/wp\/v2\/types\/page"}],"author":[{"embeddable":true,"href":"https:\/\/hotelgiotto.com\/es\/wp-json\/wp\/v2\/users\/1"}],"replies":[{"embeddable":true,"href":"https:\/\/hotelgiotto.com\/es\/wp-json\/wp\/v2\/comments?post=5036"}],"version-history":[{"count":4,"href":"https:\/\/hotelgiotto.com\/es\/wp-json\/wp\/v2\/pages\/5036\/revisions"}],"predecessor-version":[{"id":5311,"href":"https:\/\/hotelgiotto.com\/es\/wp-json\/wp\/v2\/pages\/5036\/revisions\/5311"}],"wp:featuredmedia":[{"embeddable":true,"href":"https:\/\/hotelgiotto.com\/es\/wp-json\/wp\/v2\/media\/4930"}],"wp:attachment":[{"href":"https:\/\/hotelgiotto.com\/es\/wp-json\/wp\/v2\/media?parent=5036"}],"curies":[{"name":"wp","href":"https:\/\/api.w.org\/{rel}","templated":true}]}}