{"id":5308,"date":"2025-03-05T10:33:42","date_gmt":"2025-03-05T10:33:42","guid":{"rendered":"https:\/\/hotelgiotto.com\/?page_id=5308"},"modified":"2025-09-22T09:49:10","modified_gmt":"2025-09-22T09:49:10","slug":"faq","status":"publish","type":"page","link":"https:\/\/hotelgiotto.com\/es\/faq\/","title":{"rendered":"FAQ"},"content":{"rendered":"\n<p>\u00bfTienes preguntas sobre tu estancia o buscas <strong>informaci\u00f3n<\/strong> m\u00e1s detallada sobre c\u00f3mo llegar al hotel, qu\u00e9 ver en los alrededores o qu\u00e9 servicios ofrecemos? En esta secci\u00f3n encontrar\u00e1s respuestas <strong>claras y r\u00e1pidas<\/strong> a las preguntas m\u00e1s frecuentes de nuestros hu\u00e9spedes. Tanto si te interesa moverte por la ciudad, las atracciones cercanas como los servicios disponibles, aqu\u00ed podr\u00e1s resolver tus dudas en segundos. Las preguntas est\u00e1n organizadas de forma <strong>sencilla y r\u00e1pida<\/strong> para que encuentres f\u00e1cilmente lo que buscas.<br>\u00a1Consulta las <strong>respuestas<\/strong> a continuaci\u00f3n y prep\u00e1rate para tu estancia!<\/p>\n\n\n<div id=\"rank-math-faq\" class=\"rank-math-block\">\n<div class=\"rank-math-list \">\n<div id=\"faq-question-1758529059051\" class=\"rank-math-list-item\">\n<h3 class=\"rank-math-question \">\u00bfBuscas un hotel en Padua cerca del hospital?<\/h3>\n<div class=\"rank-math-answer \">\n<img loading=\"lazy\" decoding=\"async\" width=\"150\" height=\"150\" src=\"https:\/\/hotelgiotto.com\/wp-content\/uploads\/2024\/11\/ospedale2-150x150.jpg\" class=\"alignright\" alt=\"\" \/>\n<p>Nuestras instalaciones est\u00e1n ubicadas estrat\u00e9gicamente a solo unos pasos del Hospital de Padua, lo que las convierte en la opci\u00f3n ideal para quienes se encuentran en la ciudad para citas m\u00e9dicas o para cuidar a sus seres queridos.<br \/><a href=\"https:\/\/hotelgiotto.com\/es\/cerca-del-hospital-de-padua\/\">Lee m\u00e1s para obtener informaci\u00f3n adicional.<\/a><\/p>\n\n<\/div>\n<\/div>\n<div id=\"faq-question-1758529418644\" class=\"rank-math-list-item\">\n<h3 class=\"rank-math-question \">\u00bfBuscas un hotel en el centro de Padua con parking?<\/h3>\n<div class=\"rank-math-answer \">\n<img loading=\"lazy\" decoding=\"async\" width=\"150\" height=\"150\" src=\"https:\/\/hotelgiotto.com\/wp-content\/uploads\/2024\/12\/parcheggio-hotel-padova-150x150.webp\" class=\"alignright\" alt=\"\" \/>\n<p>Nuestra estructura se encuentra en una ubicaci\u00f3n estrat\u00e9gica, en el centro de Padua, y dispone de aparcamiento privado, ideal para quienes llegan en coche y desean visitar la ciudad sin preocupaciones.<br \/><a href=\"https:\/\/hotelgiotto.com\/es\/hotel-en-el-centro-de-padua-con-aparcamiento\/\">Lee m\u00e1s para obtener informaci\u00f3n adicional.<\/a><\/p>\n\n<\/div>\n<\/div>\n<div id=\"faq-question-1758529595978\" class=\"rank-math-list-item\">\n<h3 class=\"rank-math-question \">\u00bfBuscas un hotel en Padua cerca de la Bas\u00edlica de San Antonio?<\/h3>\n<div class=\"rank-math-answer \">\n<img loading=\"lazy\" decoding=\"async\" width=\"150\" height=\"150\" src=\"https:\/\/hotelgiotto.com\/wp-content\/uploads\/2024\/12\/Basilica-di-SantAntonio-2-150x150.webp\" class=\"alignright\" alt=\"\" \/>\n<p>Nuestra estructura se encuentra en una ubicaci\u00f3n estrat\u00e9gica, a pocos pasos de la Bas\u00edlica de San Antonio, perfecta para quienes desean visitar uno de los s\u00edmbolos de Padua con la m\u00e1xima comodidad.<br \/><a href=\"https:\/\/hotelgiotto.com\/es\/tu-hotel-cerca-de-la-basilica-de-san-antonio-padua\/\">Lee m\u00e1s para obtener informaci\u00f3n adicional.<\/a><\/p>\n\n<\/div>\n<\/div>\n<div id=\"faq-question-1758529711026\" class=\"rank-math-list-item\">\n<h3 class=\"rank-math-question \">\u00bfBuscas un hotel en Padua cerca del Jard\u00edn Bot\u00e1nico?<\/h3>\n<div class=\"rank-math-answer \">\n<img loading=\"lazy\" decoding=\"async\" width=\"150\" height=\"150\" src=\"https:\/\/hotelgiotto.com\/wp-content\/uploads\/2024\/12\/Serre-Giardino-della-Biodiversita-150x150.webp\" class=\"alignright\" alt=\"\" \/>\n<p>Nuestra estructura se encuentra en una ubicaci\u00f3n estrat\u00e9gica, a pocos pasos del Jard\u00edn Bot\u00e1nico de Padua, ideal para quienes desean explorar este patrimonio de la UNESCO con total tranquilidad.<br \/><a href=\"https:\/\/hotelgiotto.com\/es\/jardin-botanico-de-padua-un-viaje-por-la-historia-y-la-naturaleza\/\">Lee m\u00e1s para obtener informaci\u00f3n adicional.<\/a><\/p>\n\n<\/div>\n<\/div>\n<div id=\"faq-question-1758529809007\" class=\"rank-math-list-item\">\n<h3 class=\"rank-math-question \"><strong>\u00bfBuscas un hotel en Padua cerca del Palazzo della Ragione?<\/strong><\/h3>\n<div class=\"rank-math-answer \">\n<img loading=\"lazy\" decoding=\"async\" width=\"150\" height=\"150\" src=\"https:\/\/hotelgiotto.com\/wp-content\/uploads\/2024\/12\/palazzo-della-ragione-150x150.jpg\" class=\"alignright\" alt=\"\" \/>\n<p>Nuestra estructura se encuentra en una ubicaci\u00f3n estrat\u00e9gica, a pocos pasos del Palazzo della Ragione, perfecta para quienes desean visitar uno de los lugares m\u00e1s emblem\u00e1ticos de Padua con facilidad.<br \/><a href=\"https:\/\/hotelgiotto.com\/es\/palacio-de-la-ragione-padua-uno-de-los-tesoros-historicos-de-la-ciudad\/\">Lee m\u00e1s para obtener informaci\u00f3n adicional.<\/a><\/p>\n\n<\/div>\n<\/div>\n<div id=\"faq-question-1758530061992\" class=\"rank-math-list-item\">\n<h3 class=\"rank-math-question \">\u00bfBuscas un hotel en Padua cerca de la Piazza Prato della Valle?<\/h3>\n<div class=\"rank-math-answer \">\n<img loading=\"lazy\" decoding=\"async\" width=\"150\" height=\"150\" src=\"https:\/\/hotelgiotto.com\/wp-content\/uploads\/2024\/12\/Hotel-in-Centro-a-Padova-150x150.webp\" class=\"alignright\" alt=\"\" \/>\n<p>Nuestra estructura se encuentra en una ubicaci\u00f3n estrat\u00e9gica, a pocos pasos de la Piazza Prato della Valle, ideal para quienes desean alojarse cerca de uno de los lugares m\u00e1s encantadores de Padua.<br \/><a href=\"https:\/\/hotelgiotto.com\/es\/plaza-prato-della-valle\/\">Lee m\u00e1s para obtener informaci\u00f3n adicional.<\/a><\/p>\n\n<\/div>\n<\/div>\n<div id=\"faq-question-1758531373969\" class=\"rank-math-list-item\">\n<h3 class=\"rank-math-question \">\u00bfBuscas un hotel en Padua cerca del Palazzo Zabarella?<\/h3>\n<div class=\"rank-math-answer \">\n<img loading=\"lazy\" decoding=\"async\" width=\"150\" height=\"150\" src=\"https:\/\/hotelgiotto.com\/wp-content\/uploads\/2025\/02\/palazzo-zabarella-150x150.webp\" class=\"alignright\" alt=\"\" \/>\n<p>Nuestra estructura se encuentra en una ubicaci\u00f3n estrat\u00e9gica, a pocos pasos del Palazzo Zabarella, ideal para quienes desean visitar exposiciones y eventos culturales en el coraz\u00f3n de Padua.<br \/><a href=\"https:\/\/hotelgiotto.com\/es\/plaza-prato-della-valle\/\">Lee m\u00e1s para obtener informaci\u00f3n adicional.<\/a><\/p>\n\n<\/div>\n<\/div>\n<div id=\"faq-question-1758531484815\" class=\"rank-math-list-item\">\n<h3 class=\"rank-math-question \">\u00bfBuscas un hotel en Padua cerca del Gueto Jud\u00edo?<\/h3>\n<div class=\"rank-math-answer \">\n<img loading=\"lazy\" decoding=\"async\" width=\"150\" height=\"150\" src=\"https:\/\/hotelgiotto.com\/wp-content\/uploads\/2025\/02\/torah-6273207_1280-150x150.webp\" class=\"alignright\" alt=\"\" \/>\n<p>Nuestra estructura se encuentra en una ubicaci\u00f3n estrat\u00e9gica, a pocos pasos del Gueto Jud\u00edo de Padua, ideal para quienes desean sumergirse en la historia y la cultura de la ciudad.<br \/><a href=\"https:\/\/hotelgiotto.com\/es\/el-gueto-judio-de-padova\/\">Lee m\u00e1s para obtener informaci\u00f3n adicional.<\/a><\/p>\n\n<\/div>\n<\/div>\n<div id=\"faq-question-1758531616962\" class=\"rank-math-list-item\">\n<h3 class=\"rank-math-question \">\u00bfBuscas un hotel en Padua cerca del Caff\u00e8 Pedrocchi?<\/h3>\n<div class=\"rank-math-answer \">\n<img loading=\"lazy\" decoding=\"async\" width=\"150\" height=\"150\" src=\"https:\/\/hotelgiotto.com\/wp-content\/uploads\/2025\/02\/coffee-3392168_1280-150x150.webp\" class=\"alignright\" alt=\"\" \/>\n<p>Nuestra estructura se encuentra en una ubicaci\u00f3n estrat\u00e9gica, a pocos pasos del Caff\u00e8 Pedrocchi, perfecta para quienes desean alojarse en el coraz\u00f3n de Padua y vivir su ambiente hist\u00f3rico.<br \/><a href=\"https:\/\/hotelgiotto.com\/es\/caffe-pedrocchi-el-salon-historico-de-padua\/\">Lee m\u00e1s para obtener informaci\u00f3n adicional.<\/a><\/p>\n\n<\/div>\n<\/div>\n<div id=\"faq-question-1758531690469\" class=\"rank-math-list-item\">\n<h3 class=\"rank-math-question \">\u00bfBuscas un hotel en Padua cerca de la Piazza delle Erbe?<\/h3>\n<div class=\"rank-math-answer \">\n<img loading=\"lazy\" decoding=\"async\" width=\"150\" height=\"150\" src=\"https:\/\/hotelgiotto.com\/wp-content\/uploads\/2024\/12\/palazzo-della-ragione-150x150.jpg\" class=\"alignright\" alt=\"\" \/>\n<p>Nuestra estructura se encuentra en una ubicaci\u00f3n estrat\u00e9gica, a pocos pasos de la Piazza delle Erbe, perfecta para quienes desean alojarse en el coraz\u00f3n palpitante de Padua y vivir el ambiente vibrante de la ciudad.<br \/><a href=\"https:\/\/hotelgiotto.com\/es\/piazza-delle-erbe\/\">Lee m\u00e1s para obtener informaci\u00f3n adicional.<\/a><\/p>\n\n<\/div>\n<\/div>\n<div id=\"faq-question-1758531777104\" class=\"rank-math-list-item\">\n<h3 class=\"rank-math-question \">\u00bfBuscas un hotel en Padua cerca de la Specola?<\/h3>\n<div class=\"rank-math-answer \">\n<img loading=\"lazy\" decoding=\"async\" width=\"150\" height=\"150\" src=\"https:\/\/hotelgiotto.com\/wp-content\/uploads\/2025\/02\/torre-332627_1280-150x150.webp\" class=\"alignright\" alt=\"\" \/>\n<p>Nuestra estructura se encuentra en una ubicaci\u00f3n estrat\u00e9gica, a pocos pasos de la Specola de Padua, ideal para quienes desean visitar el observatorio astron\u00f3mico y descubrir la historia cient\u00edfica de la ciudad.<br \/><a href=\"https:\/\/hotelgiotto.com\/es\/la-specola-de-padua-un-viaje-entre-astronomia-e-historia\/\">Lee m\u00e1s para obtener informaci\u00f3n adicional.<\/a><\/p>\n\n<\/div>\n<\/div>\n<div id=\"faq-question-1758531886747\" class=\"rank-math-list-item\">\n<h3 class=\"rank-math-question \">\u00bfBuscas un hotel en Padua cerca del Museo del Precinema?<\/h3>\n<div class=\"rank-math-answer \">\n<img loading=\"lazy\" decoding=\"async\" width=\"150\" height=\"150\" src=\"https:\/\/hotelgiotto.com\/wp-content\/uploads\/2025\/02\/movie-3057394_1280-150x150.webp\" class=\"alignright\" alt=\"\" \/>\n<p>Nuestra estructura se encuentra en una ubicaci\u00f3n estrat\u00e9gica, a pocos pasos del Museo del Precinema, ideal para quienes desean explorar la historia de las im\u00e1genes en movimiento en el coraz\u00f3n de Padua.<br \/><a href=\"https:\/\/hotelgiotto.com\/es\/museo-del-precinema\/\">Lee m\u00e1s para obtener informaci\u00f3n adicional.<\/a><\/p>\n\n<\/div>\n<\/div>\n<div id=\"faq-question-1758531945104\" class=\"rank-math-list-item\">\n<h3 class=\"rank-math-question \">\u00bfBuscas un hotel en Padua cerca de los Museos C\u00edvicos de los Eremitani?<\/h3>\n<div class=\"rank-math-answer \">\n<img loading=\"lazy\" decoding=\"async\" width=\"150\" height=\"150\" src=\"https:\/\/hotelgiotto.com\/wp-content\/uploads\/2025\/02\/versailles-6469580_1280-150x150.webp\" class=\"alignright\" alt=\"\" \/>\n<p>Nuestra estructura se encuentra en una ubicaci\u00f3n estrat\u00e9gica, a pocos pasos de los Museos C\u00edvicos de los Eremitani, ideal para quienes desean descubrir el arte y la historia de Padua con la m\u00e1xima comodidad.<br \/><a href=\"https:\/\/hotelgiotto.com\/es\/museos-civicos-de-los-eremitani-un-viaje-por-el-arte-y-la-historia\/\">Lee m\u00e1s para obtener informaci\u00f3n adicional.<\/a><\/p>\n\n<\/div>\n<\/div>\n<div id=\"faq-question-1758532217482\" class=\"rank-math-list-item\">\n<h3 class=\"rank-math-question \">\u00bfBuscas un hotel cerca de la Universidad de Padua?<\/h3>\n<div class=\"rank-math-answer \">\n<img loading=\"lazy\" decoding=\"async\" width=\"150\" height=\"150\" src=\"https:\/\/hotelgiotto.com\/wp-content\/uploads\/2025\/02\/books-8405721_1280-150x150.webp\" class=\"alignright\" alt=\"\" \/>\n<p>Nuestra estructura se encuentra en una ubicaci\u00f3n estrat\u00e9gica, a pocos pasos de la Universidad de Padua, ideal para quienes se encuentran en la ciudad por estudios, eventos acad\u00e9micos o visitas a este prestigioso centro universitario.<br \/><a href=\"http:\/\/Lee m\u00e1s para obtener informaci\u00f3n adicional.\">Lee m\u00e1s para obtener informaci\u00f3n adicional.<\/a><\/p>\n\n<\/div>\n<\/div>\n<div id=\"faq-question-1758532469192\" class=\"rank-math-list-item\">\n<h3 class=\"rank-math-question \">\u00bfBuscas un hotel en Padua cerca de la Capilla de los Scrovegni?<\/h3>\n<div class=\"rank-math-answer \">\n<img loading=\"lazy\" decoding=\"async\" width=\"150\" height=\"150\" src=\"https:\/\/hotelgiotto.com\/wp-content\/uploads\/2025\/02\/scovegni-3577143_1280-1-150x150.webp\" class=\"alignright\" alt=\"\" \/>\n<p>Nuestra estructura se encuentra en una ubicaci\u00f3n estrat\u00e9gica, a pocos pasos de la Capilla de los Scrovegni, ideal para quienes desean admirar los extraordinarios frescos de Giotto en el coraz\u00f3n de Padua.<br \/><a href=\"https:\/\/hotelgiotto.com\/es\/la-capilla-de-los-scrovegni-el-gran-tesoro-de-giotto-en-padua\/\">Lee m\u00e1s para obtener informaci\u00f3n adicional.<\/a><\/p>\n\n<\/div>\n<\/div>\n<div id=\"faq-question-1758532608245\" class=\"rank-math-list-item\">\n<h3 class=\"rank-math-question \">\u00bfBuscas un hotel en Padua cerca de la Piazza dei Signori?<\/h3>\n<div class=\"rank-math-answer \">\n<img loading=\"lazy\" decoding=\"async\" width=\"150\" height=\"150\" src=\"https:\/\/hotelgiotto.com\/wp-content\/uploads\/2025\/03\/pexels-c1superstar-15041151-150x150.webp\" class=\"alignright\" alt=\"\" \/>\n<p>Nuestra estructura se encuentra en una ubicaci\u00f3n estrat\u00e9gica, a pocos pasos de la Piazza dei Signori, ideal para quienes desean alojarse en el coraz\u00f3n de Padua y disfrutar de su atm\u00f3sfera hist\u00f3rica.<br \/><a href=\"https:\/\/hotelgiotto.com\/es\/piazza-dei-signori\/\">Lee m\u00e1s para obtener informaci\u00f3n adicional.<\/a><\/p>\n\n<\/div>\n<\/div>\n<div id=\"faq-question-1758532704092\" class=\"rank-math-list-item\">\n<h3 class=\"rank-math-question \">\u00bfD\u00f3nde encontrar los mejores hoteles en Padua?<\/h3>\n<div class=\"rank-math-answer \">\n<img loading=\"lazy\" decoding=\"async\" width=\"150\" height=\"150\" src=\"https:\/\/hotelgiotto.com\/wp-content\/uploads\/2025\/01\/home1-giotto-150x150.webp\" class=\"alignright\" alt=\"\" \/>\n<p>Si est\u00e1s buscando los mejores hoteles en Padua, probablemente deseas un alojamiento que combine una ubicaci\u00f3n estrat\u00e9gica, confort, hospitalidad y una excelente relaci\u00f3n calidad-precio.<br \/><a href=\"https:\/\/hotelgiotto.com\/es\/mejor-hotel-a-padova\/\">Lee m\u00e1s para obtener informaci\u00f3n adicional.<\/a><\/p>\n\n<\/div>\n<\/div>\n<div id=\"faq-question-1758533038676\" class=\"rank-math-list-item\">\n<h3 class=\"rank-math-question \">\u00bfCu\u00e1nto tiempo se necesita para visitar Padua?<\/h3>\n<div class=\"rank-math-answer \">\n<img loading=\"lazy\" decoding=\"async\" width=\"150\" height=\"150\" src=\"https:\/\/hotelgiotto.com\/wp-content\/uploads\/2025\/09\/quanto-tempo-ci-vuole-per-visitare-padova-pagina-150x150.jpg\" class=\"alignright\" alt=\"cu\u00e1nto tiempo se necesita para visitar Padua\" \/>\n<p>Descubre cu\u00e1nto tiempo se necesita para visitar Padua:<br \/>una gu\u00eda pr\u00e1ctica para un d\u00eda, dos d\u00edas o un fin de semana. El Hotel Giotto es la base perfecta en el centro.<br \/><a href=\"https:\/\/hotelgiotto.com\/es\/cuanto-tiempo-se-necesita-para-visitar-padua\/\">Lee m\u00e1s para obtener informaci\u00f3n adicional.<\/a><\/p>\n\n<\/div>\n<\/div>\n<div id=\"faq-question-1758533093860\" class=\"rank-math-list-item\">\n<h3 class=\"rank-math-question \">MUSME, el museo de la medicina de Padua<\/h3>\n<div class=\"rank-math-answer \">\n<img loading=\"lazy\" decoding=\"async\" width=\"150\" height=\"150\" src=\"https:\/\/hotelgiotto.com\/wp-content\/uploads\/2025\/09\/museo-musme-padova-150x150.jpg\" class=\"alignright\" alt=\"MUSME el Museo de Medicina de Padua\" \/>\n<p>Descubre el MUSME, el museo de la medicina de Padua, que combina ciencia, historia y tecnolog\u00eda. A pocos pasos del Hotel Giotto, perfecto para grandes y peque\u00f1os.<br \/><a href=\"https:\/\/hotelgiotto.com\/es\/musme-el-museo-de-medicina-de-padua\/\">Lee m\u00e1s para obtener informaci\u00f3n adicional.<\/a><\/p>\n\n<\/div>\n<\/div>\n<div id=\"faq-question-1758533195541\" class=\"rank-math-list-item\">\n<h3 class=\"rank-math-question \">\u00bfD\u00f3nde tomar el aperitivo en Padua?<\/h3>\n<div class=\"rank-math-answer \">\n<img loading=\"lazy\" decoding=\"async\" width=\"150\" height=\"150\" src=\"https:\/\/hotelgiotto.com\/wp-content\/uploads\/2025\/09\/dove-fare-aperitivo-a-padova-150x150.jpg\" class=\"alignright\" alt=\"D\u00f3nde tomar el aperitivo en Padua\" \/>\n<p>Descubre d\u00f3nde tomar el aperitivo en Padua entre <em>cicchetti<\/em>, <em>spritz<\/em> y tradici\u00f3n veneciana. Los mejores lugares cerca del Hotel Giotto para vivir un aut\u00e9ntico momento local.<br \/><a href=\"https:\/\/hotelgiotto.com\/es\/donde-tomar-el-aperitivo-en-padua\/\">Lee m\u00e1s para obtener informaci\u00f3n adicional.<\/a><\/p>\n\n<\/div>\n<\/div>\n<div id=\"faq-question-1758533284448\" class=\"rank-math-list-item\">\n<h3 class=\"rank-math-question \">Qu\u00e9 ver en Padua por la noche: lugares y ambientes que no te puedes perder<\/h3>\n<div class=\"rank-math-answer \">\n<img loading=\"lazy\" decoding=\"async\" width=\"150\" height=\"150\" src=\"https:\/\/hotelgiotto.com\/wp-content\/uploads\/2025\/09\/cosa-vedere-a-padova-di-sera-150x150.jpg\" class=\"alignright\" alt=\"Qu\u00e9 ver en Padua por la noche\" \/>\n<p>Descubre qu\u00e9 ver en Padua por la noche: monumentos iluminados, restaurantes tradicionales y rincones rom\u00e1nticos. Desde el Hotel Giotto, todo est\u00e1 a pocos pasos.<br \/><a href=\"https:\/\/hotelgiotto.com\/es\/que-ver-en-padua-por-la-noche\/\">Lee m\u00e1s para obtener informaci\u00f3n adicional.<\/a><\/p>\n\n<\/div>\n<\/div>\n<div id=\"faq-question-1758533395935\" class=\"rank-math-list-item\">\n<h3 class=\"rank-math-question \">\u00bfQu\u00e9 hacer con ni\u00f1os en Padua? Ideas aut\u00e9nticas para un d\u00eda en familia<\/h3>\n<div class=\"rank-math-answer \">\n<img loading=\"lazy\" decoding=\"async\" width=\"150\" height=\"150\" src=\"https:\/\/hotelgiotto.com\/wp-content\/uploads\/2025\/09\/cosa-fare-con-i-bambini-a-padova-150x150.jpg\" class=\"alignright\" alt=\"Qu\u00e9 hacer con ni\u00f1os en Padua\" \/>\n<p>Padua es una ciudad que sorprende, especialmente cuando se mira a trav\u00e9s de los ojos de un ni\u00f1o. Aunque a menudo es conocida por su historia y sus iglesias monumentales, en realidad tambi\u00e9n es un destino ideal para familias, perfecto para un d\u00eda lleno de descubrimientos, juegos, animales y sorpresas.<br \/><a href=\"https:\/\/hotelgiotto.com\/es\/que-hacer-con-ninos-en-paduadua\/\">Lee m\u00e1s para obtener informaci\u00f3n adicional.<\/a><\/p>\n\n<\/div>\n<\/div>\n<div id=\"faq-question-1758533646128\" class=\"rank-math-list-item\">\n<h3 class=\"rank-math-question \">\u00bfQu\u00e9 comer y beber en Padua?<\/h3>\n<div class=\"rank-math-answer \">\n<img loading=\"lazy\" decoding=\"async\" width=\"150\" height=\"150\" src=\"https:\/\/hotelgiotto.com\/wp-content\/uploads\/2025\/09\/cosa-mangiare-e-bere-a-padova-150x150.jpg\" class=\"alignright\" alt=\"Qu\u00e9 comer y beber en Padua\" \/>\n<p>Descubre qu\u00e9 comer y beber en Padua: los mejores platos t\u00edpicos, dulces y vinos locales que debes probar. Vive la experiencia gastron\u00f3mica padovana durante todo el a\u00f1o.<br \/><a href=\"https:\/\/hotelgiotto.com\/es\/que-hacer-en-padua-en-dos-dias\/\">Lee m\u00e1s para obtener informaci\u00f3n adicional.<\/a><\/p>\n\n<\/div>\n<\/div>\n<div id=\"faq-question-1758533836834\" class=\"rank-math-list-item\">\n<h3 class=\"rank-math-question \">Qu\u00e9 hacer en Padua en dos d\u00edas: lo mejor de la ciudad al alcance de tu mano<\/h3>\n<div class=\"rank-math-answer \">\n<img loading=\"lazy\" decoding=\"async\" width=\"150\" height=\"150\" src=\"https:\/\/hotelgiotto.com\/wp-content\/uploads\/2025\/09\/padova-in-due-giorni-150x150.jpg\" class=\"alignright\" alt=\"Padua en dos d\u00edas\" \/>\n<p>Desde sitios declarados Patrimonio de la Humanidad por la UNESCO hasta rincones aut\u00e9nticos del centro hist\u00f3rico, un fin de semana basta para captar su esencia.<br \/><a href=\"https:\/\/hotelgiotto.com\/es\/que-hacer-en-padua-en-dos-dias\/\">Lee m\u00e1s para obtener informaci\u00f3n adicional.<\/a><\/p>\n\n<\/div>\n<\/div>\n<div id=\"faq-question-1758534143206\" class=\"rank-math-list-item\">\n<h3 class=\"rank-math-question \">El Mercado cubierto de Padua: descubre el Salone entre sabor y tradici\u00f3n<\/h3>\n<div class=\"rank-math-answer \">\n<img loading=\"lazy\" decoding=\"async\" width=\"150\" height=\"150\" src=\"https:\/\/hotelgiotto.com\/wp-content\/uploads\/2025\/09\/mercato-coperto-padova-150x150.jpg\" class=\"alignright\" alt=\"mercado cubierto de Padua\" \/>\n<p>En el centro, en el coraz\u00f3n palpitante de la ciudad, entre la Piazza delle Erbe y la Piazza della Frutta, se encuentra uno de los s\u00edmbolos m\u00e1s aut\u00e9nticos de Padua: el Salone, el gran mercado cubierto que desde hace siglos anima la vida cotidiana de los padovanos.<br \/><a href=\"https:\/\/hotelgiotto.com\/es\/mercado-cubierto-de-padua-el-salone\/\">Lee m\u00e1s para obtener informaci\u00f3n adicional.<\/a><\/p>\n\n<\/div>\n<\/div>\n<div id=\"faq-question-1758534347339\" class=\"rank-math-list-item\">\n<h3 class=\"rank-math-question \">Las villas venecianas cerca de Padua: arte, historia y maravilla a pocos kil\u00f3metros del centro<\/h3>\n<div class=\"rank-math-answer \">\n<img loading=\"lazy\" decoding=\"async\" width=\"150\" height=\"150\" src=\"https:\/\/hotelgiotto.com\/wp-content\/uploads\/2025\/09\/villa-cnatrini-150x150.jpg\" class=\"alignright\" alt=\"villas venecianas cerca de Padua\" \/>\n<p>Descubre las villas venecianas m\u00e1s hermosas cerca de Padua para visitar: Villa Pisani, Villa Emo, Villa Molin, Villa Contarini.<br \/><a href=\"https:\/\/hotelgiotto.com\/es\/las-villas-venecianas-cerca-de-padua\/\">Lee m\u00e1s para obtener informaci\u00f3n adicional.<\/a><\/p>\n\n<\/div>\n<\/div>\n<\/div>\n<\/div>\n\n\n<p><\/p>\n","protected":false},"excerpt":{"rendered":"<p>\u00bfTienes preguntas sobre tu estancia o buscas informaci\u00f3n m\u00e1s detallada sobre c\u00f3mo llegar al hotel, qu\u00e9 ver en los alrededores o qu\u00e9 servicios ofrecemos? En esta secci\u00f3n encontrar\u00e1s respuestas claras y r\u00e1pidas a las preguntas m\u00e1s frecuentes de nuestros hu\u00e9spedes. Tanto si te interesa moverte por la ciudad, las atracciones cercanas como los servicios disponibles, [&hellip;]<\/p>\n","protected":false},"author":1,"featured_media":0,"parent":0,"menu_order":0,"comment_status":"closed","ping_status":"closed","template":"","meta":{"_acf_changed":false,"footnotes":""},"class_list":["post-5308","page","type-page","status-publish","hentry"],"acf":[],"_links":{"self":[{"href":"https:\/\/hotelgiotto.com\/es\/wp-json\/wp\/v2\/pages\/5308","targetHints":{"allow":["GET"]}}],"collection":[{"href":"https:\/\/hotelgiotto.com\/es\/wp-json\/wp\/v2\/pages"}],"about":[{"href":"https:\/\/hotelgiotto.com\/es\/wp-json\/wp\/v2\/types\/page"}],"author":[{"embeddable":true,"href":"https:\/\/hotelgiotto.com\/es\/wp-json\/wp\/v2\/users\/1"}],"replies":[{"embeddable":true,"href":"https:\/\/hotelgiotto.com\/es\/wp-json\/wp\/v2\/comments?post=5308"}],"version-history":[{"count":23,"href":"https:\/\/hotelgiotto.com\/es\/wp-json\/wp\/v2\/pages\/5308\/revisions"}],"predecessor-version":[{"id":5361,"href":"https:\/\/hotelgiotto.com\/es\/wp-json\/wp\/v2\/pages\/5308\/revisions\/5361"}],"wp:attachment":[{"href":"https:\/\/hotelgiotto.com\/es\/wp-json\/wp\/v2\/media?parent=5308"}],"curies":[{"name":"wp","href":"https:\/\/api.w.org\/{rel}","templated":true}]}}