{"id":1502,"date":"2022-10-14T13:45:00","date_gmt":"2022-10-14T13:45:00","guid":{"rendered":"https:\/\/hotelgiotto.com\/contatti\/"},"modified":"2025-03-10T08:52:16","modified_gmt":"2025-03-10T08:52:16","slug":"contacts","status":"publish","type":"page","link":"https:\/\/hotelgiotto.com\/fr\/contacts\/","title":{"rendered":"Contacts"},"content":{"rendered":"\n<div class=\"wp-block-columns is-layout-flex wp-container-core-columns-is-layout-9d6595d7 wp-block-columns-is-layout-flex\">\n<div class=\"wp-block-column is-layout-flow wp-block-column-is-layout-flow\">\n<p><strong>Hotel Giotto ***<\/strong><\/p>\n\n\n\n<p>pl. Pontecorvo, 33<br>35121 Padova, Italia<\/p>\n\n\n\n<figure class=\"wp-block-image size-full\"><a href=\"https:\/\/wa.me\/+390498761845\" target=\"_blank\" rel=\"noreferrer noopener\"><img loading=\"lazy\" decoding=\"async\" width=\"40\" height=\"40\" src=\"https:\/\/hotelgiotto.com\/wp-content\/uploads\/2023\/02\/logo-wapp.png\" alt=\"\" class=\"wp-image-859\"\/><\/a><\/figure>\n\n\n\n<p>WhatsApp <a href=\"https:\/\/wa.me\/+390498761845\" target=\"_blank\" rel=\"noreferrer noopener\">+390498761845<\/a><\/p>\n<\/div>\n\n\n\n<div class=\"wp-block-column is-layout-flow wp-block-column-is-layout-flow\">\n<p><strong>Heures d&rsquo;ouverture de la r\u00e9ception<\/strong><\/p>\n\n\n\n<p>R\u00e9ception 24 heures sur 24<\/p>\n\n\n\n<p>Arriv\u00e9e \u00e0 partir de 15h00 &#8211; D\u00e9part avant 11h00<\/p>\n<\/div>\n<\/div>\n","protected":false},"excerpt":{"rendered":"<p>Hotel Giotto *** pl. Pontecorvo, 3335121 Padova, Italia WhatsApp +390498761845 Heures d&rsquo;ouverture de la r\u00e9ception R\u00e9ception 24 heures sur 24 Arriv\u00e9e \u00e0 partir de 15h00 &#8211; D\u00e9part avant 11h00<\/p>\n","protected":false},"author":1,"featured_media":856,"parent":0,"menu_order":0,"comment_status":"closed","ping_status":"closed","template":"templates\/contatti.php","meta":{"_acf_changed":false,"footnotes":""},"class_list":["post-1502","page","type-page","status-publish","has-post-thumbnail","hentry"],"acf":[],"_links":{"self":[{"href":"https:\/\/hotelgiotto.com\/fr\/wp-json\/wp\/v2\/pages\/1502","targetHints":{"allow":["GET"]}}],"collection":[{"href":"https:\/\/hotelgiotto.com\/fr\/wp-json\/wp\/v2\/pages"}],"about":[{"href":"https:\/\/hotelgiotto.com\/fr\/wp-json\/wp\/v2\/types\/page"}],"author":[{"embeddable":true,"href":"https:\/\/hotelgiotto.com\/fr\/wp-json\/wp\/v2\/users\/1"}],"replies":[{"embeddable":true,"href":"https:\/\/hotelgiotto.com\/fr\/wp-json\/wp\/v2\/comments?post=1502"}],"version-history":[{"count":2,"href":"https:\/\/hotelgiotto.com\/fr\/wp-json\/wp\/v2\/pages\/1502\/revisions"}],"predecessor-version":[{"id":1539,"href":"https:\/\/hotelgiotto.com\/fr\/wp-json\/wp\/v2\/pages\/1502\/revisions\/1539"}],"wp:featuredmedia":[{"embeddable":true,"href":"https:\/\/hotelgiotto.com\/fr\/wp-json\/wp\/v2\/media\/856"}],"wp:attachment":[{"href":"https:\/\/hotelgiotto.com\/fr\/wp-json\/wp\/v2\/media?parent=1502"}],"curies":[{"name":"wp","href":"https:\/\/api.w.org\/{rel}","templated":true}]}}