{"id":1519,"date":"2022-10-18T12:18:50","date_gmt":"2022-10-18T12:18:50","guid":{"rendered":"https:\/\/hotelgiotto.com\/privacy-policy-2\/"},"modified":"2025-01-07T13:10:08","modified_gmt":"2025-01-07T13:10:08","slug":"privacy-policy-2","status":"publish","type":"page","link":"https:\/\/hotelgiotto.com\/fr\/privacy-policy-2\/","title":{"rendered":"Privacy Policy"},"content":{"rendered":"\n<p>LIVIANA SRL a \u00e9labor\u00e9 cette Politique de Confidentialit\u00e9 Internet afin de se positionner comme une entit\u00e9 de confiance qui garantit, respecte et prot\u00e8ge le droit \u00e0 la vie priv\u00e9e des Visiteurs dans l&rsquo;environnement en ligne.<\/p>\n\n\n\n<p>LIVIANA SRL, une soci\u00e9t\u00e9 italienne enregistr\u00e9e sous le num\u00e9ro PD\/348959 et dont le si\u00e8ge social est situ\u00e9 Piazzale Pontecorvo 33 &#8211; 35121 Padoue, est le responsable du traitement des donn\u00e9es personnelles collect\u00e9es via ce site, conform\u00e9ment au R\u00e8glement G\u00e9n\u00e9ral sur la Protection des Donn\u00e9es (RGPD) 679\/2016. Le responsable du traitement g\u00e9rera les donn\u00e9es collect\u00e9es sur ce site web (<a href=\"http:\/\/www.hotelgiotto.com\">www.hotelgiotto.com<\/a>) aux fins, selon les modalit\u00e9s et dans les conditions sp\u00e9cifiquement d\u00e9crites ci-dessous.<\/p>\n\n\n\n<h3 class=\"wp-block-heading\">Collecte de Donn\u00e9es Personnelles et Finalit\u00e9s du Traitement<\/h3>\n\n\n\n<p>LIVIANA SRL collectera et traitera uniquement les donn\u00e9es personnelles volontairement fournies par les Visiteurs de ce site. Les Visiteurs peuvent naviguer sur le site sans r\u00e9v\u00e9ler leurs informations personnelles. Chaque Visiteur peut choisir de fournir \u00e0 LIVIANA SRL des donn\u00e9es personnelles limit\u00e9es pour obtenir des informations sur nos services. Une fois enregistr\u00e9es, les donn\u00e9es personnelles collect\u00e9es seront utilis\u00e9es exclusivement pour les services sp\u00e9cifi\u00e9s dans l&rsquo;avis de confidentialit\u00e9 fourni.<\/p>\n\n\n\n<p>Les Visiteurs peuvent fournir leurs donn\u00e9es pour :<\/p>\n\n\n\n<ul class=\"wp-block-list\">\n<li>S\u2019inscrire \u00e0 notre newsletter<\/li>\n\n\n\n<li>Demander des informations sur des offres, des disponibilit\u00e9s pour des s\u00e9jours ou des \u00e9v\u00e9nements<\/li>\n\n\n\n<li>R\u00e9server un s\u00e9jour\/vacances ou acheter un service (par ex. Bien-\u00eatre, etc.)<\/li>\n<\/ul>\n\n\n\n<h3 class=\"wp-block-heading\">Communication \u00e0 des Tiers<\/h3>\n\n\n\n<p>Les donn\u00e9es personnelles ne seront pas partag\u00e9es avec d&rsquo;autres entreprises sans votre consentement explicite, sauf dans le cadre d&rsquo;obligations l\u00e9gales envers des organismes ou des institutions.<\/p>\n\n\n\n<p>LIVIANA SRL ne collecte pas intentionnellement, via son site web, des donn\u00e9es sensibles ou judiciaires.<\/p>\n\n\n\n<p>Les donn\u00e9es sensibles, selon l&rsquo;article 4 du RGPD 679\/2016, incluent des donn\u00e9es personnelles r\u00e9v\u00e9lant l&rsquo;origine raciale ou ethnique, les convictions religieuses ou philosophiques, les opinions politiques, l&rsquo;appartenance \u00e0 des partis, des syndicats ou des organisations religieuses, philosophiques ou politiques, ainsi que les donn\u00e9es concernant la sant\u00e9 ou la vie sexuelle. Les donn\u00e9es judiciaires incluent les informations relatives au casier judiciaire, aux sanctions administratives ou aux proc\u00e9dures p\u00e9nales en cours. Nous recommandons de ne pas fournir ces informations via notre site. Si n\u00e9cessaire (par exemple, pour des candidatures dans des cat\u00e9gories prot\u00e9g\u00e9es), veuillez transmettre une d\u00e9claration \u00e9crite exprimant votre consentement par courrier recommand\u00e9.<\/p>\n\n\n\n<h3 class=\"wp-block-heading\">Liens vers des Sites Tiers<\/h3>\n\n\n\n<p>Veuillez noter que <a href=\"http:\/\/www.hotelgiotto.com\">www.hotelgiotto.com<\/a> peut contenir des liens vers d&rsquo;autres sites qui ne sont pas r\u00e9gis par cette politique de confidentialit\u00e9.<\/p>\n\n\n\n<h3 class=\"wp-block-heading\">Conservation des Donn\u00e9es<\/h3>\n\n\n\n<p>Les informations et donn\u00e9es personnelles collect\u00e9es aupr\u00e8s des Visiteurs via ce site, y compris celles fournies librement pour demander des documents d&rsquo;information ou d&rsquo;autres communications, seront conserv\u00e9es uniquement pour fournir le service demand\u00e9 et pour la dur\u00e9e n\u00e9cessaire \u00e0 cet effet. Une fois le service termin\u00e9, toutes les donn\u00e9es personnelles seront d\u00e9truites conform\u00e9ment \u00e0 la politique de conservation des donn\u00e9es de LIVIANA SRL, sauf indication contraire de la loi ou mention sp\u00e9cifique dans cette politique.<\/p>\n\n\n\n<h3 class=\"wp-block-heading\">Exercice des Droits des Personnes Concern\u00e9es<\/h3>\n\n\n\n<p>Conform\u00e9ment aux articles 15 et suivants du RGPD 679\/2016, vous pouvez \u00e0 tout moment consulter, corriger, mettre \u00e0 jour ou supprimer vos donn\u00e9es personnelles collect\u00e9es via ce site, ou exercer d&rsquo;autres droits reconnus par la loi, en \u00e9crivant au responsable du traitement \u00e0 l&rsquo;adresse suivante : <strong><a>info@hotelgiotto.com<\/a><\/strong>.<\/p>\n\n\n\n<h3 class=\"wp-block-heading\">S\u00e9curit\u00e9 des Donn\u00e9es<\/h3>\n\n\n\n<p>LIVIANA SRL prot\u00e8ge les donn\u00e9es personnelles gr\u00e2ce \u00e0 l&rsquo;application de normes de s\u00e9curit\u00e9 reconnues \u00e0 l&rsquo;\u00e9chelle internationale, ainsi que par des proc\u00e9dures de s\u00e9curit\u00e9 visant \u00e0 prot\u00e9ger les donn\u00e9es contre :<\/p>\n\n\n\n<ul class=\"wp-block-list\">\n<li>L&rsquo;acc\u00e8s non autoris\u00e9<\/li>\n\n\n\n<li>L&rsquo;utilisation abusive ou la divulgation<\/li>\n\n\n\n<li>La modification non autoris\u00e9e<\/li>\n\n\n\n<li>La perte ou la destruction accidentelle ou ill\u00e9gale<\/li>\n<\/ul>\n\n\n\n<h3 class=\"wp-block-heading\">Utilisation de <a href=\"http:\/\/www.hotelgiotto.com\">www.hotelgiotto.com<\/a><\/h3>\n\n\n\n<p>Certaines informations personnelles sur les acc\u00e8s \u00e0 ce site sont collect\u00e9es via des cookies ou le suivi des donn\u00e9es de trafic, du type de navigateur et des informations sur l&rsquo;ordinateur li\u00e9es \u00e0 l&rsquo;adresse IP du Visiteur. Ces donn\u00e9es sont collect\u00e9es \u00e0 des fins d&rsquo;analyse statistique g\u00e9n\u00e9rale et anonyme.<\/p>\n\n\n\n<h3 class=\"wp-block-heading\">Sections Sp\u00e9cifiques du Site :<\/h3>\n\n\n\n<h4 class=\"wp-block-heading\">Section DEMANDE\/R\u00c9SERVATION\/R\u00c9SERVATION EN LIGNE<\/h4>\n\n\n\n<p>Les sections DEMANDE\/R\u00c9SERVATION\/R\u00c9SERVATION EN LIGNE de ce site permettent aux utilisateurs de demander des informations sur des offres, des disponibilit\u00e9s pour des s\u00e9jours ou de r\u00e9server\/vacances ou d&rsquo;autres services (par ex. Bien-\u00eatre). Si vous d\u00e9cidez de fournir vos donn\u00e9es personnelles, elles seront trait\u00e9es uniquement \u00e0 ces fins par du personnel autoris\u00e9, selon les proc\u00e9dures internes.<\/p>\n\n\n\n<h4 class=\"wp-block-heading\">Section \u00ab\u00a0EMPLOIS \u2013 TRAVAILLEZ AVEC NOUS\u00a0\u00bb<\/h4>\n\n\n\n<p>La section \u00ab\u00a0EMPLOIS \u2013 TRAVAILLEZ AVEC NOUS\u00a0\u00bb permet aux utilisateurs d&rsquo;exprimer leur int\u00e9r\u00eat \u00e0 travailler dans notre entreprise ou de r\u00e9pondre \u00e0 des annonces pour des postes vacants ou de nouvelles positions. Les donn\u00e9es personnelles fournies seront trait\u00e9es uniquement \u00e0 ces fins par du personnel autoris\u00e9 selon les proc\u00e9dures internes de gestion du personnel.<\/p>\n\n\n\n<h4 class=\"wp-block-heading\">Inscription \u00e0 la Newsletter<\/h4>\n\n\n\n<p>Si un utilisateur de <a href=\"http:\/\/www.hotelgiotto.com\">www.hotelgiotto.com<\/a> d\u00e9cide de s&rsquo;abonner \u00e0 notre newsletter, il devra fournir ses donn\u00e9es personnelles (par exemple, une adresse e-mail) via le formulaire appropri\u00e9 dans la section \u00ab\u00a0newsletter\u00a0\u00bb. Les donn\u00e9es collect\u00e9es de cette mani\u00e8re seront utilis\u00e9es uniquement pour l&rsquo;envoi de la newsletter et conform\u00e9ment aux indications fournies dans l&rsquo;avis de confidentialit\u00e9 au bas de la page d&rsquo;inscription.<\/p>\n\n\n\n<h3 class=\"wp-block-heading\">Mineurs de Moins de 16 Ans<\/h3>\n\n\n\n<p>Le site <a href=\"http:\/\/www.hotelgiotto.com\">www.hotelgiotto.com<\/a> r\u00e9gi par cette politique de confidentialit\u00e9 n&rsquo;est pas destin\u00e9 aux personnes de moins de 16 ans. Nous comprenons l&rsquo;importance de prot\u00e9ger les informations des mineurs, en particulier dans un environnement en ligne, et ne collectons donc pas intentionnellement ces donn\u00e9es.<\/p>\n","protected":false},"excerpt":{"rendered":"<p>LIVIANA SRL a \u00e9labor\u00e9 cette Politique de Confidentialit\u00e9 Internet afin de se positionner comme une entit\u00e9 de confiance qui garantit, respecte et prot\u00e8ge le droit \u00e0 la vie priv\u00e9e des Visiteurs dans l&rsquo;environnement en ligne. LIVIANA SRL, une soci\u00e9t\u00e9 italienne enregistr\u00e9e sous le num\u00e9ro PD\/348959 et dont le si\u00e8ge social est situ\u00e9 Piazzale Pontecorvo 33 [&hellip;]<\/p>\n","protected":false},"author":1,"featured_media":0,"parent":0,"menu_order":0,"comment_status":"closed","ping_status":"closed","template":"","meta":{"_acf_changed":false,"footnotes":""},"class_list":["post-1519","page","type-page","status-publish","hentry"],"acf":[],"_links":{"self":[{"href":"https:\/\/hotelgiotto.com\/fr\/wp-json\/wp\/v2\/pages\/1519","targetHints":{"allow":["GET"]}}],"collection":[{"href":"https:\/\/hotelgiotto.com\/fr\/wp-json\/wp\/v2\/pages"}],"about":[{"href":"https:\/\/hotelgiotto.com\/fr\/wp-json\/wp\/v2\/types\/page"}],"author":[{"embeddable":true,"href":"https:\/\/hotelgiotto.com\/fr\/wp-json\/wp\/v2\/users\/1"}],"replies":[{"embeddable":true,"href":"https:\/\/hotelgiotto.com\/fr\/wp-json\/wp\/v2\/comments?post=1519"}],"version-history":[{"count":1,"href":"https:\/\/hotelgiotto.com\/fr\/wp-json\/wp\/v2\/pages\/1519\/revisions"}],"predecessor-version":[{"id":3575,"href":"https:\/\/hotelgiotto.com\/fr\/wp-json\/wp\/v2\/pages\/1519\/revisions\/3575"}],"wp:attachment":[{"href":"https:\/\/hotelgiotto.com\/fr\/wp-json\/wp\/v2\/media?parent=1519"}],"curies":[{"name":"wp","href":"https:\/\/api.w.org\/{rel}","templated":true}]}}