{"id":3632,"date":"2024-12-20T08:35:24","date_gmt":"2024-12-20T08:35:24","guid":{"rendered":"https:\/\/hotelgiotto.com\/orto-botanico-di-padova-un-viaggio-nella-storia-e-nella-natura\/"},"modified":"2025-01-22T08:18:24","modified_gmt":"2025-01-22T08:18:24","slug":"jardin-botanique-de-padoue-voyage-dans-histoire-et-nature","status":"publish","type":"page","link":"https:\/\/hotelgiotto.com\/fr\/jardin-botanique-de-padoue-voyage-dans-histoire-et-nature\/","title":{"rendered":"Jardin Botanique de Padoue : Voyage dans Histoire et Nature"},"content":{"rendered":"\n<p>Le Jardin Botanique de Padoue est un lieu extraordinaire o\u00f9 la nature, la science et l\u2019histoire s\u2019entrelacent pour cr\u00e9er une exp\u00e9rience unique. Fond\u00e9 en <strong>1545<\/strong>, c\u2019est le plus ancien jardin botanique universitaire au monde encore dans son emplacement d\u2019origine, et il a \u00e9t\u00e9 inscrit sur la liste du <strong>Patrimoine mondial de l\u2019UNESCO<\/strong> en 1997. Situ\u00e9 au c\u0153ur de Padoue, il repr\u00e9sente une \u00e9tape incontournable pour ceux qui souhaitent d\u00e9couvrir la beaut\u00e9 et la richesse de la biodiversit\u00e9 dans un cadre historique et culturel de grande importance.<\/p>\n\n\n\n<p><strong>Un Mus\u00e9e \u00e0 Ciel Ouvert<\/strong><\/p>\n\n\n\n<p>Visiter le Jardin Botanique de Padoue, c\u2019est s\u2019immerger dans un v\u00e9ritable mus\u00e9e \u00e0 ciel ouvert. Le jardin abrite une <strong>collection extraordinaire de plantes venant du monde entier<\/strong>, r\u00e9parties en zones th\u00e9matiques et serres modernes. Parmi elles, la <strong>serre tropicale<\/strong> se distingue, permettant d\u2019admirer des esp\u00e8ces exotiques et rares. En plus des plantes, le jardin comprend des structures historiques, comme la fontaine centrale et des all\u00e9es pittoresques, qui rendent la promenade inoubliable.<\/p>\n\n\n\n<p><strong>Recherche et Conservation<\/strong><\/p>\n\n\n\n<p>Le Jardin Botanique n\u2019est pas seulement un lieu de beaut\u00e9 naturelle, mais aussi un important <strong>centre de recherche et d\u2019enseignement<\/strong>. Gr\u00e2ce \u00e0 sa collaboration avec l\u2019<a href=\"https:\/\/www.unipd.it\/\" target=\"_blank\" rel=\"noopener\">Universit\u00e9 de Padoue<\/a>, il joue un r\u00f4le fondamental dans l\u2019\u00e9tude des plantes et la conservation des esp\u00e8ces menac\u00e9es. C\u2019est donc une destination id\u00e9ale non seulement pour les passionn\u00e9s de nature, mais aussi pour les familles, les \u00e9tudiants et les touristes curieux.<\/p>\n\n\n\n<p><strong>S\u00e9journez \u00e0 l\u2019H\u00f4tel Giotto de Padoue<\/strong><\/p>\n\n\n\n<p>Si vous s\u00e9journez \u00e0 l<strong>\u2019H\u00f4tel Giotto de Padoue<\/strong>, le Jardin Botanique est facilement accessible \u00e0 pied. Sa proximit\u00e9 fait de notre h\u00f4tel le <a href=\"https:\/\/hotelgiotto.com\/fr\/dove-siamo\/\">point de d\u00e9part parfait pour visiter cette merveille<\/a>. Apr\u00e8s une journ\u00e9e en pleine nature, vous pourrez vous d\u00e9tendre dans nos chambres confortables et profiter de notre accueil chaleureux.<\/p>\n\n\n\n<p>Ne manquez pas l\u2019occasion de d\u00e9couvrir ce joyau unique au monde : le Jardin Botanique de Padoue vous attend pour vous offrir des \u00e9motions et des d\u00e9couvertes inoubliables.<\/p>\n\n\n\n<p><strong>Source photo<\/strong> : <a href=\"https:\/\/ortobotanico1545.it\/\" target=\"_blank\" rel=\"noopener\">https:\/\/ortobotanico1545.it\/<\/a><\/p>\n","protected":false},"excerpt":{"rendered":"<p>Le Jardin Botanique de Padoue est un lieu extraordinaire o\u00f9 la nature, la science et l\u2019histoire s\u2019entrelacent pour cr\u00e9er une exp\u00e9rience unique. Fond\u00e9 en 1545, c\u2019est le plus ancien jardin botanique universitaire au monde encore dans son emplacement d\u2019origine, et il a \u00e9t\u00e9 inscrit sur la liste du Patrimoine mondial de l\u2019UNESCO en 1997. Situ\u00e9 [&hellip;]<\/p>\n","protected":false},"author":1,"featured_media":3555,"parent":0,"menu_order":0,"comment_status":"closed","ping_status":"closed","template":"","meta":{"_acf_changed":false,"footnotes":""},"class_list":["post-3632","page","type-page","status-publish","has-post-thumbnail","hentry"],"acf":[],"_links":{"self":[{"href":"https:\/\/hotelgiotto.com\/fr\/wp-json\/wp\/v2\/pages\/3632","targetHints":{"allow":["GET"]}}],"collection":[{"href":"https:\/\/hotelgiotto.com\/fr\/wp-json\/wp\/v2\/pages"}],"about":[{"href":"https:\/\/hotelgiotto.com\/fr\/wp-json\/wp\/v2\/types\/page"}],"author":[{"embeddable":true,"href":"https:\/\/hotelgiotto.com\/fr\/wp-json\/wp\/v2\/users\/1"}],"replies":[{"embeddable":true,"href":"https:\/\/hotelgiotto.com\/fr\/wp-json\/wp\/v2\/comments?post=3632"}],"version-history":[{"count":7,"href":"https:\/\/hotelgiotto.com\/fr\/wp-json\/wp\/v2\/pages\/3632\/revisions"}],"predecessor-version":[{"id":3785,"href":"https:\/\/hotelgiotto.com\/fr\/wp-json\/wp\/v2\/pages\/3632\/revisions\/3785"}],"wp:featuredmedia":[{"embeddable":true,"href":"https:\/\/hotelgiotto.com\/fr\/wp-json\/wp\/v2\/media\/3555"}],"wp:attachment":[{"href":"https:\/\/hotelgiotto.com\/fr\/wp-json\/wp\/v2\/media?parent=3632"}],"curies":[{"name":"wp","href":"https:\/\/api.w.org\/{rel}","templated":true}]}}