{"id":3646,"date":"2024-12-19T13:46:53","date_gmt":"2024-12-19T13:46:53","guid":{"rendered":"https:\/\/hotelgiotto.com\/il-tuo-hotel-vicino-alla-basilica-di-santantonio-padova\/"},"modified":"2025-03-05T13:47:42","modified_gmt":"2025-03-05T13:47:42","slug":"votre-hotel-pres-de-la-basilique-saint-antoine-a-padoue","status":"publish","type":"page","link":"https:\/\/hotelgiotto.com\/fr\/votre-hotel-pres-de-la-basilique-saint-antoine-a-padoue\/","title":{"rendered":"Votre H\u00f4tel Pr\u00e8s de la Basilique Saint-Antoine \u00e0 Padoue"},"content":{"rendered":"\n<p>Si vous cherchez un <strong>h\u00f4tel pr\u00e8s de la basilique Saint-Antoine \u00e0 Padoue<\/strong>, l\u2019<strong>H\u00f4tel Giotto<\/strong> est le choix id\u00e9al pour votre s\u00e9jour. Situ\u00e9 \u00e0 seulement 10 minutes \u00e0 pied de la c\u00e9l\u00e8bre basilique, notre \u00e9tablissement offre un emplacement strat\u00e9gique, parfait pour ceux qui souhaitent visiter l\u2019un des lieux les plus embl\u00e9matiques de la ville sans renoncer au confort.<\/p>\n\n\n\n<h3 class=\"wp-block-heading\"><strong>D\u00e9couvrez la Basilique Saint-Antoine<\/strong><\/h3>\n\n\n\n<p>La <strong><a href=\"https:\/\/hotelgiotto.com\/fr\/basilique-saint-antoine\/\">Basilique Saint-Antoine de Padoue<\/a><\/strong>, connue sous le nom de \u00ab\u202fLe Saint\u202f\u00bb, est l\u2019un des sites les plus visit\u00e9s d\u2019Italie en raison de son importance religieuse, historique et artistique. Construite au XIIIe si\u00e8cle, la basilique abrite les reliques de Saint Antoine, un fr\u00e8re franciscain v\u00e9n\u00e9r\u00e9 dans le monde entier pour ses miracles.<\/p>\n\n\n\n<p>Son style architectural est une combinaison harmonieuse d\u2019\u00e9l\u00e9ments romans, gothiques et byzantins. Parmi les principaux points d\u2019int\u00e9r\u00eat, on trouve\u202f:<\/p>\n\n\n\n<ul class=\"wp-block-list\">\n<li><strong>La Chapelle du Tr\u00e9sor<\/strong>, o\u00f9 sont conserv\u00e9es les reliques du saint.<\/li>\n\n\n\n<li><strong>Les fresques de la Chapelle Saint-Jacques<\/strong>, v\u00e9ritables chefs-d\u2019\u0153uvre de l\u2019art m\u00e9di\u00e9val.<\/li>\n\n\n\n<li><strong>Le Clo\u00eetre G\u00e9n\u00e9ral<\/strong>, un espace serein qui invite \u00e0 la r\u00e9flexion.<\/li>\n<\/ul>\n\n\n\n<p>En s\u00e9journant \u00e0 l\u2019<strong>H\u00f4tel Giotto<\/strong>, vous pourrez rejoindre facilement la basilique et vous impr\u00e9gner de son atmosph\u00e8re spirituelle.<\/p>\n\n\n\n<h3 class=\"wp-block-heading\"><strong>H\u00f4tel Giotto : Emplacement Strat\u00e9gique et Confort<\/strong><\/h3>\n\n\n\n<p>L\u2019<strong>H\u00f4tel Giotto<\/strong> est parfait pour ceux qui recherchent un <strong>h\u00f4tel pr\u00e8s de la basilique Saint-Antoine \u00e0 Padoue<\/strong>. Notre emplacement central vous permet d\u2019explorer non seulement la basilique, mais aussi d\u2019autres attractions de Padoue, comme le Prato della Valle et le Palais de la Raison.<\/p>\n\n\n\n<p>Nous proposons \u00e0 nos clients\u202f:<\/p>\n\n\n\n<ul class=\"wp-block-list\">\n<li><strong>Des chambres confortables<\/strong> avec climatisation, Wi-Fi gratuit et minibar.<\/li>\n\n\n\n<li><strong>Un parking priv\u00e9 payant<\/strong>, id\u00e9al pour ceux qui arrivent en voiture.<\/li>\n\n\n\n<li><strong>Un personnel accueillant<\/strong> et disponible, pr\u00eat \u00e0 rendre votre s\u00e9jour unique.<\/li>\n<\/ul>\n\n\n\n<h3 class=\"wp-block-heading\"><strong>Pourquoi Choisir un H\u00f4tel Pr\u00e8s de la Basilique Saint-Antoine\u202f?<\/strong><\/h3>\n\n\n\n<p>S\u00e9journer dans un h\u00f4tel pr\u00e8s de la basilique Saint-Antoine \u00e0 Padoue signifie vivre une exp\u00e9rience unique, avec la commodit\u00e9 d\u2019avoir l\u2019une des principales attractions de la ville \u00e0 deux pas. \u00c0 l\u2019H\u00f4tel Giotto, vous pouvez allier proximit\u00e9 des sites touristiques, services modernes et accueil chaleureux.<\/p>\n\n\n\n<h3 class=\"wp-block-heading\"><strong>Explorez Padoue Depuis l\u2019H\u00f4tel Giotto<\/strong><\/h3>\n\n\n\n<p>Outre la basilique Saint-Antoine, depuis l\u2019H\u00f4tel Giotto, vous pouvez facilement d\u00e9couvrir d\u2019autres merveilles de Padoue\u202f:<\/p>\n\n\n\n<ul class=\"wp-block-list\">\n<li><strong><a href=\"https:\/\/hotelgiotto.com\/fr\/place-prato-della-valle-lune-des-plus-grandes-places-deurope\/#\">Le Prato della Valle<\/a><\/strong>, l\u2019une des plus grandes places d\u2019Europe.<\/li>\n\n\n\n<li><strong><a href=\"https:\/\/hotelgiotto.com\/fr\/palais-de-la-raison-un-tresor-historique-de-padoue\/\">Le Palais de la Raison<\/a><\/strong>, symbole de l\u2019histoire et de la culture de la ville.<\/li>\n\n\n\n<li><strong><a href=\"https:\/\/hotelgiotto.com\/fr\/jardin-botanique-de-padoue-voyage-dans-histoire-et-nature\/\">Le Jardin Botanique<\/a><\/strong>, le plus ancien jardin botanique universitaire au monde.<\/li>\n<\/ul>\n\n\n\n<p>Gr\u00e2ce \u00e0 l\u2019emplacement central de notre h\u00f4tel, chaque coin de Padoue est \u00e0 port\u00e9e de main.<\/p>\n\n\n\n<p><\/p>\n","protected":false},"excerpt":{"rendered":"<p>Si vous cherchez un h\u00f4tel pr\u00e8s de la basilique Saint-Antoine \u00e0 Padoue, l\u2019H\u00f4tel Giotto est le choix id\u00e9al pour votre s\u00e9jour. Situ\u00e9 \u00e0 seulement 10 minutes \u00e0 pied de la c\u00e9l\u00e8bre basilique, notre \u00e9tablissement offre un emplacement strat\u00e9gique, parfait pour ceux qui souhaitent visiter l\u2019un des lieux les plus embl\u00e9matiques de la ville sans renoncer [&hellip;]<\/p>\n","protected":false},"author":1,"featured_media":3548,"parent":0,"menu_order":0,"comment_status":"closed","ping_status":"closed","template":"","meta":{"_acf_changed":false,"footnotes":""},"class_list":["post-3646","page","type-page","status-publish","has-post-thumbnail","hentry"],"acf":[],"_links":{"self":[{"href":"https:\/\/hotelgiotto.com\/fr\/wp-json\/wp\/v2\/pages\/3646","targetHints":{"allow":["GET"]}}],"collection":[{"href":"https:\/\/hotelgiotto.com\/fr\/wp-json\/wp\/v2\/pages"}],"about":[{"href":"https:\/\/hotelgiotto.com\/fr\/wp-json\/wp\/v2\/types\/page"}],"author":[{"embeddable":true,"href":"https:\/\/hotelgiotto.com\/fr\/wp-json\/wp\/v2\/users\/1"}],"replies":[{"embeddable":true,"href":"https:\/\/hotelgiotto.com\/fr\/wp-json\/wp\/v2\/comments?post=3646"}],"version-history":[{"count":3,"href":"https:\/\/hotelgiotto.com\/fr\/wp-json\/wp\/v2\/pages\/3646\/revisions"}],"predecessor-version":[{"id":3792,"href":"https:\/\/hotelgiotto.com\/fr\/wp-json\/wp\/v2\/pages\/3646\/revisions\/3792"}],"wp:featuredmedia":[{"embeddable":true,"href":"https:\/\/hotelgiotto.com\/fr\/wp-json\/wp\/v2\/media\/3548"}],"wp:attachment":[{"href":"https:\/\/hotelgiotto.com\/fr\/wp-json\/wp\/v2\/media?parent=3646"}],"curies":[{"name":"wp","href":"https:\/\/api.w.org\/{rel}","templated":true}]}}