{"id":3679,"date":"2024-12-19T13:04:41","date_gmt":"2024-12-19T13:04:41","guid":{"rendered":"https:\/\/hotelgiotto.com\/piazza-prato-della-valle-una-delle-piazze-piu-grandi-deuropa\/"},"modified":"2025-01-21T13:19:21","modified_gmt":"2025-01-21T13:19:21","slug":"place-prato-della-valle-lune-des-plus-grandes-places-deurope","status":"publish","type":"page","link":"https:\/\/hotelgiotto.com\/fr\/place-prato-della-valle-lune-des-plus-grandes-places-deurope\/","title":{"rendered":"Place Prato della Valle : L\u2019une des Plus Grandes Places d\u2019Europe"},"content":{"rendered":"\n<p>La <strong>Place Prato della Valle<\/strong> est l\u2019un des monuments les plus embl\u00e9matiques de Padoue et l\u2019une des plus grandes places d\u2019Europe. Sa beaut\u00e9 architecturale, son histoire fascinante et son atmosph\u00e8re unique en font une \u00e9tape incontournable pour quiconque visite la ville. Situ\u00e9e \u00e0 seulement 300 m\u00e8tres de l\u2019<strong>H\u00f4tel Giotto<\/strong>, cette place embl\u00e9matique est facilement accessible pour nos clients et constitue le point de d\u00e9part id\u00e9al pour explorer Padoue.<\/p>\n\n\n\n<h3 class=\"wp-block-heading\"><strong>L\u2019Histoire de Place Prato della Valle<\/strong><\/h3>\n\n\n\n<p>Au XVIIIe si\u00e8cle, l\u2019architecte Andrea Memmo a transform\u00e9 ce qui \u00e9tait autrefois une zone mar\u00e9cageuse en un espace public \u00e9l\u00e9gant, cr\u00e9ant ce que nous connaissons aujourd\u2019hui sous le nom de Piazza Prato della Valle. Au centre de la place se trouve l\u2019<strong>Isola Memmia<\/strong>, une oasis de verdure entour\u00e9e d\u2019un canal orn\u00e9 de 78 statues repr\u00e9sentant des figures historiques li\u00e9es \u00e0 l\u2019histoire culturelle et politique de Padoue. Ces statues, qui repr\u00e9sentent des \u00e9rudits, des dirigeants et des artistes, racontent l\u2019\u00e9volution de la ville au fil des si\u00e8cles. En s\u00e9journant \u00e0 l\u2019<strong>H\u00f4tel Giotto<\/strong>, vous pourrez facilement d\u00e9couvrir l\u2019histoire fascinante de ce site embl\u00e9matique tout en profitant de son atmosph\u00e8re paisible.<\/p>\n\n\n\n<p><strong>Que Voir sur la Place Prato della Valle<\/strong><\/p>\n\n\n\n<p>Cette place offre un m\u00e9lange impressionnant d\u2019art, d\u2019histoire et de d\u00e9tente. Les points forts incluent\u202f:<\/p>\n\n\n\n<ul class=\"wp-block-list\">\n<li><strong>Les 78 statues<\/strong>, qui t\u00e9moignent du riche patrimoine de Padoue.<\/li>\n\n\n\n<li><strong>L\u2019Isola Memmia<\/strong>, un espace vert id\u00e9al pour une promenade ou un moment de calme.<\/li>\n\n\n\n<li><strong>La Basilique Santa Giustina<\/strong>, un exemple remarquable d\u2019architecture religieuse situ\u00e9 \u00e0 proximit\u00e9 de la place.<\/li>\n<\/ul>\n\n\n\n<p>Gr\u00e2ce \u00e0 la situation id\u00e9ale de l\u2019<strong>H\u00f4tel Giotto<\/strong>, il est facile de profiter de ces attractions et de s\u2019immerger dans les tr\u00e9sors culturels de Padoue.<\/p>\n\n\n\n<h3 class=\"wp-block-heading\"><strong>\u00c9v\u00e9nements et Activit\u00e9s<\/strong><\/h3>\n\n\n\n<p>Tout au long de l\u2019ann\u00e9e, la <strong>Place Prato della Valle<\/strong> accueille de nombreux \u00e9v\u00e9nements, dont des march\u00e9s, des festivals et des expositions. Chaque samedi, la place s\u2019anime avec son march\u00e9 hebdomadaire, offrant des produits locaux dans une ambiance anim\u00e9e. Ces activit\u00e9s font de la place une destination incontournable lors de votre visite \u00e0 Padoue.<\/p>\n","protected":false},"excerpt":{"rendered":"<p>La Place Prato della Valle est l\u2019un des monuments les plus embl\u00e9matiques de Padoue et l\u2019une des plus grandes places d\u2019Europe. Sa beaut\u00e9 architecturale, son histoire fascinante et son atmosph\u00e8re unique en font une \u00e9tape incontournable pour quiconque visite la ville. Situ\u00e9e \u00e0 seulement 300 m\u00e8tres de l\u2019H\u00f4tel Giotto, cette place embl\u00e9matique est facilement accessible [&hellip;]<\/p>\n","protected":false},"author":1,"featured_media":3514,"parent":0,"menu_order":0,"comment_status":"closed","ping_status":"closed","template":"","meta":{"_acf_changed":false,"footnotes":""},"class_list":["post-3679","page","type-page","status-publish","has-post-thumbnail","hentry"],"acf":[],"_links":{"self":[{"href":"https:\/\/hotelgiotto.com\/fr\/wp-json\/wp\/v2\/pages\/3679","targetHints":{"allow":["GET"]}}],"collection":[{"href":"https:\/\/hotelgiotto.com\/fr\/wp-json\/wp\/v2\/pages"}],"about":[{"href":"https:\/\/hotelgiotto.com\/fr\/wp-json\/wp\/v2\/types\/page"}],"author":[{"embeddable":true,"href":"https:\/\/hotelgiotto.com\/fr\/wp-json\/wp\/v2\/users\/1"}],"replies":[{"embeddable":true,"href":"https:\/\/hotelgiotto.com\/fr\/wp-json\/wp\/v2\/comments?post=3679"}],"version-history":[{"count":3,"href":"https:\/\/hotelgiotto.com\/fr\/wp-json\/wp\/v2\/pages\/3679\/revisions"}],"predecessor-version":[{"id":3770,"href":"https:\/\/hotelgiotto.com\/fr\/wp-json\/wp\/v2\/pages\/3679\/revisions\/3770"}],"wp:featuredmedia":[{"embeddable":true,"href":"https:\/\/hotelgiotto.com\/fr\/wp-json\/wp\/v2\/media\/3514"}],"wp:attachment":[{"href":"https:\/\/hotelgiotto.com\/fr\/wp-json\/wp\/v2\/media?parent=3679"}],"curies":[{"name":"wp","href":"https:\/\/api.w.org\/{rel}","templated":true}]}}