{"id":3691,"date":"2024-12-19T12:39:05","date_gmt":"2024-12-19T12:39:05","guid":{"rendered":"https:\/\/hotelgiotto.com\/il-tuo-hotel-in-centro-a-padova-con-parcheggio\/"},"modified":"2025-03-05T13:45:18","modified_gmt":"2025-03-05T13:45:18","slug":"votre-hotel-au-centre-de-padoue-avec-parking","status":"publish","type":"page","link":"https:\/\/hotelgiotto.com\/fr\/votre-hotel-au-centre-de-padoue-avec-parking\/","title":{"rendered":"Votre H\u00f4tel au Centre de Padoue avec Parking"},"content":{"rendered":"\n<p>Si vous cherchez un <strong>h\u00f4tel au centre de Padoue avec parking<\/strong>, l\u2019H\u00f4tel Giotto est le choix parfait pour un s\u00e9jour confortable et sans stress. Id\u00e9alement situ\u00e9 \u00e0 quelques pas du <strong><a href=\"https:\/\/hotelgiotto.com\/fr\/place-prato-della-valle-lune-des-plus-grandes-places-deurope\/\">Prato della Valle<\/a> <\/strong>et de la c\u00e9l\u00e8bre <strong><a href=\"https:\/\/hotelgiotto.com\/fr\/basilique-saint-antoine\/\">Basilique Saint-Antoine<\/a><\/strong>, notre h\u00f4tel allie la commodit\u00e9 d\u2019un parking priv\u00e9 \u00e0 la possibilit\u00e9 de d\u00e9couvrir les merveilles de Padoue \u00e0 pied.<\/p>\n\n\n\n<h3 class=\"wp-block-heading\"><strong>Parking Priv\u00e9 et Services Modernes<\/strong><\/h3>\n\n\n\n<p>L\u2019un des principaux avantages de l\u2019H\u00f4tel Giotto est son <a href=\"https:\/\/hotelgiotto.com\/fr\/services\/\">parking priv\u00e9 payant<\/a>, situ\u00e9 juste \u00e0 c\u00f4t\u00e9 de l\u2019\u00e9tablissement. Cela en fait un choix id\u00e9al pour les voyageurs en voiture qui souhaitent s\u00e9journer en plein c\u0153ur de la ville sans se soucier de la logistique du stationnement. De plus, nous proposons des bornes de recharge pour v\u00e9hicules \u00e9lectriques, id\u00e9ales pour les voyageurs \u00e9coresponsables. Nous nous engageons \u00e0 offrir des services qui r\u00e9pondent aux besoins de tous nos clients.<\/p>\n\n\n\n<h3 class=\"wp-block-heading\"><strong>Des Chambres Confortables pour Tous<\/strong><\/h3>\n\n\n\n<p><a href=\"https:\/\/hotelgiotto.com\/fr\/chambres-et-tarifs\/\">Nos chambres <\/a>sont con\u00e7ues pour garantir un confort optimal, que vous soyez en voyage d\u2019affaires ou d\u2019agr\u00e9ment. Chaque chambre est \u00e9quip\u00e9e de\u202f:<\/p>\n\n\n\n<ul class=\"wp-block-list\">\n<li>Climatisation pour un confort optimal<\/li>\n\n\n\n<li>Connexion Wi-Fi gratuite pour rester connect\u00e9<\/li>\n\n\n\n<li>Minibar pour des rafra\u00eechissements \u00e0 votre convenance<\/li>\n\n\n\n<li>T\u00e9l\u00e9vision par satellite pour se d\u00e9tendre apr\u00e8s une journ\u00e9e de d\u00e9couverte<\/li>\n<\/ul>\n\n\n\n<p>Avec ces \u00e9quipements modernes, notre h\u00f4tel au centre de Padoue avec parking vous garantit une exp\u00e9rience agr\u00e9able et relaxante.<\/p>\n\n\n\n<h3 class=\"wp-block-heading\"><strong>D\u00e9couvrez Padoue \u00e0 Pied<\/strong><\/h3>\n\n\n\n<p>Gr\u00e2ce \u00e0 sa position centrale, l\u2019H\u00f4tel Giotto permet d\u2019explorer facilement les tr\u00e9sors de Padoue\u202f:<\/p>\n\n\n\n<ul class=\"wp-block-list\">\n<li><strong><a href=\"https:\/\/hotelgiotto.com\/fr\/place-prato-della-valle-lune-des-plus-grandes-places-deurope\/\">Prato della Valle<\/a><\/strong>, l\u2019une des plus grandes et belles places d\u2019Europe<\/li>\n\n\n\n<li><strong><a href=\"https:\/\/hotelgiotto.com\/fr\/basilique-saint-antoine\/\">La Basilique Saint-Antoine<\/a><\/strong>, un monument spirituel et artistique exceptionnel<\/li>\n\n\n\n<li><strong>Le centre historique<\/strong>, comprenant le <strong><a href=\"https:\/\/hotelgiotto.com\/fr\/palais-de-la-raison-un-tresor-historique-de-padoue\/\">Palais de la Raison<\/a><\/strong> et le <strong>Jardin <a href=\"https:\/\/hotelgiotto.com\/fr\/jardin-botanique-de-padoue-voyage-dans-histoire-et-nature\/\">Botanique<\/a><\/strong>, le plus ancien jardin universitaire au monde<\/li>\n<\/ul>\n\n\n\n<p>En s\u00e9journant chez nous, vous \u00e9viterez le stress des transports et pourrez profiter pleinement de votre s\u00e9jour.<\/p>\n\n\n\n<h3 class=\"wp-block-heading\"><strong>Pourquoi Choisir l\u2019H\u00f4tel Giotto\u202f?<\/strong><\/h3>\n\n\n\n<p>L\u2019H\u00f4tel Giotto garantit un s\u00e9jour sans souci, combinant le confort d\u2019un parking priv\u00e9 avec une localisation id\u00e9ale. Id\u00e9al pour les voyageurs \u00e0 la recherche de commodit\u00e9s modernes et de proximit\u00e9 avec les principales attractions, notre h\u00f4tel est le point de d\u00e9part parfait pour d\u00e9couvrir tout ce que Padoue a \u00e0 offrir.<\/p>\n","protected":false},"excerpt":{"rendered":"<p>Si vous cherchez un h\u00f4tel au centre de Padoue avec parking, l\u2019H\u00f4tel Giotto est le choix parfait pour un s\u00e9jour confortable et sans stress. Id\u00e9alement situ\u00e9 \u00e0 quelques pas du Prato della Valle et de la c\u00e9l\u00e8bre Basilique Saint-Antoine, notre h\u00f4tel allie la commodit\u00e9 d\u2019un parking priv\u00e9 \u00e0 la possibilit\u00e9 de d\u00e9couvrir les merveilles de [&hellip;]<\/p>\n","protected":false},"author":1,"featured_media":3506,"parent":0,"menu_order":0,"comment_status":"closed","ping_status":"closed","template":"","meta":{"_acf_changed":false,"footnotes":""},"class_list":["post-3691","page","type-page","status-publish","has-post-thumbnail","hentry"],"acf":[],"_links":{"self":[{"href":"https:\/\/hotelgiotto.com\/fr\/wp-json\/wp\/v2\/pages\/3691","targetHints":{"allow":["GET"]}}],"collection":[{"href":"https:\/\/hotelgiotto.com\/fr\/wp-json\/wp\/v2\/pages"}],"about":[{"href":"https:\/\/hotelgiotto.com\/fr\/wp-json\/wp\/v2\/types\/page"}],"author":[{"embeddable":true,"href":"https:\/\/hotelgiotto.com\/fr\/wp-json\/wp\/v2\/users\/1"}],"replies":[{"embeddable":true,"href":"https:\/\/hotelgiotto.com\/fr\/wp-json\/wp\/v2\/comments?post=3691"}],"version-history":[{"count":2,"href":"https:\/\/hotelgiotto.com\/fr\/wp-json\/wp\/v2\/pages\/3691\/revisions"}],"predecessor-version":[{"id":3810,"href":"https:\/\/hotelgiotto.com\/fr\/wp-json\/wp\/v2\/pages\/3691\/revisions\/3810"}],"wp:featuredmedia":[{"embeddable":true,"href":"https:\/\/hotelgiotto.com\/fr\/wp-json\/wp\/v2\/media\/3506"}],"wp:attachment":[{"href":"https:\/\/hotelgiotto.com\/fr\/wp-json\/wp\/v2\/media?parent=3691"}],"curies":[{"name":"wp","href":"https:\/\/api.w.org\/{rel}","templated":true}]}}