{"id":3701,"date":"2024-12-19T09:21:00","date_gmt":"2024-12-19T09:21:00","guid":{"rendered":"https:\/\/hotelgiotto.com\/il-tuo-hotel-in-centro-a-padova\/"},"modified":"2025-01-22T10:11:35","modified_gmt":"2025-01-22T10:11:35","slug":"votre-hotel-au-centre-de-padoue","status":"publish","type":"page","link":"https:\/\/hotelgiotto.com\/fr\/votre-hotel-au-centre-de-padoue\/","title":{"rendered":"Votre H\u00f4tel au Centre de Padoue"},"content":{"rendered":"\n<p>Si vous cherchez un <strong>h\u00f4tel au centre de Padoue<\/strong>, l\u2019H\u00f4tel Giotto est le choix parfait. Situ\u00e9 en plein c\u0153ur de la ville, \u00e0 quelques pas de la <strong><a href=\"https:\/\/hotelgiotto.com\/fr\/place-prato-della-valle-lune-des-plus-grandes-places-deurope\/\">Piazza Prato della Valle <\/a><\/strong>et de la c\u00e9l\u00e8bre <strong><a href=\"https:\/\/hotelgiotto.com\/fr\/basilique-saint-antoine\/#\">Basilique Saint-Antoine<\/a><\/strong>, notre \u00e9tablissement offre une exp\u00e9rience unique. Gr\u00e2ce \u00e0 sa position centrale, toutes les principales attractions de Padoue sont facilement accessibles \u00e0 pied.<\/p>\n\n\n\n<h3 class=\"wp-block-heading\"><strong>Confort et Emplacement Strat\u00e9gique \u00e0 Padoue<\/strong><\/h3>\n\n\n\n<p>L\u2019H\u00f4tel Giotto se distingue parmi les <strong>h\u00f4tels au centre de Padoue<\/strong> en combinant le charme d\u2019une architecture historique avec des \u00e9quipements modernes.<a href=\"https:\/\/hotelgiotto.com\/fr\/chambres-et-tarifs\/\"> Nos chambres<\/a> sont con\u00e7ues pour offrir un s\u00e9jour relaxant et agr\u00e9able, avec climatisation, connexion Wi-Fi gratuite, minibar et t\u00e9l\u00e9vision par satellite. Que vous soyez \u00e0 Padoue pour le tourisme ou les affaires, notre emplacement central est id\u00e9al. La proximit\u00e9 de l\u2019h\u00f4pital et du centre d\u2019expositions de Padoue rend notre h\u00f4tel particuli\u00e8rement pratique pour les professionnels. De plus, les amateurs d\u2019art appr\u00e9cieront la courte distance (10 minutes \u00e0 pied) jusqu\u2019au <a href=\"https:\/\/www.zabarella.it\/en\/\" target=\"_blank\" rel=\"noopener\">Palais Zabarella<\/a>, qui accueille des expositions prestigieuses tout au long de l\u2019ann\u00e9e.<\/p>\n\n\n\n<h3 class=\"wp-block-heading\"><strong>Services Sur Mesure<\/strong><\/h3>\n\n\n\n<p>Pour les voyageurs en voiture, l\u2019H\u00f4tel Giotto propose un parking priv\u00e9 payant \u00e0 proximit\u00e9 de l\u2019\u00e9tablissement, avec des bornes de recharge pour v\u00e9hicules \u00e9lectriques. Ce service, rare pour un h\u00f4tel du centre de Padoue, garantit un s\u00e9jour sans stress. Nous recommandons de r\u00e9server votre place de parking lors de la r\u00e9servation de votre chambre.<\/p>\n\n\n\n<h3 class=\"wp-block-heading\"><strong>D\u00e9couvrez Padoue \u00e0 Pied<\/strong><\/h3>\n\n\n\n<p>Gr\u00e2ce \u00e0 sa localisation centrale, l\u2019H\u00f4tel Giotto permet d\u2019explorer Padoue sans avoir besoin de moyens de transport. Depuis notre h\u00f4tel, vous pouvez facilement rejoindre\u202f:<\/p>\n\n\n\n<ul class=\"wp-block-list\">\n<li><strong><a href=\"https:\/\/hotelgiotto.com\/fr\/place-prato-della-valle-lune-des-plus-grandes-places-deurope\/\">Prato della Valle<\/a><\/strong>, l\u2019une des plus grandes et belles places d\u2019Europe.<\/li>\n\n\n\n<li><strong><a href=\"https:\/\/hotelgiotto.com\/fr\/basilique-saint-antoine\/#\">La Basilique Saint-Antoine<\/a><\/strong>, un lieu spirituel et artistique majeur.<\/li>\n\n\n\n<li><strong>Le centre historique<\/strong>, comprenant le<a href=\"https:\/\/hotelgiotto.com\/fr\/palais-de-la-raison-un-tresor-historique-de-padoue\/\"> <strong>Palais de la Raison<\/strong><\/a> et le <strong><a href=\"https:\/\/hotelgiotto.com\/fr\/jardin-botanique-de-padoue-voyage-dans-histoire-et-nature\/\">Jardin Botanique<\/a><\/strong>, le plus ancien jardin universitaire au monde.<\/li>\n<\/ul>\n\n\n\n<h3 class=\"wp-block-heading\"><strong>Pourquoi Choisir l\u2019H\u00f4tel Giotto\u202f?<\/strong><\/h3>\n\n\n\n<p>En choisissant l\u2019H\u00f4tel Giotto, vous profitez des avantages d\u2019un <strong>h\u00f4tel au centre de Padoue<\/strong>, d\u2019\u00e9quipements modernes et d\u2019un accueil chaleureux. Que vous soyez \u00e0 Padoue pour le tourisme ou le travail, notre h\u00f4tel garantit un s\u00e9jour inoubliable.e vous soyez \u00e0 Padoue pour le tourisme ou le travail, notre h\u00f4tel garantit un s\u00e9jour inoubliable.<\/p>\n\n\n\n<p><\/p>\n","protected":false},"excerpt":{"rendered":"<p>Si vous cherchez un h\u00f4tel au centre de Padoue, l\u2019H\u00f4tel Giotto est le choix parfait. Situ\u00e9 en plein c\u0153ur de la ville, \u00e0 quelques pas de la Piazza Prato della Valle et de la c\u00e9l\u00e8bre Basilique Saint-Antoine, notre \u00e9tablissement offre une exp\u00e9rience unique. Gr\u00e2ce \u00e0 sa position centrale, toutes les principales attractions de Padoue sont [&hellip;]<\/p>\n","protected":false},"author":1,"featured_media":3489,"parent":0,"menu_order":0,"comment_status":"closed","ping_status":"closed","template":"","meta":{"_acf_changed":false,"footnotes":""},"class_list":["post-3701","page","type-page","status-publish","has-post-thumbnail","hentry"],"acf":[],"_links":{"self":[{"href":"https:\/\/hotelgiotto.com\/fr\/wp-json\/wp\/v2\/pages\/3701","targetHints":{"allow":["GET"]}}],"collection":[{"href":"https:\/\/hotelgiotto.com\/fr\/wp-json\/wp\/v2\/pages"}],"about":[{"href":"https:\/\/hotelgiotto.com\/fr\/wp-json\/wp\/v2\/types\/page"}],"author":[{"embeddable":true,"href":"https:\/\/hotelgiotto.com\/fr\/wp-json\/wp\/v2\/users\/1"}],"replies":[{"embeddable":true,"href":"https:\/\/hotelgiotto.com\/fr\/wp-json\/wp\/v2\/comments?post=3701"}],"version-history":[{"count":3,"href":"https:\/\/hotelgiotto.com\/fr\/wp-json\/wp\/v2\/pages\/3701\/revisions"}],"predecessor-version":[{"id":3817,"href":"https:\/\/hotelgiotto.com\/fr\/wp-json\/wp\/v2\/pages\/3701\/revisions\/3817"}],"wp:featuredmedia":[{"embeddable":true,"href":"https:\/\/hotelgiotto.com\/fr\/wp-json\/wp\/v2\/media\/3489"}],"wp:attachment":[{"href":"https:\/\/hotelgiotto.com\/fr\/wp-json\/wp\/v2\/media?parent=3701"}],"curies":[{"name":"wp","href":"https:\/\/api.w.org\/{rel}","templated":true}]}}