{"id":3710,"date":"2023-10-23T08:42:53","date_gmt":"2023-10-23T08:42:53","guid":{"rendered":"https:\/\/hotelgiotto.com\/vicino-allospedale-di-padova\/"},"modified":"2025-03-05T14:16:09","modified_gmt":"2025-03-05T14:16:09","slug":"pres-de-lhopital-de-padoue","status":"publish","type":"page","link":"https:\/\/hotelgiotto.com\/fr\/pres-de-lhopital-de-padoue\/","title":{"rendered":"Pr\u00e8s de l\u2019H\u00f4pital de Padoue"},"content":{"rendered":"\n<p>Notre <strong>h\u00f4tel pr\u00e8s de l\u2019h\u00f4pital de Padoue<\/strong> b\u00e9n\u00e9ficie d\u2019un emplacement strat\u00e9gique, \u00e0 quelques pas de l\u2019\u00e9tablissement m\u00e9dical, ce qui en fait le choix id\u00e9al pour ceux qui viennent en ville pour des consultations m\u00e9dicales ou pour accompagner leurs proches.<\/p>\n\n\n\n<p>\u00c0 l\u2019H\u00f4tel Giotto, vous profiterez de la tranquillit\u00e9 d\u2019un h\u00e9bergement confortable et bien situ\u00e9, tout en \u00e9vitant le stress des d\u00e9placements. Nos chambres accueillantes et bien \u00e9quip\u00e9es sont pens\u00e9es pour r\u00e9pondre aux besoins des voyageurs, offrant tout le confort moderne pour rendre votre s\u00e9jour agr\u00e9able.<\/p>\n\n\n\n<h3 class=\"wp-block-heading\">Pourquoi Choisir Notre H\u00f4tel Pr\u00e8s de l\u2019H\u00f4pital de Padoue ?<\/h3>\n\n\n\n<p><strong><a href=\"https:\/\/hotelgiotto.com\/fr\/dove-siamo\/\">Emplacement Privil\u00e9gi\u00e9<\/a> :<\/strong> Situ\u00e9 \u00e0 seulement quelques minutes \u00e0 pied de l\u2019h\u00f4pital de Padoue, notre h\u00f4tel offre un acc\u00e8s facile et pratique aux structures m\u00e9dicales, tout en garantissant un environnement calme pour se reposer apr\u00e8s des journ\u00e9es charg\u00e9es.<\/p>\n\n\n\n<p><strong>Confort Moderne et Services :<\/strong> Les chambres de notre <strong>h\u00f4tel pr\u00e8s de <a href=\"https:\/\/www.aopd.veneto.it\/\" target=\"_blank\" rel=\"noopener\">l\u2019h\u00f4pital de Padoue<\/a><\/strong> sont \u00e9quip\u00e9es de Wi-Fi gratuit, climatisation et t\u00e9l\u00e9visions \u00e0 \u00e9cran plat. Chaque d\u00e9tail a \u00e9t\u00e9 pens\u00e9 pour assurer un s\u00e9jour agr\u00e9able, que vous soyez en visite pour des raisons m\u00e9dicales ou pour accompagner un proche.<\/p>\n\n\n\n<p><strong>Un Service Client de Qualit\u00e9 :<\/strong> Notre \u00e9quipe professionnelle et attentive est \u00e0 votre disposition pour rendre votre s\u00e9jour le plus serein possible. Nous veillons \u00e0 r\u00e9pondre \u00e0 toutes vos attentes avec un service amical et efficace.<\/p>\n\n\n\n<h3 class=\"wp-block-heading\">Une Localisation Id\u00e9ale et Pratique<\/h3>\n\n\n\n<p>S\u00e9journer \u00e0 l\u2019H\u00f4tel Giotto signifie b\u00e9n\u00e9ficier d\u2019une proximit\u00e9 directe avec l\u2019h\u00f4pital de Padoue, accessible \u00e0 pied ou en transport en commun. Cette localisation strat\u00e9gique vous permet d\u2019\u00e9conomiser du temps et de l\u2019\u00e9nergie, en \u00e9vitant les tracas li\u00e9s \u00e0 la circulation.<\/p>\n\n\n\n<h3 class=\"wp-block-heading\">Confort et Praticit\u00e9 \u00e0 Votre Port\u00e9e<\/h3>\n\n\n\n<p>Nos chambres offrent un cadre accueillant et sont dot\u00e9es de :<\/p>\n\n\n\n<ul class=\"wp-block-list\">\n<li><strong>Wi-Fi gratuit<\/strong><\/li>\n\n\n\n<li><strong>Climatisation<\/strong><\/li>\n\n\n\n<li><strong>Petit-d\u00e9jeuner vari\u00e9 et copieux<\/strong><\/li>\n<\/ul>\n\n\n\n<p>En plus de sa localisation proche de l\u2019h\u00f4pital, notre h\u00f4tel se trouve dans un quartier vivant avec restaurants, bars et boutiques. Vous serez \u00e9galement \u00e0 deux pas du centre historique de Padoue, id\u00e9al pour d\u00e9couvrir les merveilles de la ville lors de votre s\u00e9jour.<\/p>\n","protected":false},"excerpt":{"rendered":"<p>Notre h\u00f4tel pr\u00e8s de l\u2019h\u00f4pital de Padoue b\u00e9n\u00e9ficie d\u2019un emplacement strat\u00e9gique, \u00e0 quelques pas de l\u2019\u00e9tablissement m\u00e9dical, ce qui en fait le choix id\u00e9al pour ceux qui viennent en ville pour des consultations m\u00e9dicales ou pour accompagner leurs proches. \u00c0 l\u2019H\u00f4tel Giotto, vous profiterez de la tranquillit\u00e9 d\u2019un h\u00e9bergement confortable et bien situ\u00e9, tout en [&hellip;]<\/p>\n","protected":false},"author":1,"featured_media":3474,"parent":0,"menu_order":0,"comment_status":"closed","ping_status":"closed","template":"","meta":{"_acf_changed":false,"footnotes":""},"class_list":["post-3710","page","type-page","status-publish","has-post-thumbnail","hentry"],"acf":[],"_links":{"self":[{"href":"https:\/\/hotelgiotto.com\/fr\/wp-json\/wp\/v2\/pages\/3710","targetHints":{"allow":["GET"]}}],"collection":[{"href":"https:\/\/hotelgiotto.com\/fr\/wp-json\/wp\/v2\/pages"}],"about":[{"href":"https:\/\/hotelgiotto.com\/fr\/wp-json\/wp\/v2\/types\/page"}],"author":[{"embeddable":true,"href":"https:\/\/hotelgiotto.com\/fr\/wp-json\/wp\/v2\/users\/1"}],"replies":[{"embeddable":true,"href":"https:\/\/hotelgiotto.com\/fr\/wp-json\/wp\/v2\/comments?post=3710"}],"version-history":[{"count":4,"href":"https:\/\/hotelgiotto.com\/fr\/wp-json\/wp\/v2\/pages\/3710\/revisions"}],"predecessor-version":[{"id":3824,"href":"https:\/\/hotelgiotto.com\/fr\/wp-json\/wp\/v2\/pages\/3710\/revisions\/3824"}],"wp:featuredmedia":[{"embeddable":true,"href":"https:\/\/hotelgiotto.com\/fr\/wp-json\/wp\/v2\/media\/3474"}],"wp:attachment":[{"href":"https:\/\/hotelgiotto.com\/fr\/wp-json\/wp\/v2\/media?parent=3710"}],"curies":[{"name":"wp","href":"https:\/\/api.w.org\/{rel}","templated":true}]}}