{"id":3951,"date":"2025-02-26T09:47:56","date_gmt":"2025-02-26T09:47:56","guid":{"rendered":"https:\/\/hotelgiotto.com\/?page_id=3951"},"modified":"2025-03-05T13:49:32","modified_gmt":"2025-03-05T13:49:32","slug":"chapelle-des-scrovegni","status":"publish","type":"page","link":"https:\/\/hotelgiotto.com\/fr\/chapelle-des-scrovegni\/","title":{"rendered":"Chapelle des Scrovegni : Le Chef-d\u2019\u0152uvre de Giotto \u00e0 Padoue"},"content":{"rendered":"\n<p>La <strong><a href=\"https:\/\/www.cappelladegliscrovegni.it\/index.php\/en\/\" data-type=\"link\" data-id=\"https:\/\/www.cappelladegliscrovegni.it\/index.php\/en\/\" target=\"_blank\" rel=\"noopener\">Chapelle des Scrovegni<\/a><\/strong> est l\u2019un des plus grands tr\u00e9sors artistiques d\u2019Italie, un joyau de la <strong>peinture du XIVe si\u00e8cle<\/strong> situ\u00e9 au c\u0153ur de <strong>Padoue<\/strong>. Command\u00e9e par <strong>Enrico Scrovegni<\/strong> et peinte par <strong>Giotto<\/strong> entre 1303 et 1305, la chapelle est c\u00e9l\u00e8bre pour son <strong>Cycle de la Vie de Marie et du Christ<\/strong>, une \u0153uvre majeure de l\u2019art m\u00e9di\u00e9val.<\/p>\n\n\n\n<h3 class=\"wp-block-heading\"><strong>Un Chef-d\u2019\u0152uvre de l\u2019Art M\u00e9di\u00e9val<\/strong><\/h3>\n\n\n\n<p>Les murs de la chapelle sont enti\u00e8rement recouverts de fresques qui racontent des sc\u00e8nes bibliques avec un r\u00e9alisme et une expressivit\u00e9 r\u00e9volutionnaires pour l\u2019\u00e9poque. Parmi les sc\u00e8nes les plus embl\u00e9matiques figurent <strong>Le Baiser de Judas<\/strong>, <strong>La Lamentation sur le Christ Mort<\/strong>, ainsi que le <strong>Jugement Dernier<\/strong>, domin\u00e9 par la majestueuse figure du Christ Pantocrator.<\/p>\n\n\n\n<h3 class=\"wp-block-heading\"><strong>Une Exp\u00e9rience Incontournable<\/strong><\/h3>\n\n\n\n<p>Visiter la <strong>Chapelle des Scrovegni<\/strong>, c\u2019est plonger dans le g\u00e9nie de Giotto et admirer son usage magistral de la perspective et de la couleur. Pour pr\u00e9server les fresques, l\u2019entr\u00e9e est strictement r\u00e9glement\u00e9e et soumise \u00e0 un syst\u00e8me de contr\u00f4le climatique. Il est fortement recommand\u00e9 de r\u00e9server \u00e0 l\u2019avance.<\/p>\n\n\n\n<h3 class=\"wp-block-heading\"><strong>S\u00e9journez \u00e0 l\u2019H\u00f4tel Giotto de Padoue<\/strong><\/h3>\n\n\n\n<p>Situ\u00e9 \u00e0 quelques minutes seulement de la <strong>Chapelle des Scrovegni<\/strong>, l\u2019<strong><a href=\"https:\/\/hotelgiotto.com\/fr\/\" data-type=\"link\" data-id=\"https:\/\/hotelgiotto.com\/fr\/\">H\u00f4tel Giotto de Padoue<\/a><\/strong> est le choix id\u00e9al pour d\u00e9couvrir le patrimoine artistique de la ville dans un cadre confortable. Apr\u00e8s une journ\u00e9e d\u2019exploration culturelle, d\u00e9tendez-vous dans nos chambres chaleureuses et profitez d\u2019une exp\u00e9rience unique.<\/p>\n\n\n\n<p><strong>Venez d\u00e9couvrir la magie de la Chapelle des Scrovegni et laissez-vous \u00e9merveiller par la beaut\u00e9 intemporelle des fresques de Giotto.<\/strong><\/p>\n","protected":false},"excerpt":{"rendered":"<p>La Chapelle des Scrovegni est l\u2019un des plus grands tr\u00e9sors artistiques d\u2019Italie, un joyau de la peinture du XIVe si\u00e8cle situ\u00e9 au c\u0153ur de Padoue. Command\u00e9e par Enrico Scrovegni et peinte par Giotto entre 1303 et 1305, la chapelle est c\u00e9l\u00e8bre pour son Cycle de la Vie de Marie et du Christ, une \u0153uvre majeure [&hellip;]<\/p>\n","protected":false},"author":1,"featured_media":3947,"parent":0,"menu_order":0,"comment_status":"closed","ping_status":"closed","template":"","meta":{"_acf_changed":false,"footnotes":""},"class_list":["post-3951","page","type-page","status-publish","has-post-thumbnail","hentry"],"acf":[],"_links":{"self":[{"href":"https:\/\/hotelgiotto.com\/fr\/wp-json\/wp\/v2\/pages\/3951","targetHints":{"allow":["GET"]}}],"collection":[{"href":"https:\/\/hotelgiotto.com\/fr\/wp-json\/wp\/v2\/pages"}],"about":[{"href":"https:\/\/hotelgiotto.com\/fr\/wp-json\/wp\/v2\/types\/page"}],"author":[{"embeddable":true,"href":"https:\/\/hotelgiotto.com\/fr\/wp-json\/wp\/v2\/users\/1"}],"replies":[{"embeddable":true,"href":"https:\/\/hotelgiotto.com\/fr\/wp-json\/wp\/v2\/comments?post=3951"}],"version-history":[{"count":4,"href":"https:\/\/hotelgiotto.com\/fr\/wp-json\/wp\/v2\/pages\/3951\/revisions"}],"predecessor-version":[{"id":3969,"href":"https:\/\/hotelgiotto.com\/fr\/wp-json\/wp\/v2\/pages\/3951\/revisions\/3969"}],"wp:featuredmedia":[{"embeddable":true,"href":"https:\/\/hotelgiotto.com\/fr\/wp-json\/wp\/v2\/media\/3947"}],"wp:attachment":[{"href":"https:\/\/hotelgiotto.com\/fr\/wp-json\/wp\/v2\/media?parent=3951"}],"curies":[{"name":"wp","href":"https:\/\/api.w.org\/{rel}","templated":true}]}}