{"id":3980,"date":"2025-02-26T10:35:21","date_gmt":"2025-02-26T10:35:21","guid":{"rendered":"https:\/\/hotelgiotto.com\/?page_id=3980"},"modified":"2025-03-05T13:35:30","modified_gmt":"2025-03-05T13:35:30","slug":"caffe-pedrocchi","status":"publish","type":"page","link":"https:\/\/hotelgiotto.com\/fr\/caffe-pedrocchi\/","title":{"rendered":"Caff\u00e8 Pedrocchi : Le Salon Historique de Padoue"},"content":{"rendered":"\n<p>Le <a href=\"https:\/\/www.caffepedrocchi.it\/en\/\" data-type=\"link\" data-id=\"https:\/\/www.caffepedrocchi.it\/en\/\" target=\"_blank\" rel=\"noopener\"><strong>Caff\u00e8 Pedrocchi<\/strong> <\/a>est l\u2019un des symboles de <strong>Padoue<\/strong>, un lieu charg\u00e9 d\u2019histoire, de culture et d\u2019\u00e9l\u00e9gance. Fond\u00e9 en <strong>1831<\/strong> par l\u2019entrepreneur <strong>Antonio Pedrocchi<\/strong>, ce caf\u00e9 historique est situ\u00e9 en plein c\u0153ur de la ville et a longtemps \u00e9t\u00e9 un point de rencontre privil\u00e9gi\u00e9 pour les intellectuels, \u00e9crivains, \u00e9tudiants et voyageurs.<\/p>\n\n\n\n<h3 class=\"wp-block-heading\"><strong>Une Ic\u00f4ne de l\u2019Architecture et de la Culture<\/strong><\/h3>\n\n\n\n<p>Le Caff\u00e8 Pedrocchi est c\u00e9l\u00e8bre pour son <strong>architecture n\u00e9oclassique<\/strong>, con\u00e7ue par l\u2019architecte <strong>Giuseppe Jappelli<\/strong>, et pour son atmosph\u00e8re raffin\u00e9e et intemporelle. Ses salons \u00e9l\u00e9gants, d\u00e9cor\u00e9s dans diff\u00e9rents styles, racontent des <a href=\"https:\/\/www.histouring.com\/en\/historical-places\/caff-pedrocchi\/\" data-type=\"link\" data-id=\"https:\/\/www.histouring.com\/en\/historical-places\/caff-pedrocchi\/\" target=\"_blank\" rel=\"noopener\">si\u00e8cles d\u2019histoire<\/a>, en faisant un lieu unique en son genre.<\/p>\n\n\n\n<p>Un des aspects les plus fascinants du Caff\u00e8 Pedrocchi est sa fameuse <strong>Salle Verte<\/strong>, autrefois un refuge pour les \u00e9tudiants qui pouvaient s\u2019y asseoir et \u00e9tudier sans obligation de consommer. Aujourd\u2019hui encore, le caf\u00e9 reste un centre culturel dynamique, accueillant \u00e9v\u00e9nements, expositions et rencontres.<\/p>\n\n\n\n<h3 class=\"wp-block-heading\"><strong>Le Go\u00fbt de la Tradition<\/strong><\/h3>\n\n\n\n<p>Impossible de visiter le <strong>Caff\u00e8 Pedrocchi<\/strong> sans d\u00e9guster son c\u00e9l\u00e8bre <strong>Caff\u00e8 Pedrocchi<\/strong>, une boisson unique \u00e0 base de <strong>caf\u00e9 espresso, cr\u00e8me de lait et menthe<\/strong>, servie sans sucre pour en exalter les ar\u00f4mes intenses.<\/p>\n\n\n\n<h3 class=\"wp-block-heading\"><strong>S\u00e9journez \u00e0 l\u2019H\u00f4tel Giotto de Padoue<\/strong><\/h3>\n\n\n\n<p>Pour une exp\u00e9rience authentique au c\u0153ur de Padoue, <strong>l\u2019<\/strong><a href=\"https:\/\/hotelgiotto.com\/fr\/\" data-type=\"link\" data-id=\"https:\/\/hotelgiotto.com\/fr\/\"><strong>H\u00f4tel Giotto<\/strong> <\/a>est l\u2019option id\u00e9ale. Situ\u00e9 \u00e0 quelques minutes du Caff\u00e8 Pedrocchi, il vous permet de d\u00e9couvrir la ville avec tout le confort n\u00e9cessaire et de plonger dans son atmosph\u00e8re historique.<\/p>\n\n\n\n<p><strong>D\u00e9couvrez le charme du Caff\u00e8 Pedrocchi et laissez-vous s\u00e9duire par son histoire et son go\u00fbt inimitable !<\/strong><\/p>\n","protected":false},"excerpt":{"rendered":"<p>Le Caff\u00e8 Pedrocchi est l\u2019un des symboles de Padoue, un lieu charg\u00e9 d\u2019histoire, de culture et d\u2019\u00e9l\u00e9gance. Fond\u00e9 en 1831 par l\u2019entrepreneur Antonio Pedrocchi, ce caf\u00e9 historique est situ\u00e9 en plein c\u0153ur de la ville et a longtemps \u00e9t\u00e9 un point de rencontre privil\u00e9gi\u00e9 pour les intellectuels, \u00e9crivains, \u00e9tudiants et voyageurs. Une Ic\u00f4ne de l\u2019Architecture [&hellip;]<\/p>\n","protected":false},"author":1,"featured_media":3976,"parent":0,"menu_order":0,"comment_status":"closed","ping_status":"closed","template":"","meta":{"_acf_changed":false,"footnotes":""},"class_list":["post-3980","page","type-page","status-publish","has-post-thumbnail","hentry"],"acf":[],"_links":{"self":[{"href":"https:\/\/hotelgiotto.com\/fr\/wp-json\/wp\/v2\/pages\/3980","targetHints":{"allow":["GET"]}}],"collection":[{"href":"https:\/\/hotelgiotto.com\/fr\/wp-json\/wp\/v2\/pages"}],"about":[{"href":"https:\/\/hotelgiotto.com\/fr\/wp-json\/wp\/v2\/types\/page"}],"author":[{"embeddable":true,"href":"https:\/\/hotelgiotto.com\/fr\/wp-json\/wp\/v2\/users\/1"}],"replies":[{"embeddable":true,"href":"https:\/\/hotelgiotto.com\/fr\/wp-json\/wp\/v2\/comments?post=3980"}],"version-history":[{"count":4,"href":"https:\/\/hotelgiotto.com\/fr\/wp-json\/wp\/v2\/pages\/3980\/revisions"}],"predecessor-version":[{"id":3996,"href":"https:\/\/hotelgiotto.com\/fr\/wp-json\/wp\/v2\/pages\/3980\/revisions\/3996"}],"wp:featuredmedia":[{"embeddable":true,"href":"https:\/\/hotelgiotto.com\/fr\/wp-json\/wp\/v2\/media\/3976"}],"wp:attachment":[{"href":"https:\/\/hotelgiotto.com\/fr\/wp-json\/wp\/v2\/media?parent=3980"}],"curies":[{"name":"wp","href":"https:\/\/api.w.org\/{rel}","templated":true}]}}