{"id":4005,"date":"2025-02-26T11:10:21","date_gmt":"2025-02-26T11:10:21","guid":{"rendered":"https:\/\/hotelgiotto.com\/?page_id=4005"},"modified":"2025-03-05T14:13:08","modified_gmt":"2025-03-05T14:13:08","slug":"universite-de-padoue","status":"publish","type":"page","link":"https:\/\/hotelgiotto.com\/fr\/universite-de-padoue\/","title":{"rendered":"Universit\u00e9 de Padoue : Plus de Huit Si\u00e8cles d\u2019Histoire et d\u2019Innovation"},"content":{"rendered":"\n<p>L\u2019<strong><a href=\"https:\/\/www.unipd.it\/en\/\" data-type=\"link\" data-id=\"https:\/\/www.unipd.it\/en\/\" target=\"_blank\" rel=\"noopener\">Universit\u00e9 de Padoue<\/a><\/strong> est l\u2019une des plus anciennes et prestigieuses institutions acad\u00e9miques d\u2019Europe, fond\u00e9e en <strong>1222<\/strong>. Avec plus de <strong>800 ans d\u2019histoire<\/strong>, elle est un centre de savoir, de recherche et d\u2019innovation qui attire des \u00e9tudiants et chercheurs du monde entier.<\/p>\n\n\n\n<h3 class=\"wp-block-heading\"><strong>Une Institution Acad\u00e9mique de Renomm\u00e9e Mondiale<\/strong><\/h3>\n\n\n\n<p>L\u2019Universit\u00e9 de Padoue a accueilli certaines des plus grandes figures intellectuelles de l\u2019histoire, notamment <a href=\"https:\/\/www.britannica.com\/biography\/Galileo-Galilei\/Telescopic-discoveries\" data-type=\"link\" data-id=\"https:\/\/www.britannica.com\/biography\/Galileo-Galilei\/Telescopic-discoveries\" target=\"_blank\" rel=\"noopener\"><strong>Galil\u00e9e<\/strong>,<\/a> qui y enseigna entre 1592 et 1610. Aujourd\u2019hui encore, elle reste un p\u00f4le d\u2019excellence dans de nombreux domaines, de la m\u00e9decine \u00e0 l\u2019ing\u00e9nierie, en passant par les sciences humaines et la physique.<\/p>\n\n\n\n<p>Parmi ses \u00e9difices les plus embl\u00e9matiques se trouve le <a href=\"https:\/\/www.unipd.it\/en\/visits-and-tours-palazzo-bo-and-hall-giants\" data-type=\"link\" data-id=\"https:\/\/www.unipd.it\/en\/visits-and-tours-palazzo-bo-and-hall-giants\" target=\"_blank\" rel=\"noopener\"><strong>Palais du Bo<\/strong>,<\/a> si\u00e8ge historique de l\u2019universit\u00e9, qui abrite la <strong>Grande Salle (Aula Magna)<\/strong> et le c\u00e9l\u00e8bre <strong>Th\u00e9\u00e2tre Anatomique<\/strong>, le plus ancien th\u00e9\u00e2tre anatomique permanent au monde, utilis\u00e9 pour l\u2019enseignement de la m\u00e9decine depuis 1594.<\/p>\n\n\n\n<h3 class=\"wp-block-heading\"><strong>Un Symbole de Libert\u00e9 et de Recherche<\/strong><\/h3>\n\n\n\n<p>L\u2019Universit\u00e9 de Padoue s\u2019est distingu\u00e9e \u00e0 travers les si\u00e8cles par son esprit progressiste et son engagement envers l\u2019innovation. En <strong>1678<\/strong>, <strong>Elena Lucrezia Cornaro Piscopia<\/strong> fut la premi\u00e8re femme au monde \u00e0 obtenir un doctorat, marquant un tournant historique dans l\u2019\u00e9ducation sup\u00e9rieure.<\/p>\n\n\n\n<h3 class=\"wp-block-heading\"><strong>Visitez Padoue et S\u00e9journez \u00e0 l\u2019H\u00f4tel Giotto<\/strong><\/h3>\n\n\n\n<p>Situ\u00e9 \u00e0 quelques minutes de l\u2019Universit\u00e9 de Padoue, <strong>l\u2019H\u00f4tel Giotto<\/strong> est l\u2019option id\u00e9ale pour explorer le riche patrimoine culturel et scientifique de la ville. Apr\u00e8s une journ\u00e9e de d\u00e9couvertes, d\u00e9tendez-vous dans nos chambres confortables et profitez d\u2019un s\u00e9jour inoubliable.<\/p>\n\n\n\n<p><strong>Plongez dans l\u2019histoire, la culture et le savoir qui font de l\u2019Universit\u00e9 de Padoue l\u2019une des institutions les plus prestigieuses du monde!<\/strong><\/p>\n\n\n\n<p><\/p>\n\n\n\n<p><\/p>\n","protected":false},"excerpt":{"rendered":"<p>L\u2019Universit\u00e9 de Padoue est l\u2019une des plus anciennes et prestigieuses institutions acad\u00e9miques d\u2019Europe, fond\u00e9e en 1222. Avec plus de 800 ans d\u2019histoire, elle est un centre de savoir, de recherche et d\u2019innovation qui attire des \u00e9tudiants et chercheurs du monde entier. Une Institution Acad\u00e9mique de Renomm\u00e9e Mondiale L\u2019Universit\u00e9 de Padoue a accueilli certaines des plus [&hellip;]<\/p>\n","protected":false},"author":1,"featured_media":4001,"parent":0,"menu_order":0,"comment_status":"closed","ping_status":"closed","template":"","meta":{"_acf_changed":false,"footnotes":""},"class_list":["post-4005","page","type-page","status-publish","has-post-thumbnail","hentry"],"acf":[],"_links":{"self":[{"href":"https:\/\/hotelgiotto.com\/fr\/wp-json\/wp\/v2\/pages\/4005","targetHints":{"allow":["GET"]}}],"collection":[{"href":"https:\/\/hotelgiotto.com\/fr\/wp-json\/wp\/v2\/pages"}],"about":[{"href":"https:\/\/hotelgiotto.com\/fr\/wp-json\/wp\/v2\/types\/page"}],"author":[{"embeddable":true,"href":"https:\/\/hotelgiotto.com\/fr\/wp-json\/wp\/v2\/users\/1"}],"replies":[{"embeddable":true,"href":"https:\/\/hotelgiotto.com\/fr\/wp-json\/wp\/v2\/comments?post=4005"}],"version-history":[{"count":4,"href":"https:\/\/hotelgiotto.com\/fr\/wp-json\/wp\/v2\/pages\/4005\/revisions"}],"predecessor-version":[{"id":4022,"href":"https:\/\/hotelgiotto.com\/fr\/wp-json\/wp\/v2\/pages\/4005\/revisions\/4022"}],"wp:featuredmedia":[{"embeddable":true,"href":"https:\/\/hotelgiotto.com\/fr\/wp-json\/wp\/v2\/media\/4001"}],"wp:attachment":[{"href":"https:\/\/hotelgiotto.com\/fr\/wp-json\/wp\/v2\/media?parent=4005"}],"curies":[{"name":"wp","href":"https:\/\/api.w.org\/{rel}","templated":true}]}}