{"id":4059,"date":"2025-02-26T13:01:35","date_gmt":"2025-02-26T13:01:35","guid":{"rendered":"https:\/\/hotelgiotto.com\/?page_id=4059"},"modified":"2025-03-05T14:03:23","modified_gmt":"2025-03-05T14:03:23","slug":"musee-du-precinema","status":"publish","type":"page","link":"https:\/\/hotelgiotto.com\/fr\/musee-du-precinema\/","title":{"rendered":"Mus\u00e9e du Pr\u00e9cin\u00e9ma: Un Voyage aux Origines de l\u2019Image Anim\u00e9e"},"content":{"rendered":"\n<p><a href=\"https:\/\/www.minicizotti.it\/fr\/accueil\/\" data-type=\"link\" data-id=\"https:\/\/www.minicizotti.it\/fr\/accueil\/\" target=\"_blank\" rel=\"noopener\">Le <strong>Mus\u00e9e du Pr\u00e9cin\u00e9ma \u2013 Collection Minici Zotti<\/strong><\/a> est l\u2019un des tr\u00e9sors cach\u00e9s de <strong><a href=\"https:\/\/hotelgiotto.com\/fr\/place-prato-della-valle-lune-des-plus-grandes-places-deurope\/\" data-type=\"link\" data-id=\"https:\/\/hotelgiotto.com\/fr\/place-prato-della-valle-lune-des-plus-grandes-places-deurope\/\">Padoue<\/a><\/strong>, un lieu fascinant qui retrace l\u2019histoire de la naissance du cin\u00e9ma \u00e0 travers des dispositifs optiques et des instruments d\u2019\u00e9poque. Situ\u00e9 dans le magnifique <strong>Palazzo Angeli<\/strong>, surplombant <strong>Prato della Valle<\/strong>, ce mus\u00e9e abrite une collection exceptionnelle d\u2019objets ayant pr\u00e9c\u00e9d\u00e9 l\u2019invention du cin\u00e9matographe.<\/p>\n\n\n\n<h3 class=\"wp-block-heading\"><strong>\u00c0 la D\u00e9couverte des Premi\u00e8res Illusions d\u2019Optique<\/strong><\/h3>\n\n\n\n<p>Le mus\u00e9e expose une large vari\u00e9t\u00e9 d\u2019instruments optiques, notamment :<\/p>\n\n\n\n<ul class=\"wp-block-list\">\n<li><strong>Les Lanternes Magiques<\/strong>, premi\u00e8res machines capables de projeter des images sur un \u00e9cran, anc\u00eatres du cin\u00e9ma moderne.<\/li>\n\n\n\n<li><strong>Les Th\u00e9\u00e2tres d\u2019Ombres<\/strong>, qui \u00e9voquent l\u2019enchantement des repr\u00e9sentations visuelles d\u2019autrefois.<\/li>\n\n\n\n<li><strong>Le Fant\u00f4me de Pepper<\/strong>, un effet optique spectaculaire qui fascinait le public du XIXe si\u00e8cle.<\/li>\n\n\n\n<li><strong>Les Vues d\u2019optique et les Bo\u00eetes de Perspective<\/strong>, des dispositifs cr\u00e9ant l\u2019illusion de profondeur et de mouvement bien avant le cin\u00e9ma.<\/li>\n<\/ul>\n\n\n\n<h3 class=\"wp-block-heading\"><strong>Une Exp\u00e9rience Interactive et Captivante<\/strong><\/h3>\n\n\n\n<p>Le <strong>Mus\u00e9e du Pr\u00e9cin\u00e9ma<\/strong> n\u2019est pas qu\u2019un simple espace d\u2019exposition, c\u2019est une <strong>v\u00e9ritable immersion<\/strong> dans le monde des illusions visuelles. Les visiteurs peuvent d\u00e9couvrir comment, gr\u00e2ce \u00e0 des m\u00e9canismes ing\u00e9nieux, l\u2019homme a cherch\u00e9 \u00e0 <strong>capturer et reproduire le mouvement<\/strong> bien avant l\u2019invention de la pellicule cin\u00e9matographique. Une visite incontournable pour les passionn\u00e9s de cin\u00e9ma, les familles et tous ceux qui souhaitent explorer la magie des illusions optiques.<\/p>\n\n\n\n<h3 class=\"wp-block-heading\"><strong>S\u00e9journez \u00e0 l\u2019H\u00f4tel Giotto et D\u00e9couvrez le Mus\u00e9e<\/strong><\/h3>\n\n\n\n<p>Situ\u00e9 \u00e0 quelques minutes du <strong>Mus\u00e9e du Pr\u00e9cin\u00e9ma<\/strong>, <strong>l\u2019<a href=\"https:\/\/hotelgiotto.com\/fr\/\" data-type=\"link\" data-id=\"https:\/\/hotelgiotto.com\/fr\/\">H\u00f4tel Giotto<\/a> de Padoue<\/strong> est l\u2019endroit id\u00e9al pour explorer la ville et ses merveilles culturelles. Apr\u00e8s une journ\u00e9e consacr\u00e9e \u00e0 la d\u00e9couverte des origines du cin\u00e9ma, d\u00e9tendez-vous dans nos chambres confortables et profitez d\u2019un accueil chaleureux.<\/p>\n\n\n\n<p><strong>Plongez dans l\u2019univers du Mus\u00e9e du Pr\u00e9cin\u00e9ma et laissez-vous \u00e9merveiller par le monde des illusions optiques!<\/strong><\/p>\n\n\n\n<p><\/p>\n","protected":false},"excerpt":{"rendered":"<p>Le Mus\u00e9e du Pr\u00e9cin\u00e9ma \u2013 Collection Minici Zotti est l\u2019un des tr\u00e9sors cach\u00e9s de Padoue, un lieu fascinant qui retrace l\u2019histoire de la naissance du cin\u00e9ma \u00e0 travers des dispositifs optiques et des instruments d\u2019\u00e9poque. Situ\u00e9 dans le magnifique Palazzo Angeli, surplombant Prato della Valle, ce mus\u00e9e abrite une collection exceptionnelle d\u2019objets ayant pr\u00e9c\u00e9d\u00e9 l\u2019invention [&hellip;]<\/p>\n","protected":false},"author":1,"featured_media":4052,"parent":0,"menu_order":0,"comment_status":"closed","ping_status":"closed","template":"","meta":{"_acf_changed":false,"footnotes":""},"class_list":["post-4059","page","type-page","status-publish","has-post-thumbnail","hentry"],"acf":[],"_links":{"self":[{"href":"https:\/\/hotelgiotto.com\/fr\/wp-json\/wp\/v2\/pages\/4059","targetHints":{"allow":["GET"]}}],"collection":[{"href":"https:\/\/hotelgiotto.com\/fr\/wp-json\/wp\/v2\/pages"}],"about":[{"href":"https:\/\/hotelgiotto.com\/fr\/wp-json\/wp\/v2\/types\/page"}],"author":[{"embeddable":true,"href":"https:\/\/hotelgiotto.com\/fr\/wp-json\/wp\/v2\/users\/1"}],"replies":[{"embeddable":true,"href":"https:\/\/hotelgiotto.com\/fr\/wp-json\/wp\/v2\/comments?post=4059"}],"version-history":[{"count":3,"href":"https:\/\/hotelgiotto.com\/fr\/wp-json\/wp\/v2\/pages\/4059\/revisions"}],"predecessor-version":[{"id":4072,"href":"https:\/\/hotelgiotto.com\/fr\/wp-json\/wp\/v2\/pages\/4059\/revisions\/4072"}],"wp:featuredmedia":[{"embeddable":true,"href":"https:\/\/hotelgiotto.com\/fr\/wp-json\/wp\/v2\/media\/4052"}],"wp:attachment":[{"href":"https:\/\/hotelgiotto.com\/fr\/wp-json\/wp\/v2\/media?parent=4059"}],"curies":[{"name":"wp","href":"https:\/\/api.w.org\/{rel}","templated":true}]}}