{"id":4084,"date":"2025-02-26T13:30:14","date_gmt":"2025-02-26T13:30:14","guid":{"rendered":"https:\/\/hotelgiotto.com\/?page_id=4084"},"modified":"2025-03-05T13:50:31","modified_gmt":"2025-03-05T13:50:31","slug":"la-specola-de-padoue","status":"publish","type":"page","link":"https:\/\/hotelgiotto.com\/fr\/la-specola-de-padoue\/","title":{"rendered":"La Specola de Padoue: Un Voyage \u00e0 Travers l\u2019Astronomie et l\u2019Histoire"},"content":{"rendered":"\n<p>La <strong><a href=\"https:\/\/www.beniculturali.inaf.it\/eng\/museums\/padova\/\" data-type=\"link\" data-id=\"https:\/\/www.beniculturali.inaf.it\/eng\/museums\/padova\/\" target=\"_blank\" rel=\"noopener\">Specola de Padoue<\/a><\/strong> est l\u2019un des sites les plus fascinants de la ville, un lieu incontournable pour les passionn\u00e9s d\u2019<strong>astronomie et de science<\/strong>. Situ\u00e9e dans l\u2019imposante <strong>Tour de la Specola<\/strong>, une ancienne construction m\u00e9di\u00e9vale le long du <strong>Bacchiglione<\/strong>, elle a \u00e9t\u00e9 le si\u00e8ge de l\u2019<strong>Observatoire Astronomique de Padoue<\/strong> depuis le XVIIIe si\u00e8cle. Aujourd\u2019hui, elle abrite un mus\u00e9e qui retrace des si\u00e8cles d\u2019observation du ciel et de d\u00e9couvertes scientifiques.<\/p>\n\n\n\n<h3 class=\"wp-block-heading\"><strong>Un Centre de Recherche Astronomique Historique<\/strong><\/h3>\n\n\n\n<p>Fond\u00e9e en <strong>1767<\/strong>, la Specola de Padoue a \u00e9t\u00e9 un important centre d\u2019observation astronomique pendant plus de deux si\u00e8cles. Des scientifiques de renom y ont travaill\u00e9, notamment <strong>Giuseppe Toaldo<\/strong>, qui a contribu\u00e9 \u00e0 l\u2019\u00e9tude des ph\u00e9nom\u00e8nes m\u00e9t\u00e9orologiques et atmosph\u00e9riques, ainsi que <strong>Giovanni Battista Donati<\/strong>, c\u00e9l\u00e8bre pour ses observations de com\u00e8tes.<\/p>\n\n\n\n<p>\u00c0 l\u2019int\u00e9rieur du mus\u00e9e, les visiteurs peuvent d\u00e9couvrir :<\/p>\n\n\n\n<ul class=\"wp-block-list\">\n<li><strong>Des instruments astronomiques anciens<\/strong>, notamment des t\u00e9lescopes et appareils de mesure d\u2019\u00e9poque.<\/li>\n\n\n\n<li><strong>Le Salon du M\u00e9ridien<\/strong>, dot\u00e9 d\u2019un grand cadran solaire permettant de mesurer le passage du soleil.<\/li>\n\n\n\n<li><strong>La Tour de l\u2019Observatoire<\/strong>, d\u2019o\u00f9 les astronomes d\u2019autrefois scrutaient le ciel \u00e0 la recherche de nouvelles d\u00e9couvertes.<\/li>\n<\/ul>\n\n\n\n<h3 class=\"wp-block-heading\"><strong>Une Exp\u00e9rience Unique pour les Passionn\u00e9s de Science<\/strong><\/h3>\n\n\n\n<p>Visiter la <strong>Specola de Padoue<\/strong>, c\u2019est plonger dans l\u2019histoire de l\u2019astronomie et comprendre comment l\u2019observation du ciel a \u00e9volu\u00e9 au fil des si\u00e8cles. Le mus\u00e9e propose \u00e9galement des <strong>visites guid\u00e9es et des activit\u00e9s p\u00e9dagogiques<\/strong>, ce qui en fait une destination id\u00e9ale pour les familles, les \u00e9tudiants et les amateurs de science.<\/p>\n\n\n\n<h3 class=\"wp-block-heading\"><strong>S\u00e9journez \u00e0 l\u2019H\u00f4tel Giotto et D\u00e9couvrez la Specola<\/strong><\/h3>\n\n\n\n<p>Situ\u00e9 \u00e0 quelques minutes de la <strong>Specola de Padoue<\/strong>, <strong>l\u2019<a href=\"https:\/\/hotelgiotto.com\/fr\/\" data-type=\"link\" data-id=\"https:\/\/hotelgiotto.com\/fr\/\">H\u00f4tel Giotto<\/a><\/strong> est le choix parfait pour ceux qui souhaitent explorer la ville et ses merveilles scientifiques et culturelles. Apr\u00e8s une journ\u00e9e riche en d\u00e9couvertes astronomiques, d\u00e9tendez-vous dans nos chambres confortables et profitez d\u2019un accueil chaleureux.<\/p>\n\n\n\n<p><strong>Explorez la Specola de Padoue et laissez-vous \u00e9merveiller par l\u2019histoire de l\u2019astronomie!<\/strong><\/p>\n","protected":false},"excerpt":{"rendered":"<p>La Specola de Padoue est l\u2019un des sites les plus fascinants de la ville, un lieu incontournable pour les passionn\u00e9s d\u2019astronomie et de science. Situ\u00e9e dans l\u2019imposante Tour de la Specola, une ancienne construction m\u00e9di\u00e9vale le long du Bacchiglione, elle a \u00e9t\u00e9 le si\u00e8ge de l\u2019Observatoire Astronomique de Padoue depuis le XVIIIe si\u00e8cle. Aujourd\u2019hui, elle [&hellip;]<\/p>\n","protected":false},"author":1,"featured_media":4080,"parent":0,"menu_order":0,"comment_status":"closed","ping_status":"closed","template":"","meta":{"_acf_changed":false,"footnotes":""},"class_list":["post-4084","page","type-page","status-publish","has-post-thumbnail","hentry"],"acf":[],"_links":{"self":[{"href":"https:\/\/hotelgiotto.com\/fr\/wp-json\/wp\/v2\/pages\/4084","targetHints":{"allow":["GET"]}}],"collection":[{"href":"https:\/\/hotelgiotto.com\/fr\/wp-json\/wp\/v2\/pages"}],"about":[{"href":"https:\/\/hotelgiotto.com\/fr\/wp-json\/wp\/v2\/types\/page"}],"author":[{"embeddable":true,"href":"https:\/\/hotelgiotto.com\/fr\/wp-json\/wp\/v2\/users\/1"}],"replies":[{"embeddable":true,"href":"https:\/\/hotelgiotto.com\/fr\/wp-json\/wp\/v2\/comments?post=4084"}],"version-history":[{"count":3,"href":"https:\/\/hotelgiotto.com\/fr\/wp-json\/wp\/v2\/pages\/4084\/revisions"}],"predecessor-version":[{"id":4094,"href":"https:\/\/hotelgiotto.com\/fr\/wp-json\/wp\/v2\/pages\/4084\/revisions\/4094"}],"wp:featuredmedia":[{"embeddable":true,"href":"https:\/\/hotelgiotto.com\/fr\/wp-json\/wp\/v2\/media\/4080"}],"wp:attachment":[{"href":"https:\/\/hotelgiotto.com\/fr\/wp-json\/wp\/v2\/media?parent=4084"}],"curies":[{"name":"wp","href":"https:\/\/api.w.org\/{rel}","templated":true}]}}