{"id":4104,"date":"2025-02-26T13:52:30","date_gmt":"2025-02-26T13:52:30","guid":{"rendered":"https:\/\/hotelgiotto.com\/il-ghetto-ebraico-di-padova\/"},"modified":"2025-03-05T13:43:40","modified_gmt":"2025-03-05T13:43:40","slug":"le-ghetto-juif-de-padoue","status":"publish","type":"page","link":"https:\/\/hotelgiotto.com\/fr\/le-ghetto-juif-de-padoue\/","title":{"rendered":"Le Ghetto Juif de Padoue: Un Voyage \u00e0 Travers l\u2019Histoire et la Culture"},"content":{"rendered":"\n<p>Le <strong><a href=\"https:\/\/www.museopadovaebraica.com\/en\/jewish-ghetto\/\" data-type=\"link\" data-id=\"https:\/\/www.museopadovaebraica.com\/en\/jewish-ghetto\/\" target=\"_blank\" rel=\"noopener\">Ghetto Juif de Padoue<\/a><\/strong> est un lieu charg\u00e9 d\u2019histoire et de culture, t\u00e9moin de plusieurs si\u00e8cles de pr\u00e9sence juive dans la ville. Situ\u00e9 dans le <a href=\"https:\/\/hotelgiotto.com\/fr\/votre-hotel-au-centre-de-padoue\/\" data-type=\"link\" data-id=\"https:\/\/hotelgiotto.com\/en\/your-hotel-in-padua-city-center\/\"><strong>centre historique<\/strong>,<\/a> entre <strong>la Via San Martino e Solferino, la Via delle Piazze et la Via dell\u2019Arco<\/strong>, il conserve encore aujourd\u2019hui le charme de ses <strong>ruelles \u00e9troites, de ses b\u00e2timents typiques et de son riche h\u00e9ritage juif<\/strong>.<\/p>\n\n\n\n<h3 class=\"wp-block-heading\"><strong>Un Regard sur l\u2019Histoire de la Communaut\u00e9 Juive de Padoue<\/strong><\/h3>\n\n\n\n<p>Le ghetto a \u00e9t\u00e9 institu\u00e9 en <strong>1603<\/strong> par la <strong>R\u00e9publique de Venise<\/strong>, obligeant la communaut\u00e9 juive \u00e0 r\u00e9sider dans une zone d\u00e9limit\u00e9e de la ville. \u00c0 l\u2019int\u00e9rieur, <strong>synagogues, \u00e9coles et commerces<\/strong> ont prosp\u00e9r\u00e9, tandis que les portes du ghetto \u00e9taient ferm\u00e9es chaque nuit jusqu\u2019en <strong>1797<\/strong>, lorsque Napol\u00e9on a aboli les restrictions.<\/p>\n\n\n\n<p>Aujourd\u2019hui, les visiteurs peuvent admirer :<\/p>\n\n\n\n<ul class=\"wp-block-list\">\n<li><strong>La Synagogue Italienne<\/strong>, construite au <strong>XVIe si\u00e8cle<\/strong>, toujours en activit\u00e9 et c\u0153ur de la vie juive padouane.<\/li>\n\n\n\n<li><strong>Le Mus\u00e9e Juif de Padoue<\/strong>, qui expose des documents, objets et t\u00e9moignages sur l\u2019histoire de la communaut\u00e9 juive locale.<\/li>\n\n\n\n<li><strong>Les maisons-tours caract\u00e9ristiques<\/strong>, b\u00e2ties en hauteur pour loger une population grandissante dans un espace restreint.<\/li>\n<\/ul>\n\n\n\n<h3 class=\"wp-block-heading\"><strong>Un Lieu de M\u00e9moire et d\u2019\u00c9change Culturel<\/strong><\/h3>\n\n\n\n<p>Le <strong>Ghetto Juif de Padoue<\/strong> n\u2019est pas seulement un site historique : il fait partie int\u00e9grante de la vie contemporaine de la ville. En plus de ses monuments, le quartier abrite aujourd\u2019hui <strong>librairies, caf\u00e9s et boutiques artisanales<\/strong>, cr\u00e9ant une atmosph\u00e8re authentique et vivante.<\/p>\n\n\n\n<h3 class=\"wp-block-heading\"><strong>S\u00e9journez \u00e0 l\u2019H\u00f4tel Giotto et D\u00e9couvrez le Ghetto<\/strong><\/h3>\n\n\n\n<p>Situ\u00e9 \u00e0 quelques minutes du <strong>Ghetto Juif de Padoue<\/strong>, <strong>l\u2019<a href=\"https:\/\/hotelgiotto.com\/fr\/\" data-type=\"link\" data-id=\"https:\/\/hotelgiotto.com\/fr\/\">H\u00f4tel Giotto<\/a><\/strong> est l\u2019endroit id\u00e9al pour explorer le patrimoine culturel de la ville. Apr\u00e8s une promenade dans ces ruelles charg\u00e9es d\u2019histoire, d\u00e9tendez-vous dans nos chambres confortables et profitez d\u2019un s\u00e9jour unique.<\/p>\n\n\n\n<p><strong>D\u00e9couvrez le Ghetto Juif de Padoue et laissez-vous s\u00e9duire par son histoire et son atmosph\u00e8re intemporelle!<\/strong><\/p>\n","protected":false},"excerpt":{"rendered":"<p>Le Ghetto Juif de Padoue est un lieu charg\u00e9 d\u2019histoire et de culture, t\u00e9moin de plusieurs si\u00e8cles de pr\u00e9sence juive dans la ville. Situ\u00e9 dans le centre historique, entre la Via San Martino e Solferino, la Via delle Piazze et la Via dell\u2019Arco, il conserve encore aujourd\u2019hui le charme de ses ruelles \u00e9troites, de ses [&hellip;]<\/p>\n","protected":false},"author":1,"featured_media":4100,"parent":0,"menu_order":0,"comment_status":"closed","ping_status":"closed","template":"","meta":{"_acf_changed":false,"footnotes":""},"class_list":["post-4104","page","type-page","status-publish","has-post-thumbnail","hentry"],"acf":[],"_links":{"self":[{"href":"https:\/\/hotelgiotto.com\/fr\/wp-json\/wp\/v2\/pages\/4104","targetHints":{"allow":["GET"]}}],"collection":[{"href":"https:\/\/hotelgiotto.com\/fr\/wp-json\/wp\/v2\/pages"}],"about":[{"href":"https:\/\/hotelgiotto.com\/fr\/wp-json\/wp\/v2\/types\/page"}],"author":[{"embeddable":true,"href":"https:\/\/hotelgiotto.com\/fr\/wp-json\/wp\/v2\/users\/1"}],"replies":[{"embeddable":true,"href":"https:\/\/hotelgiotto.com\/fr\/wp-json\/wp\/v2\/comments?post=4104"}],"version-history":[{"count":3,"href":"https:\/\/hotelgiotto.com\/fr\/wp-json\/wp\/v2\/pages\/4104\/revisions"}],"predecessor-version":[{"id":4115,"href":"https:\/\/hotelgiotto.com\/fr\/wp-json\/wp\/v2\/pages\/4104\/revisions\/4115"}],"wp:featuredmedia":[{"embeddable":true,"href":"https:\/\/hotelgiotto.com\/fr\/wp-json\/wp\/v2\/media\/4100"}],"wp:attachment":[{"href":"https:\/\/hotelgiotto.com\/fr\/wp-json\/wp\/v2\/media?parent=4104"}],"curies":[{"name":"wp","href":"https:\/\/api.w.org\/{rel}","templated":true}]}}