{"id":4124,"date":"2025-02-26T14:17:56","date_gmt":"2025-02-26T14:17:56","guid":{"rendered":"https:\/\/hotelgiotto.com\/?page_id=4124"},"modified":"2025-03-05T14:11:52","modified_gmt":"2025-03-05T14:11:52","slug":"piazza-delle-erbe","status":"publish","type":"page","link":"https:\/\/hotelgiotto.com\/fr\/piazza-delle-erbe\/","title":{"rendered":"Piazza delle Erbe: Le C\u0153ur Battant de Padoue"},"content":{"rendered":"\n<p>La<a href=\"https:\/\/www.turismopadova.it\/fr\/lieux\/place-delle-erbe\/\" data-type=\"link\" data-id=\"https:\/\/www.turismopadova.it\/fr\/lieux\/place-delle-erbe\/\" target=\"_blank\" rel=\"noopener\"> <strong>Piazza delle Erbe<\/strong><\/a> est l\u2019une des places les plus anim\u00e9es et charmantes de <strong>Padoue<\/strong>, un lieu qui, depuis des si\u00e8cles, est au centre de la vie sociale et commerciale de la ville. Situ\u00e9e \u00e0 c\u00f4t\u00e9 du <strong><a href=\"https:\/\/hotelgiotto.com\/fr\/palais-de-la-raison-un-tresor-historique-de-padoue\/\" data-type=\"link\" data-id=\"https:\/\/hotelgiotto.com\/fr\/palais-de-la-raison-un-tresor-historique-de-padoue\/\">Palais de la Raison<\/a><\/strong>, elle est c\u00e9l\u00e8bre pour son <strong>march\u00e9 quotidien<\/strong>, ses caf\u00e9s historiques et son atmosph\u00e8re authentique.<\/p>\n\n\n\n<h3 class=\"wp-block-heading\"><strong>Une Place Riche en Histoire et en Tradition<\/strong><\/h3>\n\n\n\n<p>Depuis le <strong>XIIIe si\u00e8cle<\/strong>, la Piazza delle Erbe est un point de r\u00e9f\u00e9rence pour le commerce et les rencontres. Aujourd\u2019hui encore, chaque matin, elle accueille un <strong>march\u00e9 color\u00e9 et anim\u00e9<\/strong>, o\u00f9 l\u2019on peut acheter <strong>des fruits, des l\u00e9gumes, des \u00e9pices et des produits locaux<\/strong>, perp\u00e9tuant une tradition s\u00e9culaire.<\/p>\n\n\n\n<p>Les \u00e9l\u00e9ments marquants de la place :<\/p>\n\n\n\n<ul class=\"wp-block-list\">\n<li><strong>Le Palais de la Raison<\/strong>, l\u2019un des symboles de la ville, avec son <strong>immense salle aux fresques<\/strong> et sa loggia qui domine la place.<\/li>\n\n\n\n<li><strong>Les arcades m\u00e9di\u00e9vales et Renaissance<\/strong>, qui abritent boutiques, bars et restaurants, parfaits pour une pause caf\u00e9 ou un ap\u00e9ritif.<\/li>\n\n\n\n<li><strong>L\u2019ambiance du soir<\/strong>, lorsque les bars et restaurants s\u2019animent et que la place devient un lieu de rencontre pris\u00e9 des habitants et des visiteurs.<\/li>\n<\/ul>\n\n\n\n<h3 class=\"wp-block-heading\"><strong>Une Exp\u00e9rience Incontournable \u00e0 Padoue<\/strong><\/h3>\n\n\n\n<p>La <strong>Piazza delle Erbe<\/strong> est l\u2019endroit id\u00e9al pour s\u2019immerger dans la vie quotidienne de <strong>Padoue<\/strong>. Entre fl\u00e2neries parmi les \u00e9tals du march\u00e9, ap\u00e9ritifs en terrasse et d\u00e9couverte du <strong>Palais de la Raison<\/strong>, cette place vous charmera par son \u00e9nergie et son atmosph\u00e8re intemporelle.<\/p>\n\n\n\n<h3 class=\"wp-block-heading\"><strong>S\u00e9journez \u00e0 l\u2019H\u00f4tel Giotto et D\u00e9couvrez Piazza delle Erbe<\/strong><\/h3>\n\n\n\n<p>Situ\u00e9 \u00e0 quelques minutes de la <strong>Piazza delle Erbe<\/strong>, <strong>l\u2019<a href=\"https:\/\/hotelgiotto.com\/fr\/\" data-type=\"link\" data-id=\"https:\/\/hotelgiotto.com\/fr\/\">H\u00f4tel Giotto<\/a><\/strong> est le point de d\u00e9part id\u00e9al pour explorer la ville et ses tr\u00e9sors historiques. Apr\u00e8s une journ\u00e9e entre shopping, histoire et tradition, d\u00e9tendez-vous dans nos chambres confortables et profitez d\u2019un s\u00e9jour inoubliable.<\/p>\n\n\n\n<p><strong>D\u00e9couvrez la Piazza delle Erbe et laissez-vous s\u00e9duire par son atmosph\u00e8re unique!<\/strong><\/p>\n","protected":false},"excerpt":{"rendered":"<p>La Piazza delle Erbe est l\u2019une des places les plus anim\u00e9es et charmantes de Padoue, un lieu qui, depuis des si\u00e8cles, est au centre de la vie sociale et commerciale de la ville. Situ\u00e9e \u00e0 c\u00f4t\u00e9 du Palais de la Raison, elle est c\u00e9l\u00e8bre pour son march\u00e9 quotidien, ses caf\u00e9s historiques et son atmosph\u00e8re authentique. [&hellip;]<\/p>\n","protected":false},"author":1,"featured_media":4120,"parent":0,"menu_order":0,"comment_status":"closed","ping_status":"closed","template":"","meta":{"_acf_changed":false,"footnotes":""},"class_list":["post-4124","page","type-page","status-publish","has-post-thumbnail","hentry"],"acf":[],"_links":{"self":[{"href":"https:\/\/hotelgiotto.com\/fr\/wp-json\/wp\/v2\/pages\/4124","targetHints":{"allow":["GET"]}}],"collection":[{"href":"https:\/\/hotelgiotto.com\/fr\/wp-json\/wp\/v2\/pages"}],"about":[{"href":"https:\/\/hotelgiotto.com\/fr\/wp-json\/wp\/v2\/types\/page"}],"author":[{"embeddable":true,"href":"https:\/\/hotelgiotto.com\/fr\/wp-json\/wp\/v2\/users\/1"}],"replies":[{"embeddable":true,"href":"https:\/\/hotelgiotto.com\/fr\/wp-json\/wp\/v2\/comments?post=4124"}],"version-history":[{"count":2,"href":"https:\/\/hotelgiotto.com\/fr\/wp-json\/wp\/v2\/pages\/4124\/revisions"}],"predecessor-version":[{"id":4133,"href":"https:\/\/hotelgiotto.com\/fr\/wp-json\/wp\/v2\/pages\/4124\/revisions\/4133"}],"wp:featuredmedia":[{"embeddable":true,"href":"https:\/\/hotelgiotto.com\/fr\/wp-json\/wp\/v2\/media\/4120"}],"wp:attachment":[{"href":"https:\/\/hotelgiotto.com\/fr\/wp-json\/wp\/v2\/media?parent=4124"}],"curies":[{"name":"wp","href":"https:\/\/api.w.org\/{rel}","templated":true}]}}