{"id":4345,"date":"2025-03-10T09:02:20","date_gmt":"2025-03-10T09:02:20","guid":{"rendered":"https:\/\/hotelgiotto.com\/piazza-della-frutta\/"},"modified":"2025-03-10T09:14:42","modified_gmt":"2025-03-10T09:14:42","slug":"piazza-della-frutta","status":"publish","type":"page","link":"https:\/\/hotelgiotto.com\/fr\/piazza-della-frutta\/","title":{"rendered":"Piazza della Frutta: Le March\u00e9 Historique au C\u0153ur de Padoue"},"content":{"rendered":"\n<p>La <strong>Piazza della Frutta<\/strong> est l\u2019une des places les plus anciennes et authentiques de <strong>Padoue<\/strong>, un lieu qui, depuis des si\u00e8cles, est au centre de la vie commerciale de la ville. Situ\u00e9e \u00e0 c\u00f4t\u00e9 du <strong>Palais de la Raison<\/strong> et \u00e0 quelques pas de <strong><a href=\"https:\/\/hotelgiotto.com\/fr\/piazza-delle-erbe\/\" data-type=\"link\" data-id=\"https:\/\/hotelgiotto.com\/fr\/piazza-delle-erbe\/\">Piazza delle Erbe<\/a><\/strong>, elle est c\u00e9l\u00e8bre pour son <strong>march\u00e9 quotidien<\/strong>, qui remplit la ville de couleurs, de parfums et de traditions locales.<\/p>\n\n\n\n<h3 class=\"wp-block-heading\"><strong>Une Atmosph\u00e8re Unique entre Histoire et Commerce<\/strong><\/h3>\n\n\n\n<p>Depuis le <strong>XIIIe si\u00e8cle<\/strong>, la Piazza della Frutta est l\u2019un des principaux centres commerciaux de Padoue, o\u00f9 marchands et commer\u00e7ants vendaient <strong>\u00e9pices, tissus et produits alimentaires<\/strong>. Aujourd\u2019hui encore, chaque matin, la place s\u2019anime avec <strong>des \u00e9tals proposant des fruits frais, des l\u00e9gumes, des fleurs et des sp\u00e9cialit\u00e9s locales<\/strong>, offrant aux visiteurs une exp\u00e9rience authentique.<\/p>\n\n\n\n<p>Les points forts de la place :<\/p>\n\n\n\n<ul class=\"wp-block-list\">\n<li><strong>Le Palais de la Raison<\/strong>, qui domine la place avec son magnifique <strong>salon aux fresques<\/strong> et sa loggia pittoresque.<\/li>\n\n\n\n<li><strong>Les arcades historiques et ses boutiques<\/strong>, o\u00f9 vous pouvez trouver des sp\u00e9cialit\u00e9s locales et des produits artisanaux.<\/li>\n\n\n\n<li><strong>Le march\u00e9 anim\u00e9<\/strong>, qui fait de la place un point de rencontre incontournable pour les habitants et les visiteurs.<\/li>\n<\/ul>\n\n\n\n<h3 class=\"wp-block-heading\"><strong>Piazza della Frutta : Une \u00c9tape Incontournable \u00e0 Padoue<\/strong><\/h3>\n\n\n\n<p>Fl\u00e2ner parmi les \u00e9tals de <strong>Piazza della Frutta<\/strong>, c\u2019est s\u2019immerger dans <strong>la vie quotidienne padouane<\/strong>, en profitant de saveurs authentiques et d\u2019une ambiance vivante et chaleureuse. Le soir, la place devient un cadre enchanteur, id\u00e9al pour savourer un <strong>ap\u00e9ritif<\/strong> dans l\u2019un des nombreux caf\u00e9s et bars.<\/p>\n\n\n\n<h3 class=\"wp-block-heading\"><strong>S\u00e9journez \u00e0 l\u2019H\u00f4tel Giotto et D\u00e9couvrez Piazza della Frutta<\/strong><\/h3>\n\n\n\n<p>Situ\u00e9 \u00e0 quelques minutes de <strong>Piazza della Frutta<\/strong>, <strong>l\u2019H\u00f4tel Giotto<\/strong> est le point de d\u00e9part id\u00e9al pour explorer le centre historique et ses merveilles. Apr\u00e8s une journ\u00e9e entre march\u00e9s et monuments, d\u00e9tendez-vous dans nos chambres confortables et profitez de l\u2019accueil unique de Padoue.<\/p>\n\n\n\n<p><strong>D\u00e9couvrez la Piazza della Frutta et laissez-vous s\u00e9duire par son histoire et son atmosph\u00e8re anim\u00e9e!<\/strong><\/p>\n\n\n\n<p><\/p>\n","protected":false},"excerpt":{"rendered":"<p>La Piazza della Frutta est l\u2019une des places les plus anciennes et authentiques de Padoue, un lieu qui, depuis des si\u00e8cles, est au centre de la vie commerciale de la ville. Situ\u00e9e \u00e0 c\u00f4t\u00e9 du Palais de la Raison et \u00e0 quelques pas de Piazza delle Erbe, elle est c\u00e9l\u00e8bre pour son march\u00e9 quotidien, qui [&hellip;]<\/p>\n","protected":false},"author":1,"featured_media":4355,"parent":0,"menu_order":0,"comment_status":"closed","ping_status":"closed","template":"","meta":{"_acf_changed":false,"footnotes":""},"class_list":["post-4345","page","type-page","status-publish","has-post-thumbnail","hentry"],"acf":[],"_links":{"self":[{"href":"https:\/\/hotelgiotto.com\/fr\/wp-json\/wp\/v2\/pages\/4345","targetHints":{"allow":["GET"]}}],"collection":[{"href":"https:\/\/hotelgiotto.com\/fr\/wp-json\/wp\/v2\/pages"}],"about":[{"href":"https:\/\/hotelgiotto.com\/fr\/wp-json\/wp\/v2\/types\/page"}],"author":[{"embeddable":true,"href":"https:\/\/hotelgiotto.com\/fr\/wp-json\/wp\/v2\/users\/1"}],"replies":[{"embeddable":true,"href":"https:\/\/hotelgiotto.com\/fr\/wp-json\/wp\/v2\/comments?post=4345"}],"version-history":[{"count":4,"href":"https:\/\/hotelgiotto.com\/fr\/wp-json\/wp\/v2\/pages\/4345\/revisions"}],"predecessor-version":[{"id":4364,"href":"https:\/\/hotelgiotto.com\/fr\/wp-json\/wp\/v2\/pages\/4345\/revisions\/4364"}],"wp:featuredmedia":[{"embeddable":true,"href":"https:\/\/hotelgiotto.com\/fr\/wp-json\/wp\/v2\/media\/4355"}],"wp:attachment":[{"href":"https:\/\/hotelgiotto.com\/fr\/wp-json\/wp\/v2\/media?parent=4345"}],"curies":[{"name":"wp","href":"https:\/\/api.w.org\/{rel}","templated":true}]}}